{"id":155,"date":"2020-03-16T09:00:48","date_gmt":"2020-03-16T09:00:48","guid":{"rendered":"https:\/\/demo.creativethemes.com\/blocksy\/modern-shop\/?post_type=product&#038;p=155"},"modified":"2024-04-11T16:43:03","modified_gmt":"2024-04-11T16:43:03","slug":"2-mmc-kaufen","status":"publish","type":"product","link":"https:\/\/rc-chemlab.net\/pl\/product\/2-mmc-kaufen\/","title":{"rendered":"2-MMC"},"content":{"rendered":"<h1>Kup 2-MMC<\/h1>\n<h2><strong>Co to jest 2-MMC?<\/strong><\/h2>\n<p>2-MMC jest badan\u0105 substancj\u0105 chemiczn\u0105, kt\u00f3ra podobnie jak MDPHP, <a href=\"https:\/\/rc-chemlab.net\/pl\/product\/3-cmc-kaufen-deutschland\/\">3-CMC<\/a> a 5-MMPA (mefedren) jest klasyfikowany jako katynon.<\/p>\n<p>Narkotyk zosta\u0142 po raz pierwszy zg\u0142oszony w Szwecji w 2014 roku i od tego czasu pojawi\u0142 si\u0119 w innych krajach europejskich. Lek ma kilka efekt\u00f3w, kt\u00f3re s\u0105 bardzo podobne do efekt\u00f3w mefedronu. 2-MMC ma potencja\u0142, aby sta\u0107 si\u0119 bardzo wa\u017cnym sk\u0142adnikiem do produkcji <a href=\"https:\/\/en.wikipedia.org\/wiki\/4-Methylcathinone#:~:text=4%2DMethylcathinone%20(also%20known%20as,mephedrone%20(4%2Dmethylmethcathinone).\">4-Metylo-MC<\/a> by\u0107.<\/p>\n<p>Skutki toksykologiczne tej substancji chemicznej nie zosta\u0142y jeszcze w pe\u0142ni zbadane, dlatego powinna by\u0107 ona stosowana wy\u0142\u0105cznie do cel\u00f3w badawczych.<\/p>\n<h2><strong>Zastrze\u017cenie<\/strong><\/h2>\n<p>Sprzedajemy 2-MMC wy\u0142\u0105cznie do cel\u00f3w badawczych. Produkt ten nie powinien by\u0107 stosowany u ludzi ani zwierz\u0105t. Zdecydowanie zalecamy r\u00f3wnie\u017c naszym klientom podj\u0119cie odpowiednich \u015brodk\u00f3w ochronnych podczas obchodzenia si\u0119 z t\u0105 substancj\u0105 chemiczn\u0105, takich jak stosowanie masek, r\u0119kawic i innego sprz\u0119tu ochronnego.<\/p>\n<h2><strong>Czy 2-MMC jest legalne?<\/strong><\/h2>\n<p>W kwestii legalno\u015bci zdecydowanie zalecamy naszym klientom sprawdzenie u odpowiednich w\u0142adz legalno\u015bci 2-MMC w ich kraju zamieszkania lub dostawy. Na\u0142o\u017cyli\u015bmy surowe ograniczenia, aby unikn\u0105\u0107 jakichkolwiek komplikacji prawnych dla naszych klient\u00f3w. Jednak ze wzgl\u0119du na zmieniaj\u0105ce si\u0119 przepisy w r\u00f3\u017cnych regionach, nie ponosimy \u017cadnej odpowiedzialno\u015bci za jakiekolwiek konsekwencje prawne, kt\u00f3re mog\u0105 si\u0119 pojawi\u0107. Ostatecznie to nasi klienci ponosz\u0105 wy\u0142\u0105czn\u0105 odpowiedzialno\u015b\u0107 za upewnienie si\u0119, \u017ce nie naruszaj\u0105 \u017cadnych przepis\u00f3w przy zakupie tej substancji chemicznej.<\/p>\n<h2><strong>Gdzie mog\u0119 kupi\u0107 2-MMC?<\/strong><\/h2>\n<p>W Chemical Planet jeste\u015bmy dumni z tego, \u017ce jeste\u015bmy jednym z najlepszych dostawc\u00f3w wysokiej jako\u015bci chemikali\u00f3w badawczych w UE. 2-MMC jest dost\u0119pny w postaci krystalicznej i jest sprzedawany wy\u0142\u0105cznie do u\u017cytku badawczego. Nie jest sprzedawany do u\u017cytku na ludziach lub zwierz\u0119tach. Tylko osoby w wieku powy\u017cej 18 lat mog\u0105 zakupi\u0107 ten produkt od nas. Wi\u0119cej informacji <a href=\"https:\/\/rc-chemlab.net\/pl\/kontakt\/\">prosimy o kontakt<\/a> prosz\u0119 <a href=\"https:\/\/rc-chemlab.net\/pl\/kontakt\/\">do nas<\/a>.<\/p>","protected":false},"excerpt":{"rendered":"<p>2-MMC Kaufen Was ist 2-MMC? 2-MMC ist eine Forschungschemikalie, die wie MDPHP, 3-CMC und 5-MMPA (Mephedren) als Cathinon kategorisiert wird.<\/p>","protected":false},"featured_media":10254,"comment_status":"open","ping_status":"closed","template":"","meta":{"_seopress_robots_primary_cat":"none","_seopress_titles_title":"2-MMC Kaufen %%sep%% %%sitetitle%%","_seopress_titles_desc":"2-MMC ist eine Forschungschemikalie, die wie MDPHP, 3-CMC und 5-MMPA (Mephedren) als Cathinon kategorisiert wird.","_seopress_robots_index":""},"product_brand":[],"product_cat":[140],"product_tag":[],"class_list":{"0":"post-155","1":"product","2":"type-product","3":"status-publish","4":"has-post-thumbnail","6":"product_cat-forschungschemikalien","8":"first","9":"instock","10":"featured","11":"taxable","12":"shipping-taxable","13":"purchasable","14":"product-type-variable"},"_links":{"self":[{"href":"https:\/\/rc-chemlab.net\/pl\/wp-json\/wp\/v2\/product\/155","targetHints":{"allow":["GET"]}}],"collection":[{"href":"https:\/\/rc-chemlab.net\/pl\/wp-json\/wp\/v2\/product"}],"about":[{"href":"https:\/\/rc-chemlab.net\/pl\/wp-json\/wp\/v2\/types\/product"}],"replies":[{"embeddable":true,"href":"https:\/\/rc-chemlab.net\/pl\/wp-json\/wp\/v2\/comments?post=155"}],"version-history":[{"count":2,"href":"https:\/\/rc-chemlab.net\/pl\/wp-json\/wp\/v2\/product\/155\/revisions"}],"predecessor-version":[{"id":10256,"href":"https:\/\/rc-chemlab.net\/pl\/wp-json\/wp\/v2\/product\/155\/revisions\/10256"}],"wp:featuredmedia":[{"embeddable":true,"href":"https:\/\/rc-chemlab.net\/pl\/wp-json\/wp\/v2\/media\/10254"}],"wp:attachment":[{"href":"https:\/\/rc-chemlab.net\/pl\/wp-json\/wp\/v2\/media?parent=155"}],"wp:term":[{"taxonomy":"product_brand","embeddable":true,"href":"https:\/\/rc-chemlab.net\/pl\/wp-json\/wp\/v2\/product_brand?post=155"},{"taxonomy":"product_cat","embeddable":true,"href":"https:\/\/rc-chemlab.net\/pl\/wp-json\/wp\/v2\/product_cat?post=155"},{"taxonomy":"product_tag","embeddable":true,"href":"https:\/\/rc-chemlab.net\/pl\/wp-json\/wp\/v2\/product_tag?post=155"}],"curies":[{"name":"wp","href":"https:\/\/api.w.org\/{rel}","templated":true}]}}