{"id":1375,"date":"2023-06-08T03:07:20","date_gmt":"2023-06-08T03:07:20","guid":{"rendered":"https:\/\/rc-chemlab.net\/?post_type=product&#038;p=1375"},"modified":"2024-04-16T02:02:41","modified_gmt":"2024-04-16T02:02:41","slug":"o-dsmt-kaufen","status":"publish","type":"product","link":"https:\/\/rc-chemlab.net\/pl\/product\/o-dsmt-kaufen\/","title":{"rendered":"O-DSMT"},"content":{"rendered":"<h1><span class=\"___SText_mzmpq-ko_\" data-ui-name=\"Link.Text\">Kup O-DSMT<\/span><\/h1>\n<p>O-desmetylotramadol (znany r\u00f3wnie\u017c jako O-DSMT i <a href=\"https:\/\/en.wikipedia.org\/wiki\/Desmetramadol\">Desmetramadol<\/a>) jest aktywnym metabolitem tramadolu i powinien by\u0107 stosowany wy\u0142\u0105cznie do cel\u00f3w badawczych.<\/p>\n<h2>Efekty O-DSMT<\/h2>\n<ul>\n<li>euforyczny<\/li>\n<li>Koj\u0105cy<\/li>\n<li>narkotyzowanie si\u0119<\/li>\n<\/ul>\n<h2>Czas trwania dzia\u0142ania i dawkowanie O-DSMT<\/h2>\n<p>Istnieje tylko kilka wiarygodnych ustale\u0144 dotycz\u0105cych przyjmowania O-DSMT. Dost\u0119pne raporty wskazuj\u0105, \u017ce czas dzia\u0142ania wynosi od 3 do 4 godzin. Przebudzenie mo\u017ce czasami trwa\u0107 godzin\u0119. Nale\u017cy wi\u0119c uwa\u017ca\u0107 z dawkowaniem!<\/p>\n<p>UWAGA: O-DSMT jest bardzo siln\u0105 substancj\u0105, nie nale\u017cy jej \u0142\u0105czy\u0107 z benzodiazepinami, lekami przeciwdepresyjnymi i alkoholem!<\/p>\n<h2>Ostrze\u017cenia o zagro\u017ceniach dla O-DSMT:<\/h2>\n<p>Mo\u017ce powodowa\u0107 podra\u017cnienie dr\u00f3g oddechowych i oczu. Nigdy nie usuwa\u0107 RC do \u015brodowiska.<br \/>\nZalecenia dotycz\u0105ce bezpiecze\u0144stwa O-DSMT:<\/p>\n<p>W przypadku kontaktu z oczami: Dok\u0142adnie p\u0142uka\u0107 wod\u0105 przez co najmniej 10 do 15 minut, w razie potrzeby zdj\u0105\u0107 soczewki kontaktowe. W przypadku kontaktu ze sk\u00f3r\u0105: Sp\u0142uka\u0107 wod\u0105, w miar\u0119 mo\u017cliwo\u015bci r\u00f3wnie\u017c myd\u0142em. W przypadku wdychania: Dostarczy\u0107 \u015bwie\u017ce powietrze i przyj\u0105\u0107 pozycj\u0119 u\u0142atwiaj\u0105c\u0105 oddychanie.<\/p>\n<p>Nie dopuszcza\u0107 do kontaktu ze \u017ar\u00f3d\u0142ami ciep\u0142a. Przechowywa\u0107 w suchym miejscu, w temperaturze pokojowej, w szczelnie zamkni\u0119tym opakowaniu, w miejscu niedost\u0119pnym dla dzieci. Dobra stabilno\u015b\u0107 bibu\u0142ek w powy\u017cszych warunkach mo\u017ce trwa\u0107 do 2 lat. W celu uzyskania dalszych informacji prosimy o kontakt <a href=\"https:\/\/rc-chemlab.net\/pl\/kontakt\/\">Kontakt z nami<\/a> na.<\/p>","protected":false},"excerpt":{"rendered":"<p>O-DSMT kaufen O-Desmethyltramadol (auch bekannt als O-DSMT und Desmetramadol) ist ein aktiver Metabolit von Tramadol und sollte nur zu Forschungszwecken<\/p>","protected":false},"featured_media":10347,"comment_status":"open","ping_status":"closed","template":"","meta":{"_seopress_robots_primary_cat":"none","_seopress_titles_title":"O-DSMT kaufen %%sep%% %%sitetitle%%","_seopress_titles_desc":"O-DSMT kaufen - O-Desmethyltramadol (auch bekannt als O-DSMT und Desmetramadol) ist ein aktiver Metabolit von Tramadol und sollte nur zu Forschungszwecken verwendet werden.","_seopress_robots_index":""},"product_brand":[],"product_cat":[140],"product_tag":[],"class_list":{"0":"post-1375","1":"product","2":"type-product","3":"status-publish","4":"has-post-thumbnail","6":"product_cat-forschungschemikalien","8":"first","9":"instock","10":"taxable","11":"shipping-taxable","12":"purchasable","13":"product-type-variable"},"_links":{"self":[{"href":"https:\/\/rc-chemlab.net\/pl\/wp-json\/wp\/v2\/product\/1375","targetHints":{"allow":["GET"]}}],"collection":[{"href":"https:\/\/rc-chemlab.net\/pl\/wp-json\/wp\/v2\/product"}],"about":[{"href":"https:\/\/rc-chemlab.net\/pl\/wp-json\/wp\/v2\/types\/product"}],"replies":[{"embeddable":true,"href":"https:\/\/rc-chemlab.net\/pl\/wp-json\/wp\/v2\/comments?post=1375"}],"version-history":[{"count":1,"href":"https:\/\/rc-chemlab.net\/pl\/wp-json\/wp\/v2\/product\/1375\/revisions"}],"predecessor-version":[{"id":10348,"href":"https:\/\/rc-chemlab.net\/pl\/wp-json\/wp\/v2\/product\/1375\/revisions\/10348"}],"wp:featuredmedia":[{"embeddable":true,"href":"https:\/\/rc-chemlab.net\/pl\/wp-json\/wp\/v2\/media\/10347"}],"wp:attachment":[{"href":"https:\/\/rc-chemlab.net\/pl\/wp-json\/wp\/v2\/media?parent=1375"}],"wp:term":[{"taxonomy":"product_brand","embeddable":true,"href":"https:\/\/rc-chemlab.net\/pl\/wp-json\/wp\/v2\/product_brand?post=1375"},{"taxonomy":"product_cat","embeddable":true,"href":"https:\/\/rc-chemlab.net\/pl\/wp-json\/wp\/v2\/product_cat?post=1375"},{"taxonomy":"product_tag","embeddable":true,"href":"https:\/\/rc-chemlab.net\/pl\/wp-json\/wp\/v2\/product_tag?post=1375"}],"curies":[{"name":"wp","href":"https:\/\/api.w.org\/{rel}","templated":true}]}}