{"id":1348,"date":"2023-06-08T02:32:49","date_gmt":"2023-06-08T02:32:49","guid":{"rendered":"https:\/\/rc-chemlab.net\/?post_type=product&#038;p=1348"},"modified":"2024-04-16T01:56:02","modified_gmt":"2024-04-16T01:56:02","slug":"alpha-php-bestellen","status":"publish","type":"product","link":"https:\/\/rc-chemlab.net\/pl\/product\/alpha-php-bestellen\/","title":{"rendered":"Alpha-PHP"},"content":{"rendered":"<h1><span class=\"___SText_mzmpq-ko_\" data-ui-name=\"Link.Text\">Order Alpha PHP<\/span><\/h1>\n<p>Sk\u0142adniki aktywne w a-PHP Zawiera 1000 mg co najmniej 99 % czystego a-PHP (czysty proszek) na jednostk\u0119 zam\u00f3wienia.<\/p>\n<p><a href=\"https:\/\/en.wikipedia.org\/wiki\/Alpha-Pyrrolidinohexiophenone\">alfa-pirolidynoheksiofenon<\/a> lub \u03b1-PHP \/ alfa-PHP \/ a-PHP jest g\u00f3rn\u0105, zsyntetyzowan\u0105 po raz pierwszy w latach 60-tych, kt\u00f3ra nale\u017cy do katynon\u00f3w i jest bardzo blisko spokrewniona z alfa-PVP (a-PVP, \u03b1-PVP) i pirovaleronem. a-PHP nale\u017cy nie tylko do katynon\u00f3w, ale tak\u017ce do pirovaleron\u00f3w.<\/p>\n<p>W\u015br\u00f3d konsument\u00f3w a-PHP jest uwa\u017cany za jeden z najsilniejszych analog\u00f3w pirovaleronu, por\u00f3wnywalny z a-PVP lub MDPV.<\/p>\n<h2>Dawkowanie a-PHP<\/h2>\n<p>Nie ma zalecanej dawki, poniewa\u017c a-PHP nie jest przeznaczony do spo\u017cycia przez ludzi, ale jest sprzedawany wy\u0142\u0105cznie do cel\u00f3w bada\u0144 naukowych.<\/p>\n<h2>Efekty a-PHP:<\/h2>\n<p>Efekty kliniczne wi\u0119kszo\u015bci nowych dopalaczy, takich jak a-PHP, mo\u017cna opisa\u0107 jako halucynogenne, pobudzaj\u0105ce lub podobne do opioid\u00f3w. Zast\u0119puj\u0105c \u0142a\u0144cuchy boczne narkotykami, cz\u0119sto uzyskuje si\u0119 kombinacj\u0119 tych efekt\u00f3w. Odpowiednie raporty z do\u015bwiadcze\u0144 z a-PHP mo\u017cna znale\u017a\u0107 na odpowiednich forach i w wyszukiwarkach.<\/p>\n<h2>Skutki uboczne a-PHP<\/h2>\n<p>Podobnie jak w przypadku innych dopalaczy, spo\u017cycie a-PHP mo\u017ce prowadzi\u0107 do powa\u017cnych skutk\u00f3w ubocznych; substancja ta nie zosta\u0142a przetestowana klinicznie ani zatwierdzona jako produkt do spo\u017cycia przez ludzi! a-PHP nie jest zatem zalecany do spo\u017cycia przez ludzi, a jedynie do bada\u0144 naukowych i test\u00f3w!<\/p>\n<h2>Przechowywanie i okres trwa\u0142o\u015bci a-PHP<\/h2>\n<p>Zawsze przechowuj a-PHP w temperaturze poni\u017cej 30 stopni Celsjusza i w oryginalnym opakowaniu. Chroni\u0107 przed bezpo\u015brednim dzia\u0142aniem promieni s\u0142onecznych i wilgoci. Okres trwa\u0142o\u015bci sk\u0142adnika aktywnego wynosi co najmniej 1 rok, je\u015bli jest prawid\u0142owo przechowywany. W celu uzyskania dalszych informacji prosimy o kontakt <a href=\"https:\/\/rc-chemlab.net\/pl\/kontakt\/\">Kontakt z nami<\/a> na.<\/p>","protected":false},"excerpt":{"rendered":"<p>Alpha PHP Bestellen Wirkstoffe in a-PHP Enth\u00e4lt 1000 mg mindestens 99 % reines a-PHP (Pulver rein) pro Bestelleinheit. alpha-Pyrrolidinohexiophenon oder<\/p>","protected":false},"featured_media":10336,"comment_status":"open","ping_status":"closed","template":"","meta":{"_seopress_robots_primary_cat":"none","_seopress_titles_title":"Alpha PHP Bestellen %%sep%% %%sitetitle%%","_seopress_titles_desc":"Alpha PHP Bestellen - Wirkstoffe in a-PHP Enth\u00e4lt 1000 mg mindestens 99 % reines a-PHP (Pulver rein) pro Bestelleinheit.","_seopress_robots_index":""},"product_brand":[],"product_cat":[140],"product_tag":[],"class_list":{"0":"post-1348","1":"product","2":"type-product","3":"status-publish","4":"has-post-thumbnail","6":"product_cat-forschungschemikalien","8":"first","9":"instock","10":"taxable","11":"shipping-taxable","12":"purchasable","13":"product-type-variable"},"_links":{"self":[{"href":"https:\/\/rc-chemlab.net\/pl\/wp-json\/wp\/v2\/product\/1348","targetHints":{"allow":["GET"]}}],"collection":[{"href":"https:\/\/rc-chemlab.net\/pl\/wp-json\/wp\/v2\/product"}],"about":[{"href":"https:\/\/rc-chemlab.net\/pl\/wp-json\/wp\/v2\/types\/product"}],"replies":[{"embeddable":true,"href":"https:\/\/rc-chemlab.net\/pl\/wp-json\/wp\/v2\/comments?post=1348"}],"version-history":[{"count":1,"href":"https:\/\/rc-chemlab.net\/pl\/wp-json\/wp\/v2\/product\/1348\/revisions"}],"predecessor-version":[{"id":10337,"href":"https:\/\/rc-chemlab.net\/pl\/wp-json\/wp\/v2\/product\/1348\/revisions\/10337"}],"wp:featuredmedia":[{"embeddable":true,"href":"https:\/\/rc-chemlab.net\/pl\/wp-json\/wp\/v2\/media\/10336"}],"wp:attachment":[{"href":"https:\/\/rc-chemlab.net\/pl\/wp-json\/wp\/v2\/media?parent=1348"}],"wp:term":[{"taxonomy":"product_brand","embeddable":true,"href":"https:\/\/rc-chemlab.net\/pl\/wp-json\/wp\/v2\/product_brand?post=1348"},{"taxonomy":"product_cat","embeddable":true,"href":"https:\/\/rc-chemlab.net\/pl\/wp-json\/wp\/v2\/product_cat?post=1348"},{"taxonomy":"product_tag","embeddable":true,"href":"https:\/\/rc-chemlab.net\/pl\/wp-json\/wp\/v2\/product_tag?post=1348"}],"curies":[{"name":"wp","href":"https:\/\/api.w.org\/{rel}","templated":true}]}}