{"id":1340,"date":"2023-06-07T03:47:53","date_gmt":"2023-06-07T03:47:53","guid":{"rendered":"https:\/\/rc-chemlab.net\/?post_type=product&#038;p=1340"},"modified":"2024-04-16T01:49:53","modified_gmt":"2024-04-16T01:49:53","slug":"a-pihp","status":"publish","type":"product","link":"https:\/\/rc-chemlab.net\/pl\/product\/a-pihp\/","title":{"rendered":"A PiHP"},"content":{"rendered":"<h1>A PiHP<\/h1>\n<p>\u03b1-PHiP, powszechnie okre\u015blany r\u00f3wnie\u017c jako <a href=\"https:\/\/en.wikipedia.org\/wiki\/%CE%91-PHiP\">Alpha-PHiP<\/a> jest zwi\u0105zkiem z klasy katynon\u00f3w i strukturalnym izomerem macierzystego zwi\u0105zku pirowaleronu, kt\u00f3ry by\u0142 szeroko przepisywany w ostatnich dziesi\u0119cioleciach w leczeniu letargu, senno\u015bci i chronicznego zm\u0119czenia.<\/p>\n<p>Jest r\u00f3wnie\u017c bardzo podobny do innych, bardziej znanych zwi\u0105zk\u00f3w A-PHP i MDPV, substancji, kt\u00f3re po spo\u017cyciu wywo\u0142uj\u0105 uczucie euforii.<\/p>\n<p>Chocia\u017c \u03b1-PHiP ma struktur\u0119 podobn\u0105 do zwi\u0105zk\u00f3w, kt\u00f3re zosta\u0142y przetestowane i zatwierdzone do spo\u017cycia przez ludzi, \u03b1-PHiP jest przeznaczony wy\u0142\u0105cznie do cel\u00f3w badawczych i nie jest przeznaczony do spo\u017cycia przez ludzi.<\/p>\n<h2>W\u0142a\u015bciwo\u015bci chemiczne \u03b1-PHiP<\/h2>\n<ul>\n<li>Wz\u00f3r chemiczny: C23H27N3O2<\/li>\n<li>Pe\u0142na nazwa: 4-metylo-1-fenylo-2- (pirolidyn-1-ylo) pentan-1-on<\/li>\n<li>Masa cz\u0105steczkowa: g \/ mol<\/li>\n<li>Czysto\u015b\u0107:&gt; 98%<\/li>\n<\/ul>\n<p>Jak wspomniano powy\u017cej, A PiHP jest zwi\u0105zkiem nale\u017c\u0105cym do klasy katynon\u00f3w i dzieli w\u0142a\u015bciwo\u015bci chemiczne z lepiej zbadanym pirovaleronem - jedyn\u0105 r\u00f3\u017cnic\u0105 jest przesuni\u0119cie grupy metylowej z 4-pozycji pier\u015bcienia aromatycznego do 4-pozycji \u0142a\u0144cucha acylowego. Podobnie jak w przypadku pirovaleronu, \u03b1-PHiP mo\u017ce wywo\u0142ywa\u0107 eufori\u0119, zwi\u0119kszon\u0105 energi\u0119 i lepsze skupienie po spo\u017cyciu, chocia\u017c nie przeprowadzono \u017cadnych bada\u0144, aby to potwierdzi\u0107.<\/p>\n<p>Podobnie jak w przypadku wszystkich psychoaktywnych katynon\u00f3w, zak\u0142ada si\u0119, \u017ce \u03b1-PHiP zwi\u0119ksza uwalnianie dopaminy i hamuje wychwyt zwrotny adrenaliny, noradrenaliny i serotoniny w o\u015brodkowym uk\u0142adzie nerwowym.<\/p>\n<p>Warto zauwa\u017cy\u0107, \u017ce wszystkie katynony oparte s\u0105 na psychoaktywnych zwi\u0105zkach ro\u015bliny khat (Catha edulis), kt\u00f3rej li\u015bcie wywo\u0142uj\u0105 efekt stymuluj\u0105cy u os\u00f3b, kt\u00f3re je \u017cuj\u0105. Khat jest spo\u017cywany w ten spos\u00f3b w wielu krajach afryka\u0144skich od setek lat. Wszystkie zwi\u0105zki chemiczne z rodziny katynon\u00f3w pochodz\u0105 z tej ro\u015bliny.<\/p>\n<blockquote><p><strong>UWAGA:\u00a0<\/strong>\u00a0W przeciwie\u0144stwie do khatu lub pirovaleronu, \u03b1-PHiP nie by\u0142 u\u017cywany przez ludzi i mo\u017ce by\u0107 u\u017cywany wy\u0142\u0105cznie do cel\u00f3w badawczych, a nie do spo\u017cycia przez ludzi.<\/p><\/blockquote>\n<h2><strong>Gdzie kupi\u0107?<\/strong><\/h2>\n<p>W\u00a0<span data-contrast=\"none\">nasza dzia\u0142alno\u015b\u0107 chemiczna<\/span>\u00a0jako zaufane \u017ar\u00f3d\u0142o N1, oferujemy wysokiej jako\u015bci \u03b1-PHiP w jako\u015bci laboratoryjnej w postaci soli w proszku.\u00a0<span data-contrast=\"none\">Nasza dzia\u0142alno\u015b\u0107 chemiczna<\/span>\u00a0jest pierwszym wyborem dla tych, kt\u00f3rzy chc\u0105 kupi\u0107 chemikalia badawcze. Nale\u017cy pami\u0119ta\u0107, \u017ce musisz mie\u0107 co najmniej 18 lat, aby kupi\u0107 \u03b1-PHiP w\u00a0<span data-contrast=\"none\">nasza dzia\u0142alno\u015b\u0107 chemiczna<\/span> do kupienia . Wszystkie sprzedawane chemikalia badawcze s\u0105 przeznaczone do bada\u0144 laboratoryjnych i eksperyment\u00f3w i nie s\u0105 przeznaczone do spo\u017cycia przez ludzi. W celu uzyskania dalszych informacji prosimy o kontakt <a href=\"https:\/\/rc-chemlab.net\/pl\/kontakt\/\">Kontakt z nami<\/a> na.<\/p>","protected":false},"excerpt":{"rendered":"<p>A PiHP \u03b1-PHiP, auch allgemein als Alpha-PHiP bezeichnet, ist eine Verbindung der Cathinon-Klasse und ein Strukturisomer der Ausgangsverbindung Pyrovaleron, die<\/p>","protected":false},"featured_media":10330,"comment_status":"open","ping_status":"closed","template":"","meta":{"_seopress_robots_primary_cat":"none","_seopress_titles_title":"A PiHP %%sep%% %%sitetitle%%","_seopress_titles_desc":"\u03b1-PHiP, auch allgemein als Alpha-PHiP bezeichnet, ist eine Verbindung der Cathinon-Klasse - \u03b1-PHiP, auch allgemein als Alpha-PHiP bezeichnet, ist eine Verbindung der Cathinon-Klasse","_seopress_robots_index":""},"product_brand":[],"product_cat":[140],"product_tag":[],"class_list":{"0":"post-1340","1":"product","2":"type-product","3":"status-publish","4":"has-post-thumbnail","6":"product_cat-forschungschemikalien","8":"first","9":"instock","10":"taxable","11":"shipping-taxable","12":"purchasable","13":"product-type-variable"},"_links":{"self":[{"href":"https:\/\/rc-chemlab.net\/pl\/wp-json\/wp\/v2\/product\/1340","targetHints":{"allow":["GET"]}}],"collection":[{"href":"https:\/\/rc-chemlab.net\/pl\/wp-json\/wp\/v2\/product"}],"about":[{"href":"https:\/\/rc-chemlab.net\/pl\/wp-json\/wp\/v2\/types\/product"}],"replies":[{"embeddable":true,"href":"https:\/\/rc-chemlab.net\/pl\/wp-json\/wp\/v2\/comments?post=1340"}],"version-history":[{"count":1,"href":"https:\/\/rc-chemlab.net\/pl\/wp-json\/wp\/v2\/product\/1340\/revisions"}],"predecessor-version":[{"id":10331,"href":"https:\/\/rc-chemlab.net\/pl\/wp-json\/wp\/v2\/product\/1340\/revisions\/10331"}],"wp:featuredmedia":[{"embeddable":true,"href":"https:\/\/rc-chemlab.net\/pl\/wp-json\/wp\/v2\/media\/10330"}],"wp:attachment":[{"href":"https:\/\/rc-chemlab.net\/pl\/wp-json\/wp\/v2\/media?parent=1340"}],"wp:term":[{"taxonomy":"product_brand","embeddable":true,"href":"https:\/\/rc-chemlab.net\/pl\/wp-json\/wp\/v2\/product_brand?post=1340"},{"taxonomy":"product_cat","embeddable":true,"href":"https:\/\/rc-chemlab.net\/pl\/wp-json\/wp\/v2\/product_cat?post=1340"},{"taxonomy":"product_tag","embeddable":true,"href":"https:\/\/rc-chemlab.net\/pl\/wp-json\/wp\/v2\/product_tag?post=1340"}],"curies":[{"name":"wp","href":"https:\/\/api.w.org\/{rel}","templated":true}]}}