{"id":1332,"date":"2023-06-05T23:53:41","date_gmt":"2023-06-05T23:53:41","guid":{"rendered":"https:\/\/rc-chemlab.net\/?post_type=product&#038;p=1332"},"modified":"2024-04-16T01:38:04","modified_gmt":"2024-04-16T01:38:04","slug":"4-fma-kaufen","status":"publish","type":"product","link":"https:\/\/rc-chemlab.net\/pl\/product\/4-fma-kaufen\/","title":{"rendered":"4-FMA"},"content":{"rendered":"<h1>Kup 4-FMA<\/h1>\n<p>Chcesz kupi\u0107 4-FMA? Wszystkie produkty od Rc-<a href=\"\/pl\/\">Chemlab<\/a> s\u0105 testowane laboratoryjnie i charakteryzuj\u0105 si\u0119 najwy\u017csz\u0105 jako\u015bci\u0105. Zam\u00f3wienia s\u0105 dyskretnie pakowane i wysy\u0142ane w ci\u0105gu 24 godzin. Mo\u017cesz r\u00f3wnie\u017c bezpiecznie i szybko p\u0142aci\u0107 kryptowalutami! Zam\u00f3wienia s\u0105 dyskretnie pakowane i wysy\u0142ane w ci\u0105gu 24 godzin.<\/p>\n<h2>Co to jest 4-FMA?<\/h2>\n<p>4-FMA to klasa substancji chemicznych blisko spokrewnionych z amfetamin\u0105. Jest to zwi\u0105zek fluorowy, co oznacza, \u017ce atom fluoru zosta\u0142 dodany do cz\u0105steczki w celu zmiany jej w\u0142a\u015bciwo\u015bci. 4-FMA sk\u0142ada si\u0119 z grupy fenylowej przy\u0142\u0105czonej do cz\u0105steczki amfetaminy. <a href=\"https:\/\/xtcdrogenhaus.com\/Produkt-Kategorie\/amphetamine-kaufen\/\">Amfetamina<\/a> to substancja wp\u0142ywaj\u0105ca na m\u00f3zg i uk\u0142ad nerwowy. Zwi\u0119ksza uwalnianie niekt\u00f3rych substancji chemicznych w m\u00f3zgu, takich jak dopamina i noradrenalina, co mo\u017ce prowadzi\u0107 do uczucia euforii, zwi\u0119kszonej czujno\u015bci i energii.<\/p>\n<h2>Gdzie mog\u0119 kupi\u0107 4-FMA?<\/h2>\n<p>W Chemlab mo\u017cna kupi\u0107 wszystkie chemikalia badawcze, a tutaj mo\u017cna r\u00f3wnie\u017c kupi\u0107 4-FMA w najlepszej jako\u015bci. Substancja ta jest dostarczana w postaci proszku i jest przeznaczona wy\u0142\u0105cznie do u\u017cytku laboratoryjnego i zawsze nale\u017cy stosowa\u0107 odpowiednie \u015brodki ostro\u017cno\u015bci. Uwaga: 4-FMA, podobnie jak inne chemikalia badawcze, jest przeznaczony wy\u0142\u0105cznie do u\u017cytku badawczego i nigdy nie mo\u017ce by\u0107 spo\u017cywany przez ludzi, zwierz\u0119ta ani inne \u017cywe stworzenia. Nie sprzedajemy chemikali\u00f3w badawczych osobom poni\u017cej 18 roku \u017cycia. W celu uzyskania dalszych informacji prosimy o kontakt <a href=\"https:\/\/rc-chemlab.net\/pl\/kontakt\/\">Kontakt z nami<\/a> na.<\/p>","protected":false},"excerpt":{"rendered":"<p>4-FMA kaufen Sie m\u00f6chten 4-FMA kaufen? Alle Produkte von Rc-Chemlab sind laborgepr\u00fcft und von h\u00f6chster Qualit\u00e4t. Die Bestellungen werden diskret<\/p>","protected":false},"featured_media":10327,"comment_status":"open","ping_status":"closed","template":"","meta":{"_seopress_robots_primary_cat":"none","_seopress_titles_title":"4-FMA kaufen %%sep%% %%sitetitle%%","_seopress_titles_desc":"4-FMA kaufen - Sie m\u00f6chten 4-FMA kaufen? Alle Produkte von Rc-Chemlab sind laborgepr\u00fcft und von h\u00f6chster Qualit\u00e4t.","_seopress_robots_index":""},"product_brand":[],"product_cat":[140],"product_tag":[],"class_list":{"0":"post-1332","1":"product","2":"type-product","3":"status-publish","4":"has-post-thumbnail","6":"product_cat-forschungschemikalien","8":"first","9":"instock","10":"taxable","11":"shipping-taxable","12":"purchasable","13":"product-type-variable"},"_links":{"self":[{"href":"https:\/\/rc-chemlab.net\/pl\/wp-json\/wp\/v2\/product\/1332","targetHints":{"allow":["GET"]}}],"collection":[{"href":"https:\/\/rc-chemlab.net\/pl\/wp-json\/wp\/v2\/product"}],"about":[{"href":"https:\/\/rc-chemlab.net\/pl\/wp-json\/wp\/v2\/types\/product"}],"replies":[{"embeddable":true,"href":"https:\/\/rc-chemlab.net\/pl\/wp-json\/wp\/v2\/comments?post=1332"}],"version-history":[{"count":2,"href":"https:\/\/rc-chemlab.net\/pl\/wp-json\/wp\/v2\/product\/1332\/revisions"}],"predecessor-version":[{"id":10328,"href":"https:\/\/rc-chemlab.net\/pl\/wp-json\/wp\/v2\/product\/1332\/revisions\/10328"}],"wp:featuredmedia":[{"embeddable":true,"href":"https:\/\/rc-chemlab.net\/pl\/wp-json\/wp\/v2\/media\/10327"}],"wp:attachment":[{"href":"https:\/\/rc-chemlab.net\/pl\/wp-json\/wp\/v2\/media?parent=1332"}],"wp:term":[{"taxonomy":"product_brand","embeddable":true,"href":"https:\/\/rc-chemlab.net\/pl\/wp-json\/wp\/v2\/product_brand?post=1332"},{"taxonomy":"product_cat","embeddable":true,"href":"https:\/\/rc-chemlab.net\/pl\/wp-json\/wp\/v2\/product_cat?post=1332"},{"taxonomy":"product_tag","embeddable":true,"href":"https:\/\/rc-chemlab.net\/pl\/wp-json\/wp\/v2\/product_tag?post=1332"}],"curies":[{"name":"wp","href":"https:\/\/api.w.org\/{rel}","templated":true}]}}