{"id":1324,"date":"2023-06-05T23:21:14","date_gmt":"2023-06-05T23:21:14","guid":{"rendered":"https:\/\/rc-chemlab.net\/?post_type=product&#038;p=1324"},"modified":"2024-04-16T01:30:39","modified_gmt":"2024-04-16T01:30:39","slug":"6-apb-kaufen","status":"publish","type":"product","link":"https:\/\/rc-chemlab.net\/pl\/product\/6-apb-kaufen\/","title":{"rendered":"6-APB"},"content":{"rendered":"<h1>Kup 6-APB<\/h1>\n<p>Chcesz kupi\u0107 6-APB? W takim razie Chemlab jest w\u0142a\u015bciwym adresem dla Ciebie. Wszystkie produkty s\u0105 testowane laboratoryjnie i maj\u0105 czysto\u015b\u0107 co najmniej 95%. Ponadto wszystkie chemikalia badawcze wysy\u0142amy z Holandii, aby dotar\u0142y do Twojego laboratorium w ci\u0105gu 24 godzin od dokonania p\u0142atno\u015bci!<\/p>\n<h2>Co to jest 6-APB?<\/h2>\n<p>6-APB, znany r\u00f3wnie\u017c jako Benzo Fury, to badana substancja chemiczna nale\u017c\u0105ca do klasy benzofuran\u00f3w. Jest to bardzo popularna substancja, kt\u00f3ra jest dobrze odbierana przez wielu badaczy chemicznych. Pod wzgl\u0119dem struktury chemicznej 6-APB jest podobny do substancji takich jak <a href=\"https:\/\/xtcdrogenhaus.com\/Produkt-Kategorie\/ecstasys-kaufen\/\">MDMA<\/a> i XTC, dzia\u0142anie 6-APB jest r\u00f3wnie\u017c podobne do dzia\u0142ania tych substancji. Badania z 6-APB trwaj\u0105 kilka godzin d\u0142u\u017cej ni\u017c te z MDMA. Przy niskich dawkach masz wi\u0119ksz\u0105 kontrol\u0119, a efekty s\u0105 \u0142agodniejsze ni\u017c w przypadku XTC. W przypadku 6-APB mo\u017cna spodziewa\u0107 si\u0119 euforycznego i energetyzuj\u0105cego testu. Jednak ta badana substancja chemiczna mo\u017ce r\u00f3wnie\u017c zapewni\u0107 tripowy wynik badania. Nie ma to miejsca w przypadku ni\u017cszej dawki.<\/p>\n<h2>Do\u015bwiadczenie 6-APB<\/h2>\n<p>Chcesz dowiedzie\u0107 si\u0119 wi\u0119cej o 6-APB i skutkach stosowania tej substancji chemicznej? Informacje na temat tej substancji mo\u017cna znale\u017a\u0107 na stronach internetowych takich jak Psychonaut Wiki i Wikipedia.<\/p>\n<h2>Kup 6-APB online<\/h2>\n<p>W Nachtapotheker.nl mo\u017cesz polega\u0107 na wysokiej jako\u015bci Benzofury, kt\u00f3ra zosta\u0142a r\u00f3wnie\u017c przetestowana w laboratorium. Dzi\u0119ki temu mo\u017cemy zagwarantowa\u0107 czysto\u015b\u0107 co najmniej 95%. Nachtapotheker.nl sprzedaje proszek 6-APB w ilo\u015bciach 0,25, 0,5, 1, 2 i 5 gram\u00f3w. Wszystkie chemikalia badawcze s\u0105 wysy\u0142ane z Holandii i trafi\u0105 do laboratorium w ci\u0105gu 24 godzin od otrzymania p\u0142atno\u015bci. Uwaga: 6-APB, podobnie jak inne chemikalia badawcze, jest przeznaczony wy\u0142\u0105cznie do u\u017cytku badawczego i nigdy nie powinien by\u0107 spo\u017cywany przez ludzi, zwierz\u0119ta lub inne \u017cywe stworzenia. Przechowywa\u0107 w suchym, ch\u0142odnym miejscu, aby zapewni\u0107 maksymalny okres trwa\u0142o\u015bci. Nie sprzedajemy chemikali\u00f3w badawczych osobom poni\u017cej 18 roku \u017cycia. W celu uzyskania dalszych informacji prosimy o kontakt <a href=\"https:\/\/rc-chemlab.net\/pl\/kontakt\/\">Kontakt z nami<\/a> na.<\/p>","protected":false},"excerpt":{"rendered":"<p>6-APB kaufen M\u00f6chten Sie 6-APB kaufen? Dann sind Sie bei Chemlab an der richtigen Adresse. Alle Produkte sind laborgepr\u00fcft und<\/p>","protected":false},"featured_media":10323,"comment_status":"open","ping_status":"closed","template":"","meta":{"_seopress_robots_primary_cat":"none","_seopress_titles_title":"6-APB kaufen %%sep%% %%sitetitle%%","_seopress_titles_desc":"6-APB kaufen - M\u00f6chten Sie 6-APB kaufen? Dann sind Sie bei Chemlab an der richtigen Adresse.","_seopress_robots_index":""},"product_brand":[],"product_cat":[140],"product_tag":[],"class_list":{"0":"post-1324","1":"product","2":"type-product","3":"status-publish","4":"has-post-thumbnail","6":"product_cat-forschungschemikalien","8":"first","9":"instock","10":"taxable","11":"shipping-taxable","12":"purchasable","13":"product-type-variable"},"_links":{"self":[{"href":"https:\/\/rc-chemlab.net\/pl\/wp-json\/wp\/v2\/product\/1324","targetHints":{"allow":["GET"]}}],"collection":[{"href":"https:\/\/rc-chemlab.net\/pl\/wp-json\/wp\/v2\/product"}],"about":[{"href":"https:\/\/rc-chemlab.net\/pl\/wp-json\/wp\/v2\/types\/product"}],"replies":[{"embeddable":true,"href":"https:\/\/rc-chemlab.net\/pl\/wp-json\/wp\/v2\/comments?post=1324"}],"version-history":[{"count":1,"href":"https:\/\/rc-chemlab.net\/pl\/wp-json\/wp\/v2\/product\/1324\/revisions"}],"predecessor-version":[{"id":10324,"href":"https:\/\/rc-chemlab.net\/pl\/wp-json\/wp\/v2\/product\/1324\/revisions\/10324"}],"wp:featuredmedia":[{"embeddable":true,"href":"https:\/\/rc-chemlab.net\/pl\/wp-json\/wp\/v2\/media\/10323"}],"wp:attachment":[{"href":"https:\/\/rc-chemlab.net\/pl\/wp-json\/wp\/v2\/media?parent=1324"}],"wp:term":[{"taxonomy":"product_brand","embeddable":true,"href":"https:\/\/rc-chemlab.net\/pl\/wp-json\/wp\/v2\/product_brand?post=1324"},{"taxonomy":"product_cat","embeddable":true,"href":"https:\/\/rc-chemlab.net\/pl\/wp-json\/wp\/v2\/product_cat?post=1324"},{"taxonomy":"product_tag","embeddable":true,"href":"https:\/\/rc-chemlab.net\/pl\/wp-json\/wp\/v2\/product_tag?post=1324"}],"curies":[{"name":"wp","href":"https:\/\/api.w.org\/{rel}","templated":true}]}}