{"id":1314,"date":"2023-06-05T21:47:41","date_gmt":"2023-06-05T21:47:41","guid":{"rendered":"https:\/\/rc-chemlab.net\/?post_type=product&#038;p=1314"},"modified":"2024-11-16T11:35:43","modified_gmt":"2024-11-16T11:35:43","slug":"n-ethyl-hexedrone","status":"publish","type":"product","link":"https:\/\/rc-chemlab.net\/pl\/product\/n-ethyl-hexedrone\/","title":{"rendered":"N-etylo-heksedron"},"content":{"rendered":"<h1>N Etylowy heksedron<\/h1>\n<p>N-etyloheksedron (<a href=\"https:\/\/de.wikibrief.org\/wiki\/N-Ethylhexedrone\">a-etyloaminokaprofenon<\/a>NEH lub Hexen) jest stymulantem chemicznym z klasy katynon\u00f3w i jest dost\u0119pny na rynku chemikali\u00f3w badawczych od po\u0142owy 2010 roku. Jego dzia\u0142anie polega na zwi\u0119kszaniu poziomu dopaminy i noradrenaliny. Anegdotyczne doniesienia twierdz\u0105, \u017ce uczestnicy wykazali efekty stymulacji, zwi\u0119kszonej koncentracji, euforii i odhamowania.<\/p>\n<p>HEX-EN, Ethyl-Hexedrone, Ethyl-Hex to nowa substancja chemiczna opracowana po wprowadzeniu zakazu w Chinach w dniu 1 pa\u017adziernika 2015 roku. Produkt ten ma trzykrotnie wi\u0119ksz\u0105 warto\u015b\u0107 badawcz\u0105 ni\u017c dobrze znany Hexedrone. Ma podobne w\u0142a\u015bciwo\u015bci i efekty jak Pentedrone, 4-CMC, <a href=\"https:\/\/rc-chemlab.net\/pl\/product\/3-cmc-kaufen-deutschland\/\">3-CMC<\/a>.<\/p>\n<p>Produkty zakupione od EUsynth.org s\u0105 przeznaczone wy\u0142\u0105cznie do cel\u00f3w bada\u0144 laboratoryjnych i nie s\u0105 przeznaczone do spo\u017cycia przez ludzi. W przypadku zakupu, u\u017cytkownik robi to na w\u0142asne ryzyko i jest odpowiedzialny za zgodno\u015b\u0107 z prawem obowi\u0105zuj\u0105cym w jego jurysdykcji. EUsynth.org nie ponosi odpowiedzialno\u015bci za legalno\u015b\u0107 produkt\u00f3w w krajach klient\u00f3w. W celu uzyskania dalszych informacji prosimy o kontakt <a href=\"https:\/\/rc-chemlab.net\/pl\/kontakt\/\">Kontakt z nami<\/a> na.<\/p>","protected":false},"excerpt":{"rendered":"<p>N Ethyl Hexedrone N-Ethylhexedron (a-Ethylaminocaprophenon, NEH oder Hexen) ist eine stimulierende Chemikalie aus der Klasse der Cathinone und ist seit<\/p>","protected":false},"featured_media":10321,"comment_status":"open","ping_status":"closed","template":"","meta":{"_seopress_robots_primary_cat":"none","_seopress_titles_title":"N Ethyl Hexedrone %%sep%% %%sitetitle%%","_seopress_titles_desc":"N Ethyl Hexedrone - HEX-EN, Ethyl-Hexedron, Ethyl-Hex ist eine neue Forschungschemikalie, die nach dem Verbot in China vom 1.10.2015 entwickelt wurde.","_seopress_robots_index":""},"product_brand":[],"product_cat":[140],"product_tag":[],"class_list":{"0":"post-1314","1":"product","2":"type-product","3":"status-publish","4":"has-post-thumbnail","6":"product_cat-forschungschemikalien","8":"first","9":"instock","10":"taxable","11":"shipping-taxable","12":"purchasable","13":"product-type-variable"},"_links":{"self":[{"href":"https:\/\/rc-chemlab.net\/pl\/wp-json\/wp\/v2\/product\/1314","targetHints":{"allow":["GET"]}}],"collection":[{"href":"https:\/\/rc-chemlab.net\/pl\/wp-json\/wp\/v2\/product"}],"about":[{"href":"https:\/\/rc-chemlab.net\/pl\/wp-json\/wp\/v2\/types\/product"}],"replies":[{"embeddable":true,"href":"https:\/\/rc-chemlab.net\/pl\/wp-json\/wp\/v2\/comments?post=1314"}],"version-history":[{"count":2,"href":"https:\/\/rc-chemlab.net\/pl\/wp-json\/wp\/v2\/product\/1314\/revisions"}],"predecessor-version":[{"id":10322,"href":"https:\/\/rc-chemlab.net\/pl\/wp-json\/wp\/v2\/product\/1314\/revisions\/10322"}],"wp:featuredmedia":[{"embeddable":true,"href":"https:\/\/rc-chemlab.net\/pl\/wp-json\/wp\/v2\/media\/10321"}],"wp:attachment":[{"href":"https:\/\/rc-chemlab.net\/pl\/wp-json\/wp\/v2\/media?parent=1314"}],"wp:term":[{"taxonomy":"product_brand","embeddable":true,"href":"https:\/\/rc-chemlab.net\/pl\/wp-json\/wp\/v2\/product_brand?post=1314"},{"taxonomy":"product_cat","embeddable":true,"href":"https:\/\/rc-chemlab.net\/pl\/wp-json\/wp\/v2\/product_cat?post=1314"},{"taxonomy":"product_tag","embeddable":true,"href":"https:\/\/rc-chemlab.net\/pl\/wp-json\/wp\/v2\/product_tag?post=1314"}],"curies":[{"name":"wp","href":"https:\/\/api.w.org\/{rel}","templated":true}]}}