{"id":1306,"date":"2023-06-05T16:43:27","date_gmt":"2023-06-05T16:43:27","guid":{"rendered":"https:\/\/rc-chemlab.net\/?post_type=product&#038;p=1306"},"modified":"2024-04-16T01:15:51","modified_gmt":"2024-04-16T01:15:51","slug":"n-ethyl-pentedrone","status":"publish","type":"product","link":"https:\/\/rc-chemlab.net\/pl\/product\/n-ethyl-pentedrone\/","title":{"rendered":"N-etylo-pentedron"},"content":{"rendered":"<h1>N Pentedron etylu<\/h1>\n<p>N-etylo-(nor)-pentedron (znany r\u00f3wnie\u017c jako N-etylo-pentedron lub cz\u0119\u015bciej jako NEP) to nowy syntetyczny stymulant nale\u017c\u0105cy do klasy podstawionych katynon\u00f3w. N-etylo-(nor)-pentedron po raz pierwszy pojawi\u0142 si\u0119 na rynku chemikali\u00f3w badawczych w 2016 roku. <a href=\"https:\/\/en.wikipedia.org\/wiki\/N-Ethylpentedrone\">N-etylo-(nor)-pentedron<\/a> jest blisko spokrewniony z Pentedronem.<\/p>\n<p>Od <a href=\"\/pl\/\">Chemlab<\/a> Zakupione produkty s\u0105 przeznaczone wy\u0142\u0105cznie do cel\u00f3w bada\u0144 laboratoryjnych i nie s\u0105 przeznaczone do spo\u017cycia przez ludzi. W przypadku zakupu produktu, u\u017cytkownik robi to na w\u0142asne ryzyko i jest odpowiedzialny za zgodno\u015b\u0107 z przepisami obowi\u0105zuj\u0105cymi w jego kraju. Chemlab nie ponosi odpowiedzialno\u015bci za legalno\u015b\u0107 produkt\u00f3w w krajach klient\u00f3w. W celu uzyskania dalszych informacji prosimy o kontakt <a href=\"https:\/\/rc-chemlab.net\/pl\/kontakt\/\">Kontakt z nami<\/a> na.<\/p>","protected":false},"excerpt":{"rendered":"<p>N Ethyl Pentedrone N-Ethyl-(nor)-pentedron (auch bekannt als N-Ethylpentedron oder allgemeiner als NEP) ist ein neuartiges synthetisches Stimulans, das zur Klasse<\/p>","protected":false},"featured_media":10319,"comment_status":"open","ping_status":"closed","template":"","meta":{"_seopress_robots_primary_cat":"none","_seopress_titles_title":"N Ethyl Pentedrone %%sep%% %%sitetitle%%","_seopress_titles_desc":"N Ethyl Pentedrone - N-Ethyl-(nor)-pentedron (auch bekannt als N-Ethylpentedron oder allgemeiner als NEP) ist ein neuartiges synthetisches Stimulans","_seopress_robots_index":""},"product_brand":[],"product_cat":[140],"product_tag":[],"class_list":{"0":"post-1306","1":"product","2":"type-product","3":"status-publish","4":"has-post-thumbnail","6":"product_cat-forschungschemikalien","8":"first","9":"instock","10":"taxable","11":"shipping-taxable","12":"purchasable","13":"product-type-variable"},"_links":{"self":[{"href":"https:\/\/rc-chemlab.net\/pl\/wp-json\/wp\/v2\/product\/1306","targetHints":{"allow":["GET"]}}],"collection":[{"href":"https:\/\/rc-chemlab.net\/pl\/wp-json\/wp\/v2\/product"}],"about":[{"href":"https:\/\/rc-chemlab.net\/pl\/wp-json\/wp\/v2\/types\/product"}],"replies":[{"embeddable":true,"href":"https:\/\/rc-chemlab.net\/pl\/wp-json\/wp\/v2\/comments?post=1306"}],"version-history":[{"count":1,"href":"https:\/\/rc-chemlab.net\/pl\/wp-json\/wp\/v2\/product\/1306\/revisions"}],"predecessor-version":[{"id":10320,"href":"https:\/\/rc-chemlab.net\/pl\/wp-json\/wp\/v2\/product\/1306\/revisions\/10320"}],"wp:featuredmedia":[{"embeddable":true,"href":"https:\/\/rc-chemlab.net\/pl\/wp-json\/wp\/v2\/media\/10319"}],"wp:attachment":[{"href":"https:\/\/rc-chemlab.net\/pl\/wp-json\/wp\/v2\/media?parent=1306"}],"wp:term":[{"taxonomy":"product_brand","embeddable":true,"href":"https:\/\/rc-chemlab.net\/pl\/wp-json\/wp\/v2\/product_brand?post=1306"},{"taxonomy":"product_cat","embeddable":true,"href":"https:\/\/rc-chemlab.net\/pl\/wp-json\/wp\/v2\/product_cat?post=1306"},{"taxonomy":"product_tag","embeddable":true,"href":"https:\/\/rc-chemlab.net\/pl\/wp-json\/wp\/v2\/product_tag?post=1306"}],"curies":[{"name":"wp","href":"https:\/\/api.w.org\/{rel}","templated":true}]}}