{"id":1298,"date":"2023-06-05T13:38:44","date_gmt":"2023-06-05T13:38:44","guid":{"rendered":"https:\/\/rc-chemlab.net\/?post_type=product&#038;p=1298"},"modified":"2024-04-15T00:49:43","modified_gmt":"2024-04-15T00:49:43","slug":"mdphp-hcl","status":"publish","type":"product","link":"https:\/\/rc-chemlab.net\/pl\/product\/mdphp-hcl\/","title":{"rendered":"MDPHP HCL"},"content":{"rendered":"<h1>MDPHP HCL<\/h1>\n<p>Chcesz kupi\u0107 MDPHP HCL w proszku w najni\u017cszej cenie? Mo\u017cesz przej\u015b\u0107 do Chemlab, aby uzyska\u0107 najlepsze designerskie leki. MDPHP HCL oznacza <a href=\"https:\/\/en.wikipedia.org\/wiki\/3%27,4%27-Methylenedioxy-%CE%B1-pyrrolidinobutiophenone\">3 ', 4'-metylenodioksy-\u03b1-pirolidynoheksiofenon<\/a>. MDPHP HCL jest stymulantem z klasy podstawionych katynon\u00f3w i od 2018 roku jest narkotykiem projektowanym. Nigdy wi\u0119cej nie p\u0142a\u0107 za du\u017co za czyste dopalacze. Zawsze w magazynie i dostarczane w ci\u0105gu 1-2 dni roboczych. Bezpieczna p\u0142atno\u015b\u0107 za pomoc\u0105 Giropay, Bitcoin lub karty kredytowej.<\/p>\n<h2>Bezpieczne kupowanie dopalaczy<\/h2>\n<p>Poniewa\u017c kupujemy bezpo\u015brednio od producenta, zawsze mo\u017cemy zagwarantowa\u0107 najni\u017csz\u0105 cen\u0119. P\u0142a\u0107 bezpiecznie za pomoc\u0105 Giropay, Bitcoin lub karty kredytowej w naszym sklepie internetowym.<br \/>\nZawsze wszystko w magazynie! Nasza strona u\u017cywa szyfrowania SSL. Szyfrowanie SSL zapewnia, \u017ce dane s\u0105 przesy\u0142ane w postaci zaszyfrowanej i nigdy nie s\u0105 dost\u0119pne dla os\u00f3b trzecich.<\/p>\n<h2>Wysokiej jako\u015bci MDPHP HCL<\/h2>\n<p>Sprzedajemy najwy\u017cszej jako\u015bci dopalacze z kraj\u00f3w Beneluksu. Poniewa\u017c dzia\u0142amy w bran\u017cy dopalaczy od 7 lat, zawsze mo\u017cemy dostarczy\u0107 ci produkty wysokiej jako\u015bci. Wszystkie nasze produkty s\u0105 testowane laboratoryjnie i dlatego s\u0105 bezpieczne w u\u017cyciu do cel\u00f3w badawczych.<\/p>\n<p>B\u0105d\u017a ostro\u017cny kupuj\u0105c markowe narkotyki w Internecie! Istnieje wiele sklep\u00f3w internetowych, kt\u00f3re sprzedaj\u0105 podrobione lub z\u0142e markowe narkotyki. Je\u015bli kupujesz markowe narkotyki od <a href=\"\/pl\/\">Chemlab<\/a> Mo\u017cesz bezpiecznie i dyskretnie odebra\u0107 swoje zam\u00f3wienie w domu w najkr\u00f3tszym mo\u017cliwym czasie!<\/p>\n<h2>MDPHP HCL testowany w laboratorium<\/h2>\n<p>Je\u015bli szukasz markowych narkotyk\u00f3w, naturalnie chcesz mie\u0107 pewno\u015b\u0107, \u017ce produkty s\u0105 wysokiej jako\u015bci. Wszystkie nasze markowe narkotyki s\u0105 wysokiej jako\u015bci i zawsze s\u0105 testowane laboratoryjnie. Z nami b\u0119dziesz bardzo zadowolony z wysokiej jako\u015bci produkt\u00f3w w najlepszej cenie. Aby uzyska\u0107 wi\u0119cej informacji, prosimy o kontakt <a href=\"https:\/\/rc-chemlab.net\/pl\/kontakt\/\">Kontakt z nami<\/a> na.<\/p>","protected":false},"excerpt":{"rendered":"<p>MDPHP HCL M\u00f6chten Sie MDPHP HCL Pulver zum niedrigsten Preis kaufen? Sie k\u00f6nnen zu Chemlab gehen, um die besten Designerdrogen<\/p>","protected":false},"featured_media":10316,"comment_status":"open","ping_status":"closed","template":"","meta":{"_seopress_robots_primary_cat":"none","_seopress_titles_title":"MDPHP HCL %%sep%% %%sitetitle%%","_seopress_titles_desc":"MDPHP HCL - M\u00f6chten Sie MDPHP HCL Pulver zum niedrigsten Preis kaufen? Sie k\u00f6nnen zu Chemlab gehen, um die besten Designerdrogen zu erhalten.","_seopress_robots_index":""},"product_brand":[],"product_cat":[140],"product_tag":[],"class_list":{"0":"post-1298","1":"product","2":"type-product","3":"status-publish","4":"has-post-thumbnail","6":"product_cat-forschungschemikalien","8":"first","9":"instock","10":"taxable","11":"shipping-taxable","12":"purchasable","13":"product-type-variable"},"_links":{"self":[{"href":"https:\/\/rc-chemlab.net\/pl\/wp-json\/wp\/v2\/product\/1298","targetHints":{"allow":["GET"]}}],"collection":[{"href":"https:\/\/rc-chemlab.net\/pl\/wp-json\/wp\/v2\/product"}],"about":[{"href":"https:\/\/rc-chemlab.net\/pl\/wp-json\/wp\/v2\/types\/product"}],"replies":[{"embeddable":true,"href":"https:\/\/rc-chemlab.net\/pl\/wp-json\/wp\/v2\/comments?post=1298"}],"version-history":[{"count":1,"href":"https:\/\/rc-chemlab.net\/pl\/wp-json\/wp\/v2\/product\/1298\/revisions"}],"predecessor-version":[{"id":10317,"href":"https:\/\/rc-chemlab.net\/pl\/wp-json\/wp\/v2\/product\/1298\/revisions\/10317"}],"wp:featuredmedia":[{"embeddable":true,"href":"https:\/\/rc-chemlab.net\/pl\/wp-json\/wp\/v2\/media\/10316"}],"wp:attachment":[{"href":"https:\/\/rc-chemlab.net\/pl\/wp-json\/wp\/v2\/media?parent=1298"}],"wp:term":[{"taxonomy":"product_brand","embeddable":true,"href":"https:\/\/rc-chemlab.net\/pl\/wp-json\/wp\/v2\/product_brand?post=1298"},{"taxonomy":"product_cat","embeddable":true,"href":"https:\/\/rc-chemlab.net\/pl\/wp-json\/wp\/v2\/product_cat?post=1298"},{"taxonomy":"product_tag","embeddable":true,"href":"https:\/\/rc-chemlab.net\/pl\/wp-json\/wp\/v2\/product_tag?post=1298"}],"curies":[{"name":"wp","href":"https:\/\/api.w.org\/{rel}","templated":true}]}}