{"id":1290,"date":"2023-06-05T13:06:20","date_gmt":"2023-06-05T13:06:20","guid":{"rendered":"https:\/\/rc-chemlab.net\/?post_type=product&#038;p=1290"},"modified":"2024-10-10T12:55:17","modified_gmt":"2024-10-10T12:55:17","slug":"5-cl-adb-a","status":"publish","type":"product","link":"https:\/\/rc-chemlab.net\/pl\/product\/5-cl-adb-a\/","title":{"rendered":"5-CL-ADB-A"},"content":{"rendered":"<h1>5-CL-ADB-A Kup<\/h1>\n<p>5-CL-ADB-A proszek - kup 5-cl-adb-a online, 5-cl-adb-a na sprzeda\u017c online w Wielkiej Brytanii.<\/p>\n<p><a href=\"\/pl\/\">Chemlab<\/a> jest zaufanym sprzedawc\u0105 wymienionych produkt\u00f3w. Dzi\u0119ki rozleg\u0142emu do\u015bwiadczeniu w zakresie dostaw i handlu, stworzy\u0142a renomowan\u0105 mark\u0119 na rynku, oferuj\u0105c wysokiej jako\u015bci 5-CL-ADB-A i inne produkty. Firma jest obecna w ca\u0142ej Europie i obs\u0142uguje du\u017c\u0105 baz\u0119 klient\u00f3w w ca\u0142ym kraju, stawiaj\u0105c na pierwszym miejscu zorientowanie na klienta. Kup 5-CL-ADB-A online z produktami, kt\u00f3re gwarantuj\u0105 jako\u015b\u0107 w du\u017cych ilo\u015bciach od LC. Oferuje sklep internetowy z chemi\u0105 badawcz\u0105, w kt\u00f3rym mo\u017cna \u0142atwo kupi\u0107 5-cl-adb-a najwy\u017cszej jako\u015bci. Zamawiaj\u0105c 5-cl-adb-a online, otrzymasz prezent w postaci bia\u0142ego lub pomara\u0144czowego krystalicznego proszku.<\/p>\n<h2>Co wiadomo o 5-cl-adb-a?<\/h2>\n<p>Nie istniej\u0105 \u017cadne oficjalne badania naukowe por\u00f3wnuj\u0105ce ze sob\u0105 5-cl-adb-a. Jednak w badaniu opublikowanym w 2018 r. w czasopi\u015bmie Forensic Toxicology por\u00f3wnano si\u0142\u0119 dzia\u0142ania i mechanizmy dzia\u0142ania kilku z nich. <a href=\"https:\/\/www.emcdda.europa.eu\/topics\/pods\/synthetic-cannabinoids_de\">syntetyczne kannabinoidy<\/a> z klasy karboksyamid\u00f3w. Te wielocz\u0105steczkowe, takie jak 5CL-ADB-A, maj\u0105 asymetryczny w\u0119giel pochodz\u0105cy z ugrupowania amidowego sk\u0142adaj\u0105cego si\u0119 z pochodnych aminokwas\u00f3w. Nasz zesp\u00f3\u0142 obs\u0142ugi klienta jest dost\u0119pny 24 godziny na dob\u0119, 7 dni w tygodniu, aby spe\u0142ni\u0107 wszystkie Twoje potrzeby i rozwi\u0105za\u0107 Tw\u00f3j problem tak szybko, jak to mo\u017cliwe. Pobierz 5-cl-adb-a na sprzeda\u017c. Sprawd\u017a r\u00f3wnie\u017c statut swojej firmy, poniewa\u017c istnieje wiele implikacji prawnych, kt\u00f3re prawdopodobnie musisz zna\u0107 przed zakupem bez recepty.<\/p>\n<h2>Dlaczego warto wybra\u0107 5-cl-adb-a?<\/h2>\n<p>Nie ma niezawodnego sposobu na rozpoznanie nadu\u017cywania narkotyk\u00f3w i substancji chemicznych. Oznaki i objawy u\u017cywania i nadu\u017cywania tych narkotyk\u00f3w s\u0105 bardzo zr\u00f3\u017cnicowane, poniewa\u017c w niekt\u00f3rych przypadkach zachowuj\u0105 si\u0119 one w taki sam spos\u00f3b, jak ka\u017cdy inny narkotyk. W innych przypadkach jednak zachowuj\u0105 si\u0119 niezale\u017cnie od innych narkotyk\u00f3w. Jednym ze sposob\u00f3w rozpoznawania i wspierania nadu\u017cywania chemikali\u00f3w badawczych jest zapoznanie si\u0119 z oznakami i objawami narkotyk\u00f3w, z kt\u00f3rymi s\u0105 blisko spokrewnione, a tak\u017ce znanych dopalaczy, kt\u00f3re pojawiaj\u0105 si\u0119 na rynku w miar\u0119 pojawiania si\u0119 nowych informacji. Kup 5-CL-ADB-A tanio.<\/p>\n<p>5-CL-ADB-A to syntetyczny kannabinoid na bazie indazolu. 5-cl-adb-a to designerski narkotyk dost\u0119pny online. 5-cl-adb-a, analog pochodnej amylenu 5f-adb, zast\u0119puje ester metylowy amylenem. Mo\u017cesz uzyska\u0107 wszystkie potrzebne informacje na temat tego nowego kannabinoidu, kt\u00f3ry ju\u017c zyskuje na popularno\u015bci, kontaktuj\u0105c si\u0119 z nami ju\u017c dzi\u015b za po\u015brednictwem naszego czatu na \u017cywo. Zam\u00f3w 5-CL-ADB-A online Nasi liczni klienci do\u015bwiadczyli przyjemno\u015bci, euforii zmys\u0142\u00f3w, przyspieszenia poziomu wydajno\u015bci i wzmocnienia seksualnego w swoich snach.<\/p>","protected":false},"excerpt":{"rendered":"<p>5-CL-ADB-A Kaufen 5-CL-ADB-A Pulver &#8211; 5-cl-adb-a online kaufen, 5-cl-adb-a zum Verkauf online in Deutschland. Chemlab ist ein vertrauensw\u00fcrdiger Verk\u00e4ufer der<\/p>","protected":false},"featured_media":10313,"comment_status":"open","ping_status":"closed","template":"","meta":{"_seopress_robots_primary_cat":"none","_seopress_titles_title":"5-CL-ADB-A Kaufen %%sep%% %%sitetitle%%","_seopress_titles_desc":"5-CL-ADB-A Kaufen -","_seopress_robots_index":""},"product_brand":[],"product_cat":[140],"product_tag":[],"class_list":{"0":"post-1290","1":"product","2":"type-product","3":"status-publish","4":"has-post-thumbnail","6":"product_cat-forschungschemikalien","8":"first","9":"instock","10":"taxable","11":"shipping-taxable","12":"purchasable","13":"product-type-variable"},"_links":{"self":[{"href":"https:\/\/rc-chemlab.net\/pl\/wp-json\/wp\/v2\/product\/1290","targetHints":{"allow":["GET"]}}],"collection":[{"href":"https:\/\/rc-chemlab.net\/pl\/wp-json\/wp\/v2\/product"}],"about":[{"href":"https:\/\/rc-chemlab.net\/pl\/wp-json\/wp\/v2\/types\/product"}],"replies":[{"embeddable":true,"href":"https:\/\/rc-chemlab.net\/pl\/wp-json\/wp\/v2\/comments?post=1290"}],"version-history":[{"count":1,"href":"https:\/\/rc-chemlab.net\/pl\/wp-json\/wp\/v2\/product\/1290\/revisions"}],"predecessor-version":[{"id":10314,"href":"https:\/\/rc-chemlab.net\/pl\/wp-json\/wp\/v2\/product\/1290\/revisions\/10314"}],"wp:featuredmedia":[{"embeddable":true,"href":"https:\/\/rc-chemlab.net\/pl\/wp-json\/wp\/v2\/media\/10313"}],"wp:attachment":[{"href":"https:\/\/rc-chemlab.net\/pl\/wp-json\/wp\/v2\/media?parent=1290"}],"wp:term":[{"taxonomy":"product_brand","embeddable":true,"href":"https:\/\/rc-chemlab.net\/pl\/wp-json\/wp\/v2\/product_brand?post=1290"},{"taxonomy":"product_cat","embeddable":true,"href":"https:\/\/rc-chemlab.net\/pl\/wp-json\/wp\/v2\/product_cat?post=1290"},{"taxonomy":"product_tag","embeddable":true,"href":"https:\/\/rc-chemlab.net\/pl\/wp-json\/wp\/v2\/product_tag?post=1290"}],"curies":[{"name":"wp","href":"https:\/\/api.w.org\/{rel}","templated":true}]}}