{"id":1282,"date":"2023-06-05T11:47:29","date_gmt":"2023-06-05T11:47:29","guid":{"rendered":"https:\/\/rc-chemlab.net\/?post_type=product&#038;p=1282"},"modified":"2024-09-17T01:32:44","modified_gmt":"2024-09-17T01:32:44","slug":"5f-mdmb-2201-kaufen","status":"publish","type":"product","link":"https:\/\/rc-chemlab.net\/pl\/product\/5f-mdmb-2201-kaufen\/","title":{"rendered":"5f MDMB 2201"},"content":{"rendered":"<h1><span class=\"___SText_mzmpq-ko_\" data-ui-name=\"Link.Text\">Kup 5F-MDMB-2201<\/span><\/h1>\n<p>5F-MDMB-2201 jest zupe\u0142nie nowy <a href=\"https:\/\/www.drugcom.de\/drogenlexikon\/buchstabe-s\/synthetische-cannabinoide\/\">syntetyczny kannabinoid<\/a>. Je\u015bli szuka\u0142e\u015b najnowszego kannabinoidu dost\u0119pnego na rynku badawczym, trafi\u0142e\u015b we w\u0142a\u015bciwe miejsce. 5F-MDMB-2201 jest silnym agonist\u0105 receptor\u00f3w kannabinoidowych.<\/p>\n<p>Eksperymenty laboratoryjne zazwyczaj przynosz\u0105 wyniki w postaci relaksacji, fizycznej lekko\u015bci, podwy\u017cszonego nastroju, redukcji stresu, wzmocnienia kolor\u00f3w, zwi\u0119kszonej percepcji muzyki i euforii. Je\u015bli zadzia\u0142asz szybko, mo\u017cesz by\u0107 jednym z pierwszych laboratori\u00f3w, kt\u00f3re dodadz\u0105 t\u0119 niesamowit\u0105 substancj\u0119 chemiczn\u0105 do swoich rezerw.<\/p>\n<h3><b>Gdzie mog\u0119 kupi\u0107 5F-MDMB-2201?<\/b><\/h3>\n<p>Tutaj w\u00a0<span data-contrast=\"none\">nasza dzia\u0142alno\u015b\u0107 chemiczna<\/span>\u00a0sprzedajemy 5F-MDMB-2201 o wyj\u0105tkowo wysokiej jako\u015bci. Zazwyczaj wyst\u0119puje w postaci proszku. Cz\u0119sto jednak dost\u0119pne s\u0105 r\u00f3wnie\u017c inne formy. Je\u015bli wi\u0119c potrzebujesz innej formy, po prostu zapytaj nas, prawdopodobnie mamy tak\u0105 dost\u0119pn\u0105.<\/p>\n<p>Musisz mie\u0107 co najmniej 18 lat, aby kupi\u0107 5F-MDMB-2201 od nas. Musisz r\u00f3wnie\u017c w pe\u0142ni przestrzega\u0107 przepis\u00f3w dotycz\u0105cych chemii badawczej obowi\u0105zuj\u0105cych w Twoim kraju. Nasz 5f-MDMB-2201 jest przeznaczony wy\u0142\u0105cznie do u\u017cytku badawczego. Nie jest przeznaczony do spo\u017cycia przez ludzi ani zwierz\u0119ta.<\/p>\n<h3><b>5F-MDMB-2201 Legalno\u015b\u0107<\/b><\/h3>\n<p>Poniewa\u017c 5F-MDMB-2201 jest tak nowy, jest nieplanowany w wi\u0119kszo\u015bci kraj\u00f3w, a zatem legalny w wi\u0119kszo\u015bci miejsc. Jednak w krajach o silnych przepisach analogowych, takich jak Stany Zjednoczone, mo\u017ce by\u0107. Aby uzyska\u0107 wi\u0119cej informacji, prosimy o kontakt <a href=\"https:\/\/rc-chemlab.net\/pl\/kontakt\/\">Kontakt z nami<\/a> na.<\/p>","protected":false},"excerpt":{"rendered":"<p>5F-MDMB-2201 kaufen 5F-MDMB-2201 ist ein brandneues synthetisches Cannabinoid.\u00a0Wenn Sie nach dem zuletzt auf dem Forschungsmarkt erh\u00e4ltlichen Cannabinoid gesucht haben, sind<\/p>","protected":false},"featured_media":10311,"comment_status":"open","ping_status":"closed","template":"","meta":{"_seopress_robots_primary_cat":"none","_seopress_titles_title":"5F-MDMB-2201 kaufen %%sep%% %%sitetitle%%","_seopress_titles_desc":"5F-MDMB-2201 kaufen - 5F-MDMB-2201 ist ein brandneues synthetisches Cannabinoid.\u00a0Wenn Sie nach dem zuletzt auf dem Forschungsmarkt erh\u00e4ltlichen Cannabinoid","_seopress_robots_index":""},"product_brand":[],"product_cat":[140],"product_tag":[],"class_list":{"0":"post-1282","1":"product","2":"type-product","3":"status-publish","4":"has-post-thumbnail","6":"product_cat-forschungschemikalien","8":"first","9":"instock","10":"taxable","11":"shipping-taxable","12":"purchasable","13":"product-type-variable"},"_links":{"self":[{"href":"https:\/\/rc-chemlab.net\/pl\/wp-json\/wp\/v2\/product\/1282","targetHints":{"allow":["GET"]}}],"collection":[{"href":"https:\/\/rc-chemlab.net\/pl\/wp-json\/wp\/v2\/product"}],"about":[{"href":"https:\/\/rc-chemlab.net\/pl\/wp-json\/wp\/v2\/types\/product"}],"replies":[{"embeddable":true,"href":"https:\/\/rc-chemlab.net\/pl\/wp-json\/wp\/v2\/comments?post=1282"}],"version-history":[{"count":1,"href":"https:\/\/rc-chemlab.net\/pl\/wp-json\/wp\/v2\/product\/1282\/revisions"}],"predecessor-version":[{"id":10312,"href":"https:\/\/rc-chemlab.net\/pl\/wp-json\/wp\/v2\/product\/1282\/revisions\/10312"}],"wp:featuredmedia":[{"embeddable":true,"href":"https:\/\/rc-chemlab.net\/pl\/wp-json\/wp\/v2\/media\/10311"}],"wp:attachment":[{"href":"https:\/\/rc-chemlab.net\/pl\/wp-json\/wp\/v2\/media?parent=1282"}],"wp:term":[{"taxonomy":"product_brand","embeddable":true,"href":"https:\/\/rc-chemlab.net\/pl\/wp-json\/wp\/v2\/product_brand?post=1282"},{"taxonomy":"product_cat","embeddable":true,"href":"https:\/\/rc-chemlab.net\/pl\/wp-json\/wp\/v2\/product_cat?post=1282"},{"taxonomy":"product_tag","embeddable":true,"href":"https:\/\/rc-chemlab.net\/pl\/wp-json\/wp\/v2\/product_tag?post=1282"}],"curies":[{"name":"wp","href":"https:\/\/api.w.org\/{rel}","templated":true}]}}