{"id":1266,"date":"2023-06-04T09:38:16","date_gmt":"2023-06-04T09:38:16","guid":{"rendered":"https:\/\/rc-chemlab.net\/?post_type=product&#038;p=1266"},"modified":"2024-04-15T00:30:36","modified_gmt":"2024-04-15T00:30:36","slug":"jwh-210-kaufen","status":"publish","type":"product","link":"https:\/\/rc-chemlab.net\/pl\/product\/jwh-210-kaufen\/","title":{"rendered":"JWH 210"},"content":{"rendered":"<h1>Kup JWH 210<\/h1>\n<p>JWH 210 jest silnym kannabimimetycznym alkilindolem, kt\u00f3ry wi\u0105\u017ce si\u0119 z centralnymi i obwodowymi receptorami kannabinoidowymi z warto\u015bciami Ki wynosz\u0105cymi odpowiednio 0,46 i 0,69 nM.<\/p>\n<p>W przypadku d\u0142ugotrwa\u0142ego przechowywania zalecamy przechowywanie JWH 210 w temperaturze -20\u00b0C w stanie, w jakim zosta\u0142 dostarczony. Powinien by\u0107 stabilny przez co najmniej dwa lata. JWH 210 jest dostarczany jako krystaliczne cia\u0142o sta\u0142e. Roztw\u00f3r podstawowy mo\u017cna przygotowa\u0107 rozpuszczaj\u0105c JWH 210 w wybranym rozpuszczalniku. JWH 210 jest rozpuszczalny w rozpuszczalnikach organicznych takich jak etanol, DMSO i <a href=\"https:\/\/de.wikipedia.org\/wiki\/Dimethylformamid\">Dimetyloformamid<\/a> rozpuszczalne, kt\u00f3re nale\u017cy przep\u0142uka\u0107 gazem oboj\u0119tnym.<\/p>\n<p>Rozpuszczalno\u015b\u0107 JWH 210 w tych rozpuszczalnikach wynosi odpowiednio oko\u0142o 0,5, 20 i 50 mg\/ml. JWH 210 jest tylko s\u0142abo rozpuszczalny w roztworach wodnych. Dlatego przed przeprowadzeniem eksperyment\u00f3w biologicznych nale\u017cy wykona\u0107 dalsze rozcie\u0144czenia roztworu rozpuszczalnika organicznego w buforach wodnych lub izotonicznym roztworze soli fizjologicznej.<\/p>\n<p>Upewni\u0107 si\u0119, \u017ce pozosta\u0142a ilo\u015b\u0107 rozpuszczalnika organicznego jest nieznaczna, poniewa\u017c rozpuszczalniki organiczne w niskich st\u0119\u017ceniach mog\u0105 mie\u0107 dzia\u0142anie fizjologiczne. Zalecamy przechowywanie roztworu wodnego nie d\u0142u\u017cej ni\u017c jeden dzie\u0144.<\/p>\n<p>Ten produkt jest sprzedawany wy\u0142\u0105cznie do u\u017cytku badawczego i nie powinien by\u0107 u\u017cywany do \u017cadnych innych cel\u00f3w, w tym mi\u0119dzy innymi do cel\u00f3w diagnostycznych in vivo, w \u017cywno\u015bci, lekach, urz\u0105dzeniach medycznych i \/ lub kosmetykach dla ludzi i \/ lub zwierz\u0105t.<\/p>\n<p>Przed z\u0142o\u017ceniem zam\u00f3wienia upewnij si\u0119, \u017ce jeste\u015b odpowiednio przygotowany do pracy z chemikaliami i \u017ce Twoje miejsce pracy jest dobrze wentylowane.<\/p>\n<p>Aby zam\u00f3wi\u0107 ten produkt, musisz mie\u0107 uko\u0144czone 21 lat.<\/p>\n<p>U\u017cytkownik ponosi odpowiedzialno\u015b\u0107 za znajomo\u015b\u0107 i przestrzeganie przepis\u00f3w prawa obowi\u0105zuj\u0105cych w jego kraju\/prowincji\/regionie\/miejscowo\u015bci. Nie ponosimy odpowiedzialno\u015bci za jakiekolwiek dzia\u0142ania lub konsekwencje wynikaj\u0105ce z decyzji o z\u0142o\u017ceniu zam\u00f3wienia. Prosimy o kontakt <a href=\"https:\/\/rc-chemlab.net\/pl\/kontakt\/\">my<\/a> w celu uzyskania dalszych informacji.<\/p>","protected":false},"excerpt":{"rendered":"<p>JWH 210 kaufen JWH 210 ist ein starkes cannabimimetisches Alkylindol, das an zentrale Cannabinoid- und periphere Cannabinoidrezeptoren mit Ki-Werten von<\/p>","protected":false},"featured_media":10304,"comment_status":"open","ping_status":"closed","template":"","meta":{"_seopress_robots_primary_cat":"none","_seopress_titles_title":"JWH 210 kaufen %%sep%% %%sitetitle%%","_seopress_titles_desc":"JWH 210 kaufen - JWH 210 ist ein potentes cannabimimetisches Alkylindol, das die zentralen Cannabinoid- und peripheren Cannabinoid-Rezeptoren","_seopress_robots_index":""},"product_brand":[],"product_cat":[140],"product_tag":[],"class_list":{"0":"post-1266","1":"product","2":"type-product","3":"status-publish","4":"has-post-thumbnail","6":"product_cat-forschungschemikalien","8":"first","9":"instock","10":"taxable","11":"shipping-taxable","12":"purchasable","13":"product-type-variable"},"_links":{"self":[{"href":"https:\/\/rc-chemlab.net\/pl\/wp-json\/wp\/v2\/product\/1266","targetHints":{"allow":["GET"]}}],"collection":[{"href":"https:\/\/rc-chemlab.net\/pl\/wp-json\/wp\/v2\/product"}],"about":[{"href":"https:\/\/rc-chemlab.net\/pl\/wp-json\/wp\/v2\/types\/product"}],"replies":[{"embeddable":true,"href":"https:\/\/rc-chemlab.net\/pl\/wp-json\/wp\/v2\/comments?post=1266"}],"version-history":[{"count":2,"href":"https:\/\/rc-chemlab.net\/pl\/wp-json\/wp\/v2\/product\/1266\/revisions"}],"predecessor-version":[{"id":10306,"href":"https:\/\/rc-chemlab.net\/pl\/wp-json\/wp\/v2\/product\/1266\/revisions\/10306"}],"wp:featuredmedia":[{"embeddable":true,"href":"https:\/\/rc-chemlab.net\/pl\/wp-json\/wp\/v2\/media\/10304"}],"wp:attachment":[{"href":"https:\/\/rc-chemlab.net\/pl\/wp-json\/wp\/v2\/media?parent=1266"}],"wp:term":[{"taxonomy":"product_brand","embeddable":true,"href":"https:\/\/rc-chemlab.net\/pl\/wp-json\/wp\/v2\/product_brand?post=1266"},{"taxonomy":"product_cat","embeddable":true,"href":"https:\/\/rc-chemlab.net\/pl\/wp-json\/wp\/v2\/product_cat?post=1266"},{"taxonomy":"product_tag","embeddable":true,"href":"https:\/\/rc-chemlab.net\/pl\/wp-json\/wp\/v2\/product_tag?post=1266"}],"curies":[{"name":"wp","href":"https:\/\/api.w.org\/{rel}","templated":true}]}}