{"id":1258,"date":"2023-06-04T05:23:28","date_gmt":"2023-06-04T05:23:28","guid":{"rendered":"https:\/\/rc-chemlab.net\/?post_type=product&#038;p=1258"},"modified":"2024-04-15T00:26:28","modified_gmt":"2024-04-15T00:26:28","slug":"diclazepam-kaufen","status":"publish","type":"product","link":"https:\/\/rc-chemlab.net\/pl\/product\/diclazepam-kaufen\/","title":{"rendered":"Diklazepam w proszku"},"content":{"rendered":"<h1>Kup Diclazepam<\/h1>\n<h2>Co to jest diklazepam?<\/h2>\n<p>Diklazepam jest r\u00f3wnie\u017c znany jako chlordiazepam. Ten badany zwi\u0105zek chemiczny nale\u017cy do klasy benzodiazepin. Diklazepam zosta\u0142 po raz pierwszy zsyntetyzowany w latach 60. ubieg\u0142ego wieku. Wielu badaczy eksperymentuje z t\u0105 substancj\u0105 chemiczn\u0105 w celu znalezienia <a href=\"https:\/\/www.drugcom.de\/drogenlexikon\/buchstabe-b\/benzodiazepine\/\">Benzodiazepiny<\/a> typowe wyniki. Eksperymenty z diklazepamem zwykle powoduj\u0105 rozlu\u017anienie mi\u0119\u015bni, uspokojenie, odhamowanie, t\u0142umienie l\u0119ku, op\u00f3\u017anienie my\u015blenia, t\u0142umienie analizy, wzmocnienie sn\u00f3w i resztkow\u0105 senno\u015b\u0107. Naukowcy powinni by\u0107 \u015bwiadomi senno\u015bci przed eksperymentowaniem z diklazepamem w swoich laboratoriach.<\/p>\n<h2>Jak mo\u017cna kupi\u0107 Diclazepam?<\/h2>\n<p>W Chemical Planet oferujemy wysokiej jako\u015bci diklazepam. Nasz diklazepam jest zwykle dostarczany w postaci proszku. Je\u015bli jednak wolisz inn\u0105 form\u0119, mo\u017cesz skontaktowa\u0107 si\u0119 z nami, aby sprawdzi\u0107, kiedy b\u0119dzie ona dost\u0119pna.<\/p>\n<p>Je\u015bli chcesz kupi\u0107 Chemical Planet Diclazepam, musisz mie\u0107 uko\u0144czone 18 lat. Musisz r\u00f3wnie\u017c w pe\u0142ni przestrzega\u0107 przepis\u00f3w obowi\u0105zuj\u0105cych w Twoim kraju. Nasz diklazepam nie jest przeznaczony do u\u017cytku wewn\u0119trznego u zwierz\u0105t lub ludzi. Jest przeznaczony wy\u0142\u0105cznie do cel\u00f3w badawczych.<\/p>\n<h2>Legalno\u015b\u0107 diklazepamu<\/h2>\n<p>Diklazepam jest nielegalny w Niemczech. W Wielkiej Brytanii jest to narkotyk klasy C. Jest legalny w Stanach Zjednoczonych. W Kanadzie jest to substancja z wykazu IV.<\/p>\n<p>Zawsze przechowywa\u0107 w ch\u0142odnym, suchym miejscu, aby zapewni\u0107 maksymalny okres trwa\u0142o\u015bci. Ten produkt jest przeznaczony wy\u0142\u0105cznie do u\u017cytku kryminalistycznego i naukowego. Dlatego NIE jest przeznaczony do spo\u017cycia przez ludzi ani do jakichkolwiek test\u00f3w in vivo na zwierz\u0119tach lub \u017cywych organizmach. Prosimy o kontakt <a href=\"https:\/\/rc-chemlab.net\/pl\/kontakt\/\">my<\/a> w celu uzyskania dalszych informacji.<\/p>","protected":false},"excerpt":{"rendered":"<p>Diclazepam kaufen Was ist Diclazepam? Diclazepam ist auch als Chlordiazepam bekannt. Diese Forschungschemikalie f\u00e4llt unter die Klasse der Benzodiazepine. Diclazepam<\/p>","protected":false},"featured_media":10302,"comment_status":"open","ping_status":"closed","template":"","meta":{"_seopress_robots_primary_cat":"none","_seopress_titles_title":"Diclazepam Kaufen %%sep%% %%sitetitle%%","_seopress_titles_desc":"Diclazepam Kaufen - Diclazepam ist auch als Chlordiazepam bekannt. Diese Forschungschemikalie f\u00e4llt unter die Klasse der Benzodiazepine.","_seopress_robots_index":""},"product_brand":[],"product_cat":[140],"product_tag":[],"class_list":{"0":"post-1258","1":"product","2":"type-product","3":"status-publish","4":"has-post-thumbnail","6":"product_cat-forschungschemikalien","8":"first","9":"instock","10":"taxable","11":"shipping-taxable","12":"purchasable","13":"product-type-variable"},"_links":{"self":[{"href":"https:\/\/rc-chemlab.net\/pl\/wp-json\/wp\/v2\/product\/1258","targetHints":{"allow":["GET"]}}],"collection":[{"href":"https:\/\/rc-chemlab.net\/pl\/wp-json\/wp\/v2\/product"}],"about":[{"href":"https:\/\/rc-chemlab.net\/pl\/wp-json\/wp\/v2\/types\/product"}],"replies":[{"embeddable":true,"href":"https:\/\/rc-chemlab.net\/pl\/wp-json\/wp\/v2\/comments?post=1258"}],"version-history":[{"count":2,"href":"https:\/\/rc-chemlab.net\/pl\/wp-json\/wp\/v2\/product\/1258\/revisions"}],"predecessor-version":[{"id":10301,"href":"https:\/\/rc-chemlab.net\/pl\/wp-json\/wp\/v2\/product\/1258\/revisions\/10301"}],"wp:featuredmedia":[{"embeddable":true,"href":"https:\/\/rc-chemlab.net\/pl\/wp-json\/wp\/v2\/media\/10302"}],"wp:attachment":[{"href":"https:\/\/rc-chemlab.net\/pl\/wp-json\/wp\/v2\/media?parent=1258"}],"wp:term":[{"taxonomy":"product_brand","embeddable":true,"href":"https:\/\/rc-chemlab.net\/pl\/wp-json\/wp\/v2\/product_brand?post=1258"},{"taxonomy":"product_cat","embeddable":true,"href":"https:\/\/rc-chemlab.net\/pl\/wp-json\/wp\/v2\/product_cat?post=1258"},{"taxonomy":"product_tag","embeddable":true,"href":"https:\/\/rc-chemlab.net\/pl\/wp-json\/wp\/v2\/product_tag?post=1258"}],"curies":[{"name":"wp","href":"https:\/\/api.w.org\/{rel}","templated":true}]}}