{"id":9597,"date":"2023-06-21T22:20:25","date_gmt":"2023-06-21T22:20:25","guid":{"rendered":"https:\/\/rc-chemlab.net\/?page_id=9597"},"modified":"2023-06-21T22:20:25","modified_gmt":"2023-06-21T22:20:25","slug":"zahlung-und-lieferung","status":"publish","type":"page","link":"https:\/\/rc-chemlab.net\/pl\/zahlung-und-lieferung\/","title":{"rendered":"P\u0142atno\u015b\u0107 i dostawa"},"content":{"rendered":"<h2>dostawa<\/h2>\n<p>Wszystkie nasze produkty s\u0105 wysy\u0142ane w bezzapachowych workach\/prostych kopertach\/pude\u0142kach. Paczka jest dwukrotnie zamykana za pomoc\u0105 wytrzyma\u0142ych work\u00f3w bezzapachowych, a nast\u0119pnie zaklejana ta\u015bm\u0105, aby zapewni\u0107, \u017ce zapach nie zostanie wykryty. Chocia\u017c wysy\u0142amy zam\u00f3wienia tego samego dnia, je\u015bli zostan\u0105 otrzymane przed godzin\u0105 17:00, mog\u0105 wyst\u0105pi\u0107 op\u00f3\u017anienia, poniewa\u017c proces dostawy zale\u017cy od us\u0142ugodawcy i jest poza nasz\u0105 kontrol\u0105. Je\u015bli przedmiot nie dotrze zgodnie z oczekiwaniami, <a href=\"https:\/\/rc-chemlab.net\/pl\/kontakt\/\">Prosimy o przes\u0142anie wiadomo\u015bci e-mail<\/a> a my sprawdzimy i prze\u015bledzimy przesy\u0142k\u0119.<\/p>\n<blockquote><p><strong>Zastrze\u017cenie<\/strong><\/p>\n<p>Chocia\u017c 99% naszych zam\u00f3wie\u0144 jest dostarczanych, istnieje niewielka szansa, \u017ce zostan\u0105 one zgubione \/ skradzione podczas wysy\u0142ki. Je\u015bli tak si\u0119 stanie i nie otrzymasz produktu w ci\u0105gu 14 dni, skontaktuj si\u0119 z nami, a my postaramy si\u0119 rozwi\u0105za\u0107 ten problem.<\/p><\/blockquote>\n<h2>P\u0142atno\u015b\u0107<\/h2>\n<p>Ze wzgl\u0119du na charakter produktu nie jeste\u015bmy obecnie w stanie przetwarza\u0107 p\u0142atno\u015bci kart\u0105 debetow\u0105 lub kredytow\u0105. Obecnie p\u0142atno\u015bci mo\u017cna dokonywa\u0107 za pomoc\u0105 kryptowalut lub przelewem bankowym SEPA.<\/p>\n<p>Aby zap\u0142aci\u0107 kryptowalutami, nale\u017cy utworzy\u0107 portfel Bitcoin i dokona\u0107 przelewu na nasz adres portfela, kt\u00f3ry b\u0119dzie widoczny przy kasie. Ta metoda jest r\u0119czna, a zam\u00f3wienie zostanie przetworzone, gdy tylko zweryfikujemy transakcj\u0119. <a href=\"https:\/\/btcdirect.eu\/de-at\">Kup Bitcoin online<\/a>.<\/p>","protected":false},"excerpt":{"rendered":"<p>Lieferung Alle unsere Produkte werden in geruchsneutralen Beuteln\/einfachen Umschl\u00e4gen\/Kartons verschickt. Das Paket wird zweimal mit strapazierf\u00e4higen, geruchsfreien Beuteln versiegelt und<\/p>","protected":false},"author":1,"featured_media":0,"parent":0,"menu_order":0,"comment_status":"closed","ping_status":"closed","template":"","meta":{"_seopress_robots_primary_cat":"","_seopress_titles_title":"","_seopress_titles_desc":"","_seopress_robots_index":"","footnotes":""},"class_list":["post-9597","page","type-page","status-publish","hentry"],"_links":{"self":[{"href":"https:\/\/rc-chemlab.net\/pl\/wp-json\/wp\/v2\/pages\/9597","targetHints":{"allow":["GET"]}}],"collection":[{"href":"https:\/\/rc-chemlab.net\/pl\/wp-json\/wp\/v2\/pages"}],"about":[{"href":"https:\/\/rc-chemlab.net\/pl\/wp-json\/wp\/v2\/types\/page"}],"author":[{"embeddable":true,"href":"https:\/\/rc-chemlab.net\/pl\/wp-json\/wp\/v2\/users\/1"}],"replies":[{"embeddable":true,"href":"https:\/\/rc-chemlab.net\/pl\/wp-json\/wp\/v2\/comments?post=9597"}],"version-history":[{"count":1,"href":"https:\/\/rc-chemlab.net\/pl\/wp-json\/wp\/v2\/pages\/9597\/revisions"}],"predecessor-version":[{"id":9599,"href":"https:\/\/rc-chemlab.net\/pl\/wp-json\/wp\/v2\/pages\/9597\/revisions\/9599"}],"wp:attachment":[{"href":"https:\/\/rc-chemlab.net\/pl\/wp-json\/wp\/v2\/media?parent=9597"}],"curies":[{"name":"wp","href":"https:\/\/api.w.org\/{rel}","templated":true}]}}