{"id":66,"date":"2020-03-13T10:24:27","date_gmt":"2020-03-13T10:24:27","guid":{"rendered":"https:\/\/demo.creativethemes.com\/blocksy\/modern-shop\/?post_type=product&#038;p=66"},"modified":"2024-12-21T15:40:24","modified_gmt":"2024-12-21T15:40:24","slug":"3-cmc-kaufen","status":"publish","type":"product","link":"https:\/\/rc-chemlab.net\/nl\/product\/3-cmc-kaufen\/","title":{"rendered":"3 CMC"},"content":{"rendered":"<h1>3-CMC kopen<\/h1>\n<p>De molecule 3-MMC, ook bekend als 3-methylmethcathinone, behoort tot de klasse van gesubstitueerde cathinonen. Cathinonen zijn een subgroep van amfetaminen die de amfetaminekernstructuur hebben van een fenylring die is verbonden met een aminogroep (NH2) via een ethylketen en een extra methylsubstitutie op R\u03b1.<\/p>\n<p>3MMC en andere cathinonen verschillen in hun ketonsubstitutie op het b\u00e8ta-koolstof van het amfetamineskelet, waardoor het \u03b2-keto-amfetaminen zijn. 3MMC heeft twee methylsubstituties op het cathinonskelet: \u00e9\u00e9n bij R3 van de fenylring en \u00e9\u00e9n bij de stikstofgroep RN. 3MMC is vergelijkbaar met mephedrone; het heeft dezelfde structuur, behalve dat de methylgroep op R3 is geplaatst in plaats van op R4.<\/p>\n<h2>3-CMC Duitsland kopen<\/h2>\n<p>3-MMC wordt alleen verkocht voor onderzoeksdoeleinden en mag niet worden gebruikt voor andere doeleinden, zoals in vivo diagnostiek, in voeding, geneesmiddelen, medische hulpmiddelen en\/of cosmetica voor mens of dier.<\/p>\n<p>Controleer voordat je bestelt of je goed bent uitgerust om met chemicali\u00ebn voor onderzoek om te gaan en of je werkplek goed geventileerd is. Je moet minstens 18 jaar oud zijn om dit product te bestellen.<\/p>\n<p>3-MMC is legaal in ons thuisland. Het is uw verantwoordelijkheid om de wetten in uw staat, provincie, regio, land of stad te begrijpen en na te leven. Wij zijn niet verantwoordelijk voor acties of gevolgen die voortvloeien uit uw bestelling.<\/p>","protected":false},"excerpt":{"rendered":"<p>3-CMC kaufen Der Molek\u00fcl 3-MMC, auch bekannt als 3-Methylmethcathinon, geh\u00f6rt zur Klasse der substituierten Cathinone. Cathinone sind eine Untergruppe der<\/p>","protected":false},"featured_media":10257,"comment_status":"open","ping_status":"closed","template":"","meta":{"_seopress_robots_primary_cat":"none","_seopress_titles_title":"3 CMC Kaufen %%sep%% %%sitetitle%%","_seopress_titles_desc":"Der Molek\u00fcl 3-MMC, auch bekannt als 3-Methylmethcathinon, geh\u00f6rt zur Klasse der substituierten Cathinone.","_seopress_robots_index":""},"product_brand":[],"product_cat":[140],"product_tag":[],"class_list":{"0":"post-66","1":"product","2":"type-product","3":"status-publish","4":"has-post-thumbnail","6":"product_cat-forschungschemikalien","8":"first","9":"instock","10":"featured","11":"taxable","12":"shipping-taxable","13":"purchasable","14":"product-type-variable"},"_links":{"self":[{"href":"https:\/\/rc-chemlab.net\/nl\/wp-json\/wp\/v2\/product\/66","targetHints":{"allow":["GET"]}}],"collection":[{"href":"https:\/\/rc-chemlab.net\/nl\/wp-json\/wp\/v2\/product"}],"about":[{"href":"https:\/\/rc-chemlab.net\/nl\/wp-json\/wp\/v2\/types\/product"}],"replies":[{"embeddable":true,"href":"https:\/\/rc-chemlab.net\/nl\/wp-json\/wp\/v2\/comments?post=66"}],"version-history":[{"count":2,"href":"https:\/\/rc-chemlab.net\/nl\/wp-json\/wp\/v2\/product\/66\/revisions"}],"predecessor-version":[{"id":10258,"href":"https:\/\/rc-chemlab.net\/nl\/wp-json\/wp\/v2\/product\/66\/revisions\/10258"}],"wp:featuredmedia":[{"embeddable":true,"href":"https:\/\/rc-chemlab.net\/nl\/wp-json\/wp\/v2\/media\/10257"}],"wp:attachment":[{"href":"https:\/\/rc-chemlab.net\/nl\/wp-json\/wp\/v2\/media?parent=66"}],"wp:term":[{"taxonomy":"product_brand","embeddable":true,"href":"https:\/\/rc-chemlab.net\/nl\/wp-json\/wp\/v2\/product_brand?post=66"},{"taxonomy":"product_cat","embeddable":true,"href":"https:\/\/rc-chemlab.net\/nl\/wp-json\/wp\/v2\/product_cat?post=66"},{"taxonomy":"product_tag","embeddable":true,"href":"https:\/\/rc-chemlab.net\/nl\/wp-json\/wp\/v2\/product_tag?post=66"}],"curies":[{"name":"wp","href":"https:\/\/api.w.org\/{rel}","templated":true}]}}