{"id":162,"date":"2020-03-16T09:08:51","date_gmt":"2020-03-16T09:08:51","guid":{"rendered":"https:\/\/demo.creativethemes.com\/blocksy\/modern-shop\/?post_type=product&#038;p=162"},"modified":"2024-06-15T13:25:32","modified_gmt":"2024-06-15T13:25:32","slug":"4f-adb-kaufen","status":"publish","type":"product","link":"https:\/\/rc-chemlab.net\/nl\/product\/4f-adb-kaufen\/","title":{"rendered":"4F-ADB"},"content":{"rendered":"<h1>4F-ADB kopen<\/h1>\n<h2>Wat is 4F-ADB poeder?<\/h2>\n<p>4F-ADB is een synthetische cannabino\u00efde op basis van indazolen. Het heeft een sterk effect op cannabino\u00efde receptoren. Het lijkt erg op andere synthetische cannabino\u00efden zoals 5F-ADB. Om te experimenteren met deze cannabino\u00efde heb je slechts kleine doses nodig.<\/p>\n<p>Dit komt door hoe sterk deze chemische stof is. Volg de veiligheidsregels zorgvuldig op om experimenten te vermijden.<\/p>\n<h2>4F-ADB kopen<\/h2>\n<p>4F-ADB van de hoogste kwaliteit wordt verkocht door Rc-Chemlab. De 4F-ADB die wij aanbieden is verkrijgbaar in poedervorm. Om 4F-ADB van ons te kopen, moet je minstens 18 jaar oud zijn.<\/p>\n<p>Het product is niet bedoeld voor mensen of dieren. Het is uitsluitend ontwikkeld voor experimentele doeleinden. Bovendien moet de aankoop gebeuren in volledige overeenstemming met de nationale wetten van uw land.<\/p>\n<h2>De wettelijke status van 4F-ADB<\/h2>\n<p>4F-ADB is momenteel onbekend in veel landen en daarom op veel plaatsen legaal. Het zou echter beschouwd kunnen worden als een analoog van 5F-ADB, waardoor het illegaal zou kunnen zijn in landen met strenge wetten op analogen, zoals de Verenigde Staten. Neem voor meer informatie contact op met<a href=\"https:\/\/rc-chemlab.net\/nl\/kontakt\/\"> Contact met ons opnemen<\/a> op.<\/p>","protected":false},"excerpt":{"rendered":"<p>4F-ADB kaufen Was ist 4F-ADB Pulver? 4F-ADB ist ein synthetisches Indazol-basiertes Cannabinoid. Es wirkt sich stark auf die Cannabinoidrezeptoren aus.<\/p>","protected":false},"featured_media":10269,"comment_status":"open","ping_status":"closed","template":"","meta":{"_seopress_robots_primary_cat":"none","_seopress_titles_title":"4F-ADB kaufen %%sep%% %%sitetitle%%","_seopress_titles_desc":"4F-ADB kaufen - 4F-ADB ist ein synthetisches Indazol-basiertes Cannabinoid. Es wirkt sich stark auf die Cannabinoidrezeptoren aus.","_seopress_robots_index":""},"product_brand":[],"product_cat":[140],"product_tag":[],"class_list":{"0":"post-162","1":"product","2":"type-product","3":"status-publish","4":"has-post-thumbnail","6":"product_cat-forschungschemikalien","8":"first","9":"instock","10":"featured","11":"taxable","12":"shipping-taxable","13":"purchasable","14":"product-type-variable"},"_links":{"self":[{"href":"https:\/\/rc-chemlab.net\/nl\/wp-json\/wp\/v2\/product\/162","targetHints":{"allow":["GET"]}}],"collection":[{"href":"https:\/\/rc-chemlab.net\/nl\/wp-json\/wp\/v2\/product"}],"about":[{"href":"https:\/\/rc-chemlab.net\/nl\/wp-json\/wp\/v2\/types\/product"}],"replies":[{"embeddable":true,"href":"https:\/\/rc-chemlab.net\/nl\/wp-json\/wp\/v2\/comments?post=162"}],"version-history":[{"count":2,"href":"https:\/\/rc-chemlab.net\/nl\/wp-json\/wp\/v2\/product\/162\/revisions"}],"predecessor-version":[{"id":10270,"href":"https:\/\/rc-chemlab.net\/nl\/wp-json\/wp\/v2\/product\/162\/revisions\/10270"}],"wp:featuredmedia":[{"embeddable":true,"href":"https:\/\/rc-chemlab.net\/nl\/wp-json\/wp\/v2\/media\/10269"}],"wp:attachment":[{"href":"https:\/\/rc-chemlab.net\/nl\/wp-json\/wp\/v2\/media?parent=162"}],"wp:term":[{"taxonomy":"product_brand","embeddable":true,"href":"https:\/\/rc-chemlab.net\/nl\/wp-json\/wp\/v2\/product_brand?post=162"},{"taxonomy":"product_cat","embeddable":true,"href":"https:\/\/rc-chemlab.net\/nl\/wp-json\/wp\/v2\/product_cat?post=162"},{"taxonomy":"product_tag","embeddable":true,"href":"https:\/\/rc-chemlab.net\/nl\/wp-json\/wp\/v2\/product_tag?post=162"}],"curies":[{"name":"wp","href":"https:\/\/api.w.org\/{rel}","templated":true}]}}