{"id":1340,"date":"2023-06-07T03:47:53","date_gmt":"2023-06-07T03:47:53","guid":{"rendered":"https:\/\/rc-chemlab.net\/?post_type=product&#038;p=1340"},"modified":"2024-04-16T01:49:53","modified_gmt":"2024-04-16T01:49:53","slug":"a-pihp","status":"publish","type":"product","link":"https:\/\/rc-chemlab.net\/nl\/product\/a-pihp\/","title":{"rendered":"Een PiHP"},"content":{"rendered":"<h1>Een PiHP<\/h1>\n<p>\u03b1-PHiP, auch allgemein als <a href=\"https:\/\/en.wikipedia.org\/wiki\/%CE%91-PHiP\">Alpha-PHiP<\/a> bezeichnet, ist eine Verbindung der Cathinon-Klasse und ein Strukturisomer der Ausgangsverbindung Pyrovaleron, die in den vergangenen Jahrzehnten h\u00e4ufig zur Behandlung von Lethargie, Schl\u00e4frigkeit und chronischer M\u00fcdigkeit verschrieben wurde.<\/p>\n<p>Es ist auch den anderen, bekannteren Verbindungen A-PHP und MDPV sehr \u00e4hnlich, Substanzen, die bei Einnahme ein Gef\u00fchl der Euphorie hervorrufen.<\/p>\n<p>Obwohl \u03b1-PHiP in seiner Struktur Verbindungen \u00e4hnelt, die f\u00fcr den menschlichen Verzehr getestet und zugelassen wurden, dient \u03b1-PHiP nur zu Forschungszwecken und ist nicht f\u00fcr den menschlichen Verzehr bestimmt.<\/p>\n<h2>Chemische Eigenschaften von \u03b1-PHiP<\/h2>\n<ul>\n<li>Chemische Formel: C23H27N3O2<\/li>\n<li>Vollst\u00e4ndiger Name: 4-Methyl-1-phenyl-2- (pyrrolidin-1-yl) pentan-1-on<\/li>\n<li>Molekulargewicht: g \/ mol<\/li>\n<li>Reinheit:&gt; 98%<\/li>\n<\/ul>\n<p>Wie oben erw\u00e4hnt, ist A PiHP eine Verbindung der Cathinonklasse und teilt die chemischen Eigenschaften mit dem besser erforschten Pyrovaleron \u2013 der einzige Unterschied besteht in einer verschobenen Methylgruppe von der 4-Position des aromatischen Rings zur 4-Position des Acyls Kette. Genau wie bei Pyrovaleron kann erwartet werden, dass \u03b1-PHiP bei Einnahme Euphorie, erh\u00f6hte Energie und einen verbesserten Fokus hervorruft, obwohl keine Studien durchgef\u00fchrt wurden, um dies zu best\u00e4tigen.<\/p>\n<p>Wie bei allen psychoaktiven Cathinonen wird angenommen, dass \u03b1-PHiP die Freisetzung von Dopamin erh\u00f6ht und die Wiederaufnahme von Adrenalin, Noradrenalin und Serotonin im Zentralnervensystem hemmt.<\/p>\n<p>Es ist erw\u00e4hnenswert, dass alle Cathinone auf den psychoaktiven Verbindungen der Khat-Pflanze (Catha edulis) basieren, deren Bl\u00e4tter bei denen, die sie kauen, ein Stimulans wie eine Wirkung hervorrufen.\u00a0Khat wird in vielen afrikanischen L\u00e4ndern seit Hunderten von Jahren auf diese Weise konsumiert. Aus dieser Pflanze stammen alle Chemikalien der Cathinon-Familie.<\/p>\n<blockquote><p><strong>HINWEIS:\u00a0<\/strong>\u00a0Im Gegensatz zu Khat oder Pyrovaleron hat \u03b1-PHiP in der Vergangenheit keinen menschlichen Gebrauch und darf nur zu Forschungszwecken und nicht f\u00fcr den menschlichen Verzehr verwendet werden.<\/p><\/blockquote>\n<h2><strong>Wo zu kaufen?<\/strong><\/h2>\n<p>In\u00a0<span data-contrast=\"none\">onze chemische activiteiten<\/span>\u00a0, einer vertrauensw\u00fcrdigen N1-Quelle, bieten wir hochwertiges \u03b1-PHiP in Laborqualit\u00e4t in Form von Salzpulver an.\u00a0<span data-contrast=\"none\">Unser Chemiegesch\u00e4ft<\/span>\u00a0ist die erste Wahl f\u00fcr diejenigen, die Forschungschemikalien kaufen m\u00f6chten.\u00a0Bitte beachten Sie, dass Sie mindestens 18 Jahre alt sein m\u00fcssen, um \u03b1-PHiP in\u00a0<span data-contrast=\"none\">onze chemische activiteiten<\/span> kaufen zu\u00a0k\u00f6nnen\u00a0.\u00a0Alle verkauften Forschungschemikalien sind f\u00fcr Laboruntersuchungen und Experimente und nicht f\u00fcr den menschlichen Verzehr bestimmt. F\u00fcr weitere Informationen nehmen Sie bitte <a href=\"https:\/\/rc-chemlab.net\/nl\/kontakt\/\">Contact met ons opnemen<\/a> op.<\/p>","protected":false},"excerpt":{"rendered":"<p>A PiHP \u03b1-PHiP, auch allgemein als Alpha-PHiP bezeichnet, ist eine Verbindung der Cathinon-Klasse und ein Strukturisomer der Ausgangsverbindung Pyrovaleron, die<\/p>","protected":false},"featured_media":10330,"comment_status":"open","ping_status":"closed","template":"","meta":{"_seopress_robots_primary_cat":"none","_seopress_titles_title":"A PiHP %%sep%% %%sitetitle%%","_seopress_titles_desc":"\u03b1-PHiP, auch allgemein als Alpha-PHiP bezeichnet, ist eine Verbindung der Cathinon-Klasse - \u03b1-PHiP, auch allgemein als Alpha-PHiP bezeichnet, ist eine Verbindung der Cathinon-Klasse","_seopress_robots_index":""},"product_brand":[],"product_cat":[140],"product_tag":[],"class_list":{"0":"post-1340","1":"product","2":"type-product","3":"status-publish","4":"has-post-thumbnail","6":"product_cat-forschungschemikalien","8":"first","9":"instock","10":"taxable","11":"shipping-taxable","12":"purchasable","13":"product-type-variable"},"_links":{"self":[{"href":"https:\/\/rc-chemlab.net\/nl\/wp-json\/wp\/v2\/product\/1340","targetHints":{"allow":["GET"]}}],"collection":[{"href":"https:\/\/rc-chemlab.net\/nl\/wp-json\/wp\/v2\/product"}],"about":[{"href":"https:\/\/rc-chemlab.net\/nl\/wp-json\/wp\/v2\/types\/product"}],"replies":[{"embeddable":true,"href":"https:\/\/rc-chemlab.net\/nl\/wp-json\/wp\/v2\/comments?post=1340"}],"version-history":[{"count":1,"href":"https:\/\/rc-chemlab.net\/nl\/wp-json\/wp\/v2\/product\/1340\/revisions"}],"predecessor-version":[{"id":10331,"href":"https:\/\/rc-chemlab.net\/nl\/wp-json\/wp\/v2\/product\/1340\/revisions\/10331"}],"wp:featuredmedia":[{"embeddable":true,"href":"https:\/\/rc-chemlab.net\/nl\/wp-json\/wp\/v2\/media\/10330"}],"wp:attachment":[{"href":"https:\/\/rc-chemlab.net\/nl\/wp-json\/wp\/v2\/media?parent=1340"}],"wp:term":[{"taxonomy":"product_brand","embeddable":true,"href":"https:\/\/rc-chemlab.net\/nl\/wp-json\/wp\/v2\/product_brand?post=1340"},{"taxonomy":"product_cat","embeddable":true,"href":"https:\/\/rc-chemlab.net\/nl\/wp-json\/wp\/v2\/product_cat?post=1340"},{"taxonomy":"product_tag","embeddable":true,"href":"https:\/\/rc-chemlab.net\/nl\/wp-json\/wp\/v2\/product_tag?post=1340"}],"curies":[{"name":"wp","href":"https:\/\/api.w.org\/{rel}","templated":true}]}}