{"id":1324,"date":"2023-06-05T23:21:14","date_gmt":"2023-06-05T23:21:14","guid":{"rendered":"https:\/\/rc-chemlab.net\/?post_type=product&#038;p=1324"},"modified":"2024-04-16T01:30:39","modified_gmt":"2024-04-16T01:30:39","slug":"6-apb-kaufen","status":"publish","type":"product","link":"https:\/\/rc-chemlab.net\/nl\/product\/6-apb-kaufen\/","title":{"rendered":"6-APB"},"content":{"rendered":"<h1>6-APB kaufen<\/h1>\n<p>M\u00f6chten Sie 6-APB kaufen? Dann sind Sie bei Chemlab an der richtigen Adresse. Alle Produkte sind laborgepr\u00fcft und zu mindestens 95% rein. Au\u00dferdem versenden wir alle Forschungschemikalien aus den Niederlanden, so dass sie innerhalb von 24 Stunden nach der Zahlung bei Ihnen im Labor sind!<\/p>\n<h2>Was ist 6-APB?<\/h2>\n<p>6-APB, auch bekannt als Benzo Fury, ist eine Forschungschemikalie, die in die Klasse der Benzofurane f\u00e4llt. Es handelt sich um eine sehr beliebte Substanz, die bei vielen chemischen Forschern gut ankommt. Von der chemischen Struktur her \u00e4hnelt 6-APB Substanzen wie <a href=\"https:\/\/xtcdrogenhaus.com\/Produkt-Kategorie\/ecstasys-kaufen\/\">MDMA<\/a> und XTC, auch die Wirkungen von 6-APB \u00e4hneln denen dieser Substanzen. Studien mit 6-APB dauern mehrere Stunden l\u00e4nger als jene mit MDMA. Bei niedrigen Dosen hat man mehr Kontrolle und die Wirkung ist milder als bei XTC. Mit 6-APB kann man eine euphorische und energiegeladene Pr\u00fcfung erwarten. Diese Forschungschemikalie kann aber auch f\u00fcr ein trippiges Forschungsergebnis sorgen. Bei einer niedrigeren Dosis ist dies nicht der Fall.<\/p>\n<h2>6-APB Erfahrung<\/h2>\n<p>M\u00f6chtest Du mehr \u00fcber 6-APB und die Wirkungen dieser Forschungschemikalie erfahren? Dann k\u00f6nnen Sie sich auf Websites wie Psychonaut Wiki und Wikipedia \u00fcber diese Substanz informieren.<\/p>\n<h2>6-APB online kaufen<\/h2>\n<p>Bei Nachtapotheker.nl k\u00f6nnen Sie sich auf hochwertiges Benzofury verlassen, das auch im Labor getestet wurde. Dadurch k\u00f6nnen wir eine Reinheit von mindestens 95% garantieren. Nachtapotheker.nl verkauft 6-APB-Pulver in Mengen von 0,25, 0,5, 1, 2 und 5 Gramm. Alle Forschungschemikalien werden aus den Niederlanden verschickt und sind innerhalb von 24 Stunden nach Zahlungseingang in Ihrem Labor. Bitte beachten Sie: 6-APB ist, wie andere Forschungschemikalien auch, nur f\u00fcr Forschungszwecke bestimmt und sollte auf keinen Fall von Menschen, Tieren oder anderen Lebewesen verzehrt werden. Lagern Sie es an einem trockenen, k\u00fchlen Ort, um eine maximale Haltbarkeit zu gew\u00e4hrleisten. Wir verkaufen keine Forschungschemikalien an Personen unter 18 Jahren. F\u00fcr weitere Informationen nehmen Sie bitte <a href=\"https:\/\/rc-chemlab.net\/nl\/kontakt\/\">Contact met ons opnemen<\/a> op.<\/p>","protected":false},"excerpt":{"rendered":"<p>6-APB kaufen M\u00f6chten Sie 6-APB kaufen? Dann sind Sie bei Chemlab an der richtigen Adresse. Alle Produkte sind laborgepr\u00fcft und<\/p>","protected":false},"featured_media":10323,"comment_status":"open","ping_status":"closed","template":"","meta":{"_seopress_robots_primary_cat":"none","_seopress_titles_title":"6-APB kaufen %%sep%% %%sitetitle%%","_seopress_titles_desc":"6-APB kaufen - M\u00f6chten Sie 6-APB kaufen? Dann sind Sie bei Chemlab an der richtigen Adresse.","_seopress_robots_index":""},"product_brand":[],"product_cat":[140],"product_tag":[],"class_list":{"0":"post-1324","1":"product","2":"type-product","3":"status-publish","4":"has-post-thumbnail","6":"product_cat-forschungschemikalien","8":"first","9":"instock","10":"taxable","11":"shipping-taxable","12":"purchasable","13":"product-type-variable"},"_links":{"self":[{"href":"https:\/\/rc-chemlab.net\/nl\/wp-json\/wp\/v2\/product\/1324","targetHints":{"allow":["GET"]}}],"collection":[{"href":"https:\/\/rc-chemlab.net\/nl\/wp-json\/wp\/v2\/product"}],"about":[{"href":"https:\/\/rc-chemlab.net\/nl\/wp-json\/wp\/v2\/types\/product"}],"replies":[{"embeddable":true,"href":"https:\/\/rc-chemlab.net\/nl\/wp-json\/wp\/v2\/comments?post=1324"}],"version-history":[{"count":1,"href":"https:\/\/rc-chemlab.net\/nl\/wp-json\/wp\/v2\/product\/1324\/revisions"}],"predecessor-version":[{"id":10324,"href":"https:\/\/rc-chemlab.net\/nl\/wp-json\/wp\/v2\/product\/1324\/revisions\/10324"}],"wp:featuredmedia":[{"embeddable":true,"href":"https:\/\/rc-chemlab.net\/nl\/wp-json\/wp\/v2\/media\/10323"}],"wp:attachment":[{"href":"https:\/\/rc-chemlab.net\/nl\/wp-json\/wp\/v2\/media?parent=1324"}],"wp:term":[{"taxonomy":"product_brand","embeddable":true,"href":"https:\/\/rc-chemlab.net\/nl\/wp-json\/wp\/v2\/product_brand?post=1324"},{"taxonomy":"product_cat","embeddable":true,"href":"https:\/\/rc-chemlab.net\/nl\/wp-json\/wp\/v2\/product_cat?post=1324"},{"taxonomy":"product_tag","embeddable":true,"href":"https:\/\/rc-chemlab.net\/nl\/wp-json\/wp\/v2\/product_tag?post=1324"}],"curies":[{"name":"wp","href":"https:\/\/api.w.org\/{rel}","templated":true}]}}