{"id":1290,"date":"2023-06-05T13:06:20","date_gmt":"2023-06-05T13:06:20","guid":{"rendered":"https:\/\/rc-chemlab.net\/?post_type=product&#038;p=1290"},"modified":"2024-10-10T12:55:17","modified_gmt":"2024-10-10T12:55:17","slug":"5-cl-adb-a","status":"publish","type":"product","link":"https:\/\/rc-chemlab.net\/nl\/product\/5-cl-adb-a\/","title":{"rendered":"5-CL-ADB-A"},"content":{"rendered":"<h1>5-CL-ADB-A Kaufen<\/h1>\n<p>5-CL-ADB-A Pulver &#8211; 5-cl-adb-a online kaufen, 5-cl-adb-a zum Verkauf online in Deutschland.<\/p>\n<p><a href=\"\/nl\/\">Chemlab<\/a> ist ein vertrauensw\u00fcrdiger Verk\u00e4ufer der aufgef\u00fchrten Produkte. Mit seinen umfangreichen Liefer-und Handelserfahrung, hat es einen renommierten Namen auf dem Markt durch das Angebot von hochwertigen 5-CL-ADB-A und andere Produkte erstellt. Das Unternehmen ist in ganz Europa vertreten und bedient einen gro\u00dfen Kundenstamm in ganz Deutschland, wobei die Kundenorientierung im Vordergrund steht. Kaufen Sie 5-CL-ADB-A online bei Produkten, die Qualit\u00e4t in gro\u00dfen Mengen von LC garantieren. Es bietet eine Online-Forschungs-Chemie-Shop, wo Sie leicht kaufen k\u00f6nnen 5-cl-adb-a von h\u00f6chster Qualit\u00e4t. Wenn Sie 5-cl-adb-a online bestellen, erhalten Sie ein Geschenk in wei\u00dfem oder orangefarbenem Kristallpulver.<\/p>\n<h2>Was wei\u00df man \u00fcber 5-cl-adb-a?<\/h2>\n<p>Es gibt keine offiziellen wissenschaftlichen Studien, die 5-cl-adb-a miteinander vergleichen. Eine Studie aus dem Jahr 2018 in der Zeitschrift Forensic Toxicology verglich jedoch die Potenz und die Wirkmechanismen mehrerer <a href=\"https:\/\/www.emcdda.europa.eu\/topics\/pods\/synthetic-cannabinoids_de\">synthetischer Cannabinoide<\/a> aus der Klasse der Carboxamide. Diese mehrteiligen, wie 5CL-ADB-A, haben einen asymmetrischen Kohlenstoff, der von einer Amidkomponente abgeleitet ist, die aus Derivaten von Aminos\u00e4uren besteht. Unser Kundenbetreuungsteam ist 24\/7 verf\u00fcgbar, um alle Ihre Bed\u00fcrfnisse zu erf\u00fcllen und Ihr Problem so schnell wie m\u00f6glich zu l\u00f6sen. Erhalten Sie 5-cl-adb-a zum Verkauf. \u00dcberpr\u00fcfen Sie auch die Statuten Ihres Unternehmens, da es viele rechtliche Auswirkungen gibt, die Sie wahrscheinlich wissen m\u00fcssen, bevor Sie es ohne Rezept kaufen.<\/p>\n<h2>Warum sollten Sie sich f\u00fcr 5-cl-adb-a entscheiden?<\/h2>\n<p>Es gibt keine todsichere Methode, um Drogen- und Chemikalienmissbrauch zu erkennen. Die Anzeichen und Symptome des Konsums und des Missbrauchs dieser Drogen sind sehr unterschiedlich, da sie sich in einigen F\u00e4llen genauso verhalten wie alle anderen Drogen. In anderen F\u00e4llen hingegen verhalten sie sich unabh\u00e4ngig von anderen Drogen. Eine M\u00f6glichkeit, den Missbrauch von Forschungschemikalien zu erkennen und zu unterst\u00fctzen, besteht darin, sich mit den Anzeichen und Symptomen der Drogen vertraut zu machen, mit denen sie eng verwandt sind, sowie mit den bekannten Designerdrogen, die auf dem Markt sind, sobald neue Informationen vorliegen. 5-CL-ADB-A g\u00fcnstig kaufen.<\/p>\n<p>5-CL-ADB-A ist ein synthetisches Cannabinoid auf Indazolbasis. 5-cl-adb-a ist eine online erh\u00e4ltliche Designerdroge. 5-cl-adb-a, ein Analogon des Amylen-5f-adb-Derivats, ersetzt den Methylester durch ein Amylen. Sie erhalten alle Informationen, die Sie \u00fcber dieses neue Cannabinoid ben\u00f6tigen, das sich bereits wachsender Beliebtheit erfreut, indem Sie uns noch heute \u00fcber unseren Live-Chat kontaktieren. Bestellen Sie 5-CL-ADB-A online Unsere zahlreichen Kunden haben Freude, Euphorie in ihren Sinnen, eine Beschleunigung ihres Leistungsniveaus und eine sexuelle Steigerung in ihren Tr\u00e4umen erlebt.<\/p>","protected":false},"excerpt":{"rendered":"<p>5-CL-ADB-A Kaufen 5-CL-ADB-A Pulver &#8211; 5-cl-adb-a online kaufen, 5-cl-adb-a zum Verkauf online in Deutschland. Chemlab ist ein vertrauensw\u00fcrdiger Verk\u00e4ufer der<\/p>","protected":false},"featured_media":10313,"comment_status":"open","ping_status":"closed","template":"","meta":{"_seopress_robots_primary_cat":"none","_seopress_titles_title":"5-CL-ADB-A Kaufen %%sep%% %%sitetitle%%","_seopress_titles_desc":"5-CL-ADB-A Kaufen -","_seopress_robots_index":""},"product_brand":[],"product_cat":[140],"product_tag":[],"class_list":{"0":"post-1290","1":"product","2":"type-product","3":"status-publish","4":"has-post-thumbnail","6":"product_cat-forschungschemikalien","8":"first","9":"instock","10":"taxable","11":"shipping-taxable","12":"purchasable","13":"product-type-variable"},"_links":{"self":[{"href":"https:\/\/rc-chemlab.net\/nl\/wp-json\/wp\/v2\/product\/1290","targetHints":{"allow":["GET"]}}],"collection":[{"href":"https:\/\/rc-chemlab.net\/nl\/wp-json\/wp\/v2\/product"}],"about":[{"href":"https:\/\/rc-chemlab.net\/nl\/wp-json\/wp\/v2\/types\/product"}],"replies":[{"embeddable":true,"href":"https:\/\/rc-chemlab.net\/nl\/wp-json\/wp\/v2\/comments?post=1290"}],"version-history":[{"count":1,"href":"https:\/\/rc-chemlab.net\/nl\/wp-json\/wp\/v2\/product\/1290\/revisions"}],"predecessor-version":[{"id":10314,"href":"https:\/\/rc-chemlab.net\/nl\/wp-json\/wp\/v2\/product\/1290\/revisions\/10314"}],"wp:featuredmedia":[{"embeddable":true,"href":"https:\/\/rc-chemlab.net\/nl\/wp-json\/wp\/v2\/media\/10313"}],"wp:attachment":[{"href":"https:\/\/rc-chemlab.net\/nl\/wp-json\/wp\/v2\/media?parent=1290"}],"wp:term":[{"taxonomy":"product_brand","embeddable":true,"href":"https:\/\/rc-chemlab.net\/nl\/wp-json\/wp\/v2\/product_brand?post=1290"},{"taxonomy":"product_cat","embeddable":true,"href":"https:\/\/rc-chemlab.net\/nl\/wp-json\/wp\/v2\/product_cat?post=1290"},{"taxonomy":"product_tag","embeddable":true,"href":"https:\/\/rc-chemlab.net\/nl\/wp-json\/wp\/v2\/product_tag?post=1290"}],"curies":[{"name":"wp","href":"https:\/\/api.w.org\/{rel}","templated":true}]}}