{"id":9829,"date":"2023-08-26T00:15:45","date_gmt":"2023-08-26T00:15:45","guid":{"rendered":"https:\/\/rc-chemlab.net\/?post_type=product&#038;p=9829"},"modified":"2024-04-15T00:06:53","modified_gmt":"2024-04-15T00:06:53","slug":"5f-adb-kaufen","status":"publish","type":"product","link":"https:\/\/rc-chemlab.net\/it\/product\/5f-adb-kaufen\/","title":{"rendered":"5F ADB"},"content":{"rendered":"<h1>Comprare 5f-adb<\/h1>\n<p>Ordinare 5f-adb online. (noto anche come 5F-MDMB-PINACA o 5F-ADB-PINACA) \u00e8 un cannabinoide ingegnerizzato della famiglia degli indazoli-3-carbossammidi, usato come fissatore di lavoro nei prodotti a base di cannabis. \u00c8 stato anche venduto online come preparazione originale. \u00c8 un efficace agonista del recettore CB1, ma non \u00e8 chiaro se sia in grado di raggiungere questo obiettivo. Nel novembre 2014 \u00e8 stata premiata per la prima volta da campioni postumi prelevati da una persona che ha tirato le cuoia dopo aver usato un articolo contenente la sostanza. I risultati dei test hanno confermato che l'oggetto \u00e8 stato usato su un totale di dieci persone in Giappone tra settembre 2014 e dicembre 2014 per inspiegabili overdose di droga.<\/p>\n<p>In base alle basse concentrazioni riscontrate nei test sui tessuti, si ritiene che sia incredibilmente potente e sembra essere significativamente pi\u00f9 tossica delle droghe cannabinoidi precedentemente prodotte e vendute di recente.<\/p>\n<p>Nel 2018, \u00e8 stato il prodotto cannabinoide pi\u00f9 comunemente usato ad attirare la maggiore attenzione nelle crisi della Drug Enforcement Administration. Il 5F-ADB \u00e8 stato riconosciuto anche nei prodotti a base di cannabidiolo (CBD) di un produttore statunitense nel 2018.<\/p>\n<h2>Cosa sono i cannabinoidi?<\/h2>\n<p>La parola \"cannabinoide\" si riferisce a qualsiasi sostanza prodotta dall'uomo che si lega ai recettori cannabinoidi del corpo e della mente e ha lo stesso effetto di quelli trasmessi dalla pianta di cannabis sativa. I tre tipi di cannabinoidi utilizzati sono rilassanti, utili e sviluppati.<\/p>\n<p>Secondo lo studio, la pianta di cannabis contiene tra gli 80 e i 100 cannabinoidi e circa 300 sostanze non cannabinoidi. Il delta-9-tetraidrocannabinolo o THC e il cannabidiolo o CBD sono i due principali cannabinoidi. Il delta-9-tetraidrocannabinolo (THC), il potenziatore a rischio degli effetti psicoattivi della cannabis, \u00e8 il pi\u00f9 comunemente pensato tra i due.<\/p>\n<p>Le principali differenze tra i due cannabinoidi sono che il THC ha forti effetti psicoattivi, il che significa che fa sballare una persona, mentre il CBD controlla o preserva gli effetti psicoattivi del THC. Si ritiene che il CBD riduca alcuni degli altri effetti negativi del THC, come l'irrequietezza.<\/p>\n<h2>Effetti negativi<\/h2>\n<p>La nocivit\u00e0 e gli effetti a lungo termine dell'uso ricreativo del 5F-AKB48 sul benessere non sembrano essere focalizzati in alcun contesto logico e non esiste una misurazione specifica del tossico. Ci\u00f2 \u00e8 dovuto al fatto che il 5F-AKB48 non ha quasi nessuna esperienza di uso umano. Le testimonianze di persone che hanno provato il 5F-AKB48 all'interno della rete suggeriscono che non ci sono impatti negativi sul benessere (tuttavia nulla pu\u00f2 essere completamente sicuro). Studi casuali hanno dimostrato che il sovradosaggio a dosaggi molto inferiori a quelli rischiosi provoca disagi fisici come palpitazioni, vertigini e sedazione, in genere inducendo il paziente a sopportare molta tensione o ad addormentarsi.<\/p>\n<p>Poich\u00e9 queste sostanze aumentano chiaramente gli stati cerebrali ed emotivi attuali, \u00e8 stato spesso suggerito che gli individui con precedenti disturbi dell'umore gravi non dovrebbero usare queste sostanze. Analogamente al THC, l'uso prolungato di cannabinoidi fabbricati come il 5F-AKB48 pu\u00f2 estendere la comparsa di comportamenti disfunzionali e psicosi, in particolare nelle persone vulnerabili con fattori di rischio per la mania (come un precedente o un background familiare di schizofrenia).<\/p>\n<p>\u00c8 indispensabile adottare misure appropriate durante il dosaggio per mantenere una distanza strategica da un incontro negativo, poich\u00e9 i cannabinoidi sono dinamici nell'ordine dei milligrammi (con una dose tipica inferiore a 5 mg).<\/p>\n<p>Si raccomanda vivamente di effettuare test del dolore quando si usa questo farmaco.<\/p>\n<h2>5F-ADB - Resilienza e potenziale di dipendenza<\/h2>\n<p>Analogamente ad altri cannabinoidi manipolati, l'uso a lungo termine di 5F-AKB48 \u00e8 una dipendenza tollerabile con un alto potenziale di abuso che pu\u00f2 portare alla dipendenza psicologica in alcuni pazienti. Se una persona smette bruscamente, i desideri e gli effetti dell'astinenza possono manifestarsi fino alla schiavit\u00f9.<\/p>\n<p>Con l'uso prolungato e modificato, 5F-AKB48 diventa resistente a forti urti. I clienti osservano quindi sempre porzioni pi\u00f9 grandi per ottenere risultati simili. Da quel momento in poi, occorrono circa 3-7 giorni per dimezzare la resistenza e da 1 a 14 giorni per tornare alla normalit\u00e0 (senza ulteriore uso). 5F-AKB48 conferisce una resistenza incrociata a tutti i cannabinoidi, il che significa che dopo l'uso di 5F-AKB48, tutti i cannabinoidi avranno un effetto ridotto.<\/p>\n<p>Cliccate qui per saperne di pi\u00f9 sui nostri articoli.<\/p>","protected":false},"excerpt":{"rendered":"<p>5f-adb kaufen Bestellen Sie 5f-adb online. (auch bekannt als 5F-MDMB-PINACA oder 5F-ADB-PINACA) ist ein technisch hergestelltes Cannabinoid der Indazol-3-carboxamid-Familie, das<\/p>","protected":false},"featured_media":10285,"comment_status":"open","ping_status":"closed","template":"","meta":{"_seopress_robots_primary_cat":"none","_seopress_titles_title":"5f-adb kaufen %%sep%% %%sitetitle%%","_seopress_titles_desc":"5f-adb kaufen - Bestellen Sie 5f-adb online. (auch bekannt als 5F-MDMB-PINACA oder 5F-ADB-PINACA) ist ein technisch hergestelltes","_seopress_robots_index":""},"product_brand":[],"product_cat":[140],"product_tag":[],"class_list":{"0":"post-9829","1":"product","2":"type-product","3":"status-publish","4":"has-post-thumbnail","6":"product_cat-forschungschemikalien","8":"first","9":"instock","10":"taxable","11":"shipping-taxable","12":"purchasable","13":"product-type-variable"},"_links":{"self":[{"href":"https:\/\/rc-chemlab.net\/it\/wp-json\/wp\/v2\/product\/9829","targetHints":{"allow":["GET"]}}],"collection":[{"href":"https:\/\/rc-chemlab.net\/it\/wp-json\/wp\/v2\/product"}],"about":[{"href":"https:\/\/rc-chemlab.net\/it\/wp-json\/wp\/v2\/types\/product"}],"replies":[{"embeddable":true,"href":"https:\/\/rc-chemlab.net\/it\/wp-json\/wp\/v2\/comments?post=9829"}],"version-history":[{"count":3,"href":"https:\/\/rc-chemlab.net\/it\/wp-json\/wp\/v2\/product\/9829\/revisions"}],"predecessor-version":[{"id":10286,"href":"https:\/\/rc-chemlab.net\/it\/wp-json\/wp\/v2\/product\/9829\/revisions\/10286"}],"wp:featuredmedia":[{"embeddable":true,"href":"https:\/\/rc-chemlab.net\/it\/wp-json\/wp\/v2\/media\/10285"}],"wp:attachment":[{"href":"https:\/\/rc-chemlab.net\/it\/wp-json\/wp\/v2\/media?parent=9829"}],"wp:term":[{"taxonomy":"product_brand","embeddable":true,"href":"https:\/\/rc-chemlab.net\/it\/wp-json\/wp\/v2\/product_brand?post=9829"},{"taxonomy":"product_cat","embeddable":true,"href":"https:\/\/rc-chemlab.net\/it\/wp-json\/wp\/v2\/product_cat?post=9829"},{"taxonomy":"product_tag","embeddable":true,"href":"https:\/\/rc-chemlab.net\/it\/wp-json\/wp\/v2\/product_tag?post=9829"}],"curies":[{"name":"wp","href":"https:\/\/api.w.org\/{rel}","templated":true}]}}