{"id":68,"date":"2020-03-13T10:27:32","date_gmt":"2020-03-13T10:27:32","guid":{"rendered":"https:\/\/demo.creativethemes.com\/blocksy\/modern-shop\/?post_type=product&#038;p=68"},"modified":"2024-04-11T16:32:23","modified_gmt":"2024-04-11T16:32:23","slug":"2-methyl-ap-237-hcl","status":"publish","type":"product","link":"https:\/\/rc-chemlab.net\/it\/product\/2-methyl-ap-237-hcl\/","title":{"rendered":"2-METIL-AP-237-HCL"},"content":{"rendered":"<h1>2-METIL-AP-237-HCL<\/h1>\n<p>Dove posso aprire 2-METHYL-AP-237-HCL? Chemlab offre i migliori farmaci innovativi. 2metil-ap-237.hcl \u00e8 l'abbreviazione di <a href=\"https:\/\/en.wikipedia.org\/wiki\/2-Fluoromethamphetamine\">2-fluorometamfetamina<\/a>.<\/p>\n<p>Il prodotto \u00e8 stato utilizzato come designer drug dal 2014. Non pagare mai pi\u00f9 troppo per le droghe di marca. Possiamo garantire i migliori prezzi, anche se abbiamo problemi con i produttori.<\/p>\n<p>Alta qualit\u00e0 2-METHYL-AP-237-HCL. Fate attenzione quando acquistate droghe di marca online; ci sono numerosi negozi online che vendono droghe di marca false o scadenti.<\/p>\n<p>I prodotti acquistati da Chemlab sono di ottima qualit\u00e0. Ogni droga di design ordinata da Chemlab Team sar\u00e0 consegnata a casa vostra in modo sicuro e discreto!<\/p>\n<p>2-METHYL-AP-237-HCL, testato in laboratorio<br \/>\n\u00c8 importante sapere che i prodotti di alta qualit\u00e0 sono disponibili quando si \u00e8 alla ricerca di un prodotto di design. Tutti i nostri farmaci creativi sono disponibili in una variet\u00e0 di colori e dimensioni. Tutti i farmaci che sviluppiamo sono di altissima qualit\u00e0 e vengono costantemente testati in laboratorio.<\/p>\n<p>Ordinate le droghe di marca Discreet: Le droghe di design sono ora legali da acquistare online!<\/p>\n<p>\u00c8 di cruciale importanza che si utilizzi la merce migliore quando si acquista un prodotto di design. Di conseguenza, esistono numerosi siti web che non sono affidabili e che possono inviare merci pericolose.<\/p>\n<p>Vi consigliamo quindi di ordinare i vostri farmaci innovativi presso il team Chemlab.<\/p>\n<p>Chemlab dispone di un grande stand di clienti ed \u00e8 da molto tempo un operatore di mercato nella vendita di farmaci innovativi e di design. Contattateci per ulteriori informazioni.<\/p>","protected":false},"excerpt":{"rendered":"<p>2-METHYL-AP-237-HCL Waar kan ik 2-METHYL-AP-237-HCL goedkoop kopen? Chemlab zoekt de beste innovatieve medicijnen. 2methyl-ap-237.hcl ist die Abk\u00fcrzung f\u00fcr 2-fluormethamfetamine. Seit<\/p>","protected":false},"featured_media":10249,"comment_status":"open","ping_status":"closed","template":"","meta":{"_seopress_robots_primary_cat":"none","_seopress_titles_title":"2-METHYL-AP-237-HCL %%sep%% %%sitetitle%%","_seopress_titles_desc":"Waar kan ik 2-METHYL-AP-237-HCL goedkoop kopen? Chemlab zoekt de beste innovatieve medicijnen. 2methyl-ap-237.hcl ist die Abk\u00fcrzung f\u00fcr 2-fluormethamfetamine.","_seopress_robots_index":""},"product_brand":[],"product_cat":[140],"product_tag":[],"class_list":{"0":"post-68","1":"product","2":"type-product","3":"status-publish","4":"has-post-thumbnail","6":"product_cat-forschungschemikalien","8":"first","9":"instock","10":"featured","11":"taxable","12":"shipping-taxable","13":"purchasable","14":"product-type-variable"},"_links":{"self":[{"href":"https:\/\/rc-chemlab.net\/it\/wp-json\/wp\/v2\/product\/68","targetHints":{"allow":["GET"]}}],"collection":[{"href":"https:\/\/rc-chemlab.net\/it\/wp-json\/wp\/v2\/product"}],"about":[{"href":"https:\/\/rc-chemlab.net\/it\/wp-json\/wp\/v2\/types\/product"}],"replies":[{"embeddable":true,"href":"https:\/\/rc-chemlab.net\/it\/wp-json\/wp\/v2\/comments?post=68"}],"version-history":[{"count":3,"href":"https:\/\/rc-chemlab.net\/it\/wp-json\/wp\/v2\/product\/68\/revisions"}],"predecessor-version":[{"id":10251,"href":"https:\/\/rc-chemlab.net\/it\/wp-json\/wp\/v2\/product\/68\/revisions\/10251"}],"wp:featuredmedia":[{"embeddable":true,"href":"https:\/\/rc-chemlab.net\/it\/wp-json\/wp\/v2\/media\/10249"}],"wp:attachment":[{"href":"https:\/\/rc-chemlab.net\/it\/wp-json\/wp\/v2\/media?parent=68"}],"wp:term":[{"taxonomy":"product_brand","embeddable":true,"href":"https:\/\/rc-chemlab.net\/it\/wp-json\/wp\/v2\/product_brand?post=68"},{"taxonomy":"product_cat","embeddable":true,"href":"https:\/\/rc-chemlab.net\/it\/wp-json\/wp\/v2\/product_cat?post=68"},{"taxonomy":"product_tag","embeddable":true,"href":"https:\/\/rc-chemlab.net\/it\/wp-json\/wp\/v2\/product_tag?post=68"}],"curies":[{"name":"wp","href":"https:\/\/api.w.org\/{rel}","templated":true}]}}