{"id":66,"date":"2020-03-13T10:24:27","date_gmt":"2020-03-13T10:24:27","guid":{"rendered":"https:\/\/demo.creativethemes.com\/blocksy\/modern-shop\/?post_type=product&#038;p=66"},"modified":"2024-12-21T15:40:24","modified_gmt":"2024-12-21T15:40:24","slug":"3-cmc-kaufen","status":"publish","type":"product","link":"https:\/\/rc-chemlab.net\/it\/product\/3-cmc-kaufen\/","title":{"rendered":"3 CMC"},"content":{"rendered":"<h1>Comprare 3-CMC<\/h1>\n<p>La molecola 3-MMC, nota anche come 3-metilcatinone, appartiene alla classe dei catinoni sostituiti. I catinoni sono un sottogruppo di anfetamine che presentano la struttura di base dell'anfetamina, ovvero un anello fenilico legato a un gruppo amminico (NH2) attraverso una catena etilica e un'ulteriore sostituzione metilica a R\u03b1.<\/p>\n<p>Il 3MMC e gli altri catinoni differiscono per la sostituzione chetonica sul carbonio beta dello scheletro dell'anfetamina, per cui sono \u03b2-cheto-anfetamine. Il 3MMC presenta due sostituzioni metiliche sullo scheletro del catinone: una a livello di R3 dell'anello fenilico e un'altra a livello del gruppo azotato RN. Il 3MMC \u00e8 simile al mefedrone; ha la stessa struttura, tranne che per il fatto che il gruppo metilico \u00e8 posizionato a R3 invece che a R4.<\/p>\n<h2>Comprare 3-CMC Germania<\/h2>\n<p>Il 3-MMC \u00e8 venduto solo a scopo di ricerca e non pu\u00f2 essere utilizzato per altri scopi, come la diagnostica in vivo, negli alimenti, nei farmaci, nei dispositivi medici e\/o nei cosmetici per l'uomo o gli animali.<\/p>\n<p>Prima di ordinare, assicurarsi di essere adeguatamente attrezzati per la manipolazione di sostanze chimiche di ricerca e che il luogo di lavoro sia ben ventilato. Per ordinare questo prodotto \u00e8 necessario avere almeno 18 anni.<\/p>\n<p>3-MMC \u00e8 legale nel nostro paese. \u00c8 responsabilit\u00e0 dell'utente comprendere e rispettare le leggi del proprio stato, contea, regione, paese o citt\u00e0. Non ci assumiamo alcuna responsabilit\u00e0 per eventuali azioni o conseguenze derivanti dal vostro ordine.<\/p>","protected":false},"excerpt":{"rendered":"<p>3-CMC kaufen Der Molek\u00fcl 3-MMC, auch bekannt als 3-Methylmethcathinon, geh\u00f6rt zur Klasse der substituierten Cathinone. Cathinone sind eine Untergruppe der<\/p>","protected":false},"featured_media":10257,"comment_status":"open","ping_status":"closed","template":"","meta":{"_seopress_robots_primary_cat":"none","_seopress_titles_title":"3 CMC Kaufen %%sep%% %%sitetitle%%","_seopress_titles_desc":"Der Molek\u00fcl 3-MMC, auch bekannt als 3-Methylmethcathinon, geh\u00f6rt zur Klasse der substituierten Cathinone.","_seopress_robots_index":""},"product_brand":[],"product_cat":[140],"product_tag":[],"class_list":{"0":"post-66","1":"product","2":"type-product","3":"status-publish","4":"has-post-thumbnail","6":"product_cat-forschungschemikalien","8":"first","9":"instock","10":"featured","11":"taxable","12":"shipping-taxable","13":"purchasable","14":"product-type-variable"},"_links":{"self":[{"href":"https:\/\/rc-chemlab.net\/it\/wp-json\/wp\/v2\/product\/66","targetHints":{"allow":["GET"]}}],"collection":[{"href":"https:\/\/rc-chemlab.net\/it\/wp-json\/wp\/v2\/product"}],"about":[{"href":"https:\/\/rc-chemlab.net\/it\/wp-json\/wp\/v2\/types\/product"}],"replies":[{"embeddable":true,"href":"https:\/\/rc-chemlab.net\/it\/wp-json\/wp\/v2\/comments?post=66"}],"version-history":[{"count":2,"href":"https:\/\/rc-chemlab.net\/it\/wp-json\/wp\/v2\/product\/66\/revisions"}],"predecessor-version":[{"id":10258,"href":"https:\/\/rc-chemlab.net\/it\/wp-json\/wp\/v2\/product\/66\/revisions\/10258"}],"wp:featuredmedia":[{"embeddable":true,"href":"https:\/\/rc-chemlab.net\/it\/wp-json\/wp\/v2\/media\/10257"}],"wp:attachment":[{"href":"https:\/\/rc-chemlab.net\/it\/wp-json\/wp\/v2\/media?parent=66"}],"wp:term":[{"taxonomy":"product_brand","embeddable":true,"href":"https:\/\/rc-chemlab.net\/it\/wp-json\/wp\/v2\/product_brand?post=66"},{"taxonomy":"product_cat","embeddable":true,"href":"https:\/\/rc-chemlab.net\/it\/wp-json\/wp\/v2\/product_cat?post=66"},{"taxonomy":"product_tag","embeddable":true,"href":"https:\/\/rc-chemlab.net\/it\/wp-json\/wp\/v2\/product_tag?post=66"}],"curies":[{"name":"wp","href":"https:\/\/api.w.org\/{rel}","templated":true}]}}