{"id":57,"date":"2020-03-13T10:07:44","date_gmt":"2020-03-13T10:07:44","guid":{"rendered":"https:\/\/demo.creativethemes.com\/blocksy\/modern-shop\/?post_type=product&#038;p=57"},"modified":"2024-10-10T12:54:44","modified_gmt":"2024-10-10T12:54:44","slug":"2-fdck-kaufen-deutschland","status":"publish","type":"product","link":"https:\/\/rc-chemlab.net\/it\/product\/2-fdck-kaufen-deutschland\/","title":{"rendered":"2-FDCK"},"content":{"rendered":"<h1><span class=\"___SText_v2vqb-ko_\" data-ui-name=\"Link.Text\">2-FDCK acquistare Germania<\/span><\/h1>\n<p>Comprare 2-FDCK in Germania. State cercando la migliore offerta di polvere 2-FDCK? Rc-Chemlab \u00e8 la scelta migliore! Il nostro 2-FDCK di alta qualit\u00e0 \u00e8 sempre disponibile e pronto per la spedizione, in modo che possiate ottenere rapidamente le migliori droghe di design disponibili. Inoltre, grazie alle nostre opzioni di pagamento sicure, potete essere certi di ricevere il prodotto esattamente quando ne avete bisogno. Acquistate ora e risparmiate!<\/p>\n<p>Ci occupiamo di farmaci di design da 7 anni e siamo in grado di fornirvi sempre prodotti di prima qualit\u00e0. Tutti i nostri prodotti sono sicuri per la ricerca, poich\u00e9 sono stati testati in laboratorio.<\/p>\n<h3><span class=\"___SText_v2vqb-ko_\" data-ui-name=\"Link.Text\">2-FDCK acquistare Germania<\/span><\/h3>\n<p>Ci sono molti negozi online che vendono farmaci di marca contraffatti o di scarsa qualit\u00e0, quindi fate attenzione quando acquistate farmaci di marca online. Rivolgendovi a Chemlab potete essere certi che i prodotti che acquistate sono di qualit\u00e0 superiore. Ordinazione discreta di farmaci per stilisti.<\/p>\n<p>Naturalmente, \u00e8 importante acquistare farmaci di marca dalla fonte giusta. Infatti, numerosi siti web sono inaffidabili e possono inviare prodotti dannosi. Per questo motivo, vi consigliamo di ordinare le vostre droghe di design dal team di Rc-Chemlab.<\/p>\n<p>Rc-Chemlab ha un'ampia base di clienti e da anni \u00e8 leader di mercato nella vendita di farmaci di prima qualit\u00e0.<\/p>","protected":false},"excerpt":{"rendered":"<p>2-FDCK kaufen Deutschland 2-FDCK in Deutschland kaufen. Sie suchen nach dem besten 2-FDCK-Pulverangebot? Rc-Chemlab ist die beste Wahl! Unser hochwertiges<\/p>","protected":false},"featured_media":10240,"comment_status":"open","ping_status":"closed","template":"","meta":{"_seopress_robots_primary_cat":"none","_seopress_titles_title":"2-FDCK kaufen Deutschland %%sep%% %%sitetitle%%","_seopress_titles_desc":"2-FDCK in Deutschland kaufen. Sie suchen nach dem besten 2-FDCK-Pulverangebot? Rc-Chemlab ist die beste Wahl!","_seopress_robots_index":""},"product_brand":[],"product_cat":[140],"product_tag":[],"class_list":{"0":"post-57","1":"product","2":"type-product","3":"status-publish","4":"has-post-thumbnail","6":"product_cat-forschungschemikalien","8":"first","9":"instock","10":"featured","11":"taxable","12":"shipping-taxable","13":"purchasable","14":"product-type-variable"},"_links":{"self":[{"href":"https:\/\/rc-chemlab.net\/it\/wp-json\/wp\/v2\/product\/57","targetHints":{"allow":["GET"]}}],"collection":[{"href":"https:\/\/rc-chemlab.net\/it\/wp-json\/wp\/v2\/product"}],"about":[{"href":"https:\/\/rc-chemlab.net\/it\/wp-json\/wp\/v2\/types\/product"}],"replies":[{"embeddable":true,"href":"https:\/\/rc-chemlab.net\/it\/wp-json\/wp\/v2\/comments?post=57"}],"version-history":[{"count":3,"href":"https:\/\/rc-chemlab.net\/it\/wp-json\/wp\/v2\/product\/57\/revisions"}],"predecessor-version":[{"id":1157,"href":"https:\/\/rc-chemlab.net\/it\/wp-json\/wp\/v2\/product\/57\/revisions\/1157"}],"wp:featuredmedia":[{"embeddable":true,"href":"https:\/\/rc-chemlab.net\/it\/wp-json\/wp\/v2\/media\/10240"}],"wp:attachment":[{"href":"https:\/\/rc-chemlab.net\/it\/wp-json\/wp\/v2\/media?parent=57"}],"wp:term":[{"taxonomy":"product_brand","embeddable":true,"href":"https:\/\/rc-chemlab.net\/it\/wp-json\/wp\/v2\/product_brand?post=57"},{"taxonomy":"product_cat","embeddable":true,"href":"https:\/\/rc-chemlab.net\/it\/wp-json\/wp\/v2\/product_cat?post=57"},{"taxonomy":"product_tag","embeddable":true,"href":"https:\/\/rc-chemlab.net\/it\/wp-json\/wp\/v2\/product_tag?post=57"}],"curies":[{"name":"wp","href":"https:\/\/api.w.org\/{rel}","templated":true}]}}