{"id":170,"date":"2020-03-16T09:21:08","date_gmt":"2020-03-16T09:21:08","guid":{"rendered":"https:\/\/demo.creativethemes.com\/blocksy\/modern-shop\/?post_type=product&#038;p=170"},"modified":"2024-12-21T15:56:21","modified_gmt":"2024-12-21T15:56:21","slug":"clonazolam-kaufen","status":"publish","type":"product","link":"https:\/\/rc-chemlab.net\/it\/product\/clonazolam-kaufen\/","title":{"rendered":"Clonazolam in polvere"},"content":{"rendered":"<h1>Comprare Clonazolam<\/h1>\n<p>Il clonazolam in polvere appartiene al gruppo di <a href=\"https:\/\/www.gelbe-liste.de\/wirkstoffgruppen\/benzodiazepine\">Benzodiazepine<\/a> e viene utilizzata in molte situazioni per vari scopi nell'uomo. \u00c8 stata sintetizzata per la prima volta come droga di design nel 1971. Negli ultimi anni \u00e8 diventata una delle droghe pi\u00f9 utilizzate al mondo grazie alle sue propriet\u00e0 uniche. Oggi viene utilizzata come sostanza chimica per la ricerca e per il trattamento di varie malattie.<\/p>\n<h2>Effetto del clonazolam in polvere<\/h2>\n<ul>\n<li>Anche il clonazolam in polvere \u00e8 un farmaco psicoattivo appartenente alle benzodiazepine e agisce allo stesso modo di tutti questi prodromi. Ha un potenziale pi\u00f9 elevato rispetto agli altri prodromi della serie delle benzodiazepine.<\/li>\n<li>Agisce allo stesso modo di tutti i prodromi, ma pi\u00f9 rapidamente di tutti i prodromi, non solo di questa famiglia, ma anche di altre famiglie di prodromi. Il suo effetto si basa su un'influenza diretta sul sistema neurotrasmettitoriale del cervello umano.<\/li>\n<li>Questo stimola una serie di sostanze chimiche specifiche a svolgere la funzione in questione. Serve anche a rilassare i muscoli e a garantire un buon sonno.<\/li>\n<li>La polvere di clonazolam assicura un sonno adeguato al corpo umano. Viene utilizzato da quasi tutti i medici per i pazienti che soffrono di insonnia. I medici lo usano anche durante gli interventi chirurgici in cui vogliono rendere il paziente incosciente.<\/li>\n<li>Questo farmaco aiuta anche i medici a tenere il paziente lontano da altre droghe. Viene anche utilizzato per rimuovere l'alcol dall'intero organismo attraverso varie procedure. Il clonazolam \u00e8 un ottimo farmaco, ma solo se viene utilizzato secondo le esigenze dell'organismo e come prescritto.<\/li>\n<li>Il clonazolam in polvere non fa bene alla salute umana se assunto per un lungo periodo di tempo. Pu\u00f2 causare gravi danni alla salute e influenzare il sistema neuronale del cervello umano.<\/li>\n<\/ul>\n<p>Il nostro negozio online offre Clonazolam a prezzi molto bassi. Il nostro negozio offre anche la consegna del prodotto in tempi molto brevi. Per ulteriori informazioni, contattare <a href=\"https:\/\/rc-chemlab.net\/it\/kontakt\/\">noi<\/a>.<\/p>","protected":false},"excerpt":{"rendered":"<p>Clonazolam kaufen Clonazolam-Pulver geh\u00f6rt zur Gruppe der Benzodiazepine und wird in vielen Situationen f\u00fcr verschiedene Zwecke beim Menschen eingesetzt. Es<\/p>","protected":false},"featured_media":10296,"comment_status":"open","ping_status":"closed","template":"","meta":{"_seopress_robots_primary_cat":"none","_seopress_titles_title":"Clonazolam kaufen %%sep%% %%sitetitle%%","_seopress_titles_desc":"Clonazolam kaufen - Clonazolam-Pulver geh\u00f6rt zur Gruppe der Benzodiazepine und wird in vielen Situationen f\u00fcr verschiedene Zwecke beim Menschen eingesetzt.","_seopress_robots_index":""},"product_brand":[],"product_cat":[140],"product_tag":[],"class_list":{"0":"post-170","1":"product","2":"type-product","3":"status-publish","4":"has-post-thumbnail","6":"product_cat-forschungschemikalien","8":"first","9":"instock","10":"taxable","11":"shipping-taxable","12":"purchasable","13":"product-type-variable"},"_links":{"self":[{"href":"https:\/\/rc-chemlab.net\/it\/wp-json\/wp\/v2\/product\/170","targetHints":{"allow":["GET"]}}],"collection":[{"href":"https:\/\/rc-chemlab.net\/it\/wp-json\/wp\/v2\/product"}],"about":[{"href":"https:\/\/rc-chemlab.net\/it\/wp-json\/wp\/v2\/types\/product"}],"replies":[{"embeddable":true,"href":"https:\/\/rc-chemlab.net\/it\/wp-json\/wp\/v2\/comments?post=170"}],"version-history":[{"count":2,"href":"https:\/\/rc-chemlab.net\/it\/wp-json\/wp\/v2\/product\/170\/revisions"}],"predecessor-version":[{"id":1244,"href":"https:\/\/rc-chemlab.net\/it\/wp-json\/wp\/v2\/product\/170\/revisions\/1244"}],"wp:featuredmedia":[{"embeddable":true,"href":"https:\/\/rc-chemlab.net\/it\/wp-json\/wp\/v2\/media\/10296"}],"wp:attachment":[{"href":"https:\/\/rc-chemlab.net\/it\/wp-json\/wp\/v2\/media?parent=170"}],"wp:term":[{"taxonomy":"product_brand","embeddable":true,"href":"https:\/\/rc-chemlab.net\/it\/wp-json\/wp\/v2\/product_brand?post=170"},{"taxonomy":"product_cat","embeddable":true,"href":"https:\/\/rc-chemlab.net\/it\/wp-json\/wp\/v2\/product_cat?post=170"},{"taxonomy":"product_tag","embeddable":true,"href":"https:\/\/rc-chemlab.net\/it\/wp-json\/wp\/v2\/product_tag?post=170"}],"curies":[{"name":"wp","href":"https:\/\/api.w.org\/{rel}","templated":true}]}}