{"id":168,"date":"2020-03-16T09:19:03","date_gmt":"2020-03-16T09:19:03","guid":{"rendered":"https:\/\/demo.creativethemes.com\/blocksy\/modern-shop\/?post_type=product&#038;p=168"},"modified":"2024-12-21T03:50:31","modified_gmt":"2024-12-21T03:50:31","slug":"etizolam-kaufen","status":"publish","type":"product","link":"https:\/\/rc-chemlab.net\/it\/product\/etizolam-kaufen\/","title":{"rendered":"Etizolam in polvere"},"content":{"rendered":"<h1><span class=\"___SText_mzmpq-ko_\" data-ui-name=\"Link.Text\">Comprare Etizolam<\/span><\/h1>\n<p>Il flunitrazolam \u00e8 un ulteriore sviluppo dell'etizolam. L'etizolam ha effetti meno noti rispetto all'oxazepam o al diazepam. La sostanza \u00e8 nota per il suo effetto sedativo. Viene spesso utilizzata per indurre il sonno.<\/p>\n<h2>Che cos'\u00e8 l'Etizolam?<\/h2>\n<p>L'Etizolam \u00e8 un farmaco ben noto che pu\u00f2 essere utilizzato per diversi scopi. Ad esempio, viene utilizzato per trattare ansia, disturbi di panico, depressione o disturbi del sonno. Fortunatamente \u00e8 disponibile una copia quasi esatta dell'Etizolam. Il farmaco si chiama flunitrazolam. Naturalmente, avete la possibilit\u00e0 di ordinare questo farmaco in modo discreto e sicuro da noi.<\/p>\n<p>Il flunitrazolam (Etizolam) rientra nella categoria di <a href=\"https:\/\/de.wikipedia.org\/wiki\/Kategorie:Benzodiazepin\">Benzodiapina<\/a>. Le benzodiapine possono avere diversi effetti terapeutici. A basse dosi, questi farmaci hanno un effetto calmante. Diazepam e alprazolam (Xanax) rientrano nella stessa categoria. Con le benzodiazepine \u00e8 molto importante fare delle pause tra i singoli farmaci. L'assunzione per pi\u00f9 di 6 settimane consecutive pu\u00f2 avere effetti negativi sullo stato mentale. Questo perch\u00e9 l'organismo non dovrebbe abituarsi alle benzo e si aspetta di assumerle.<\/p>\n<p>Se avete difficolt\u00e0 ad addormentarvi, Etizolam \u00e8 il sonnifero ideale!<\/p>\n<h2>Quando si usa l'Etizolam?<\/h2>\n<p>I consumatori di Etizolam hanno riferito di aver assunto stimolanti prima di assumere il farmaco. Si pensi alla cocaina, al 3mmc, allo speed, ecc. Poich\u00e9 si \u00e8 fatto uso di stimolanti, non si riesce a dormire. Si interrompe l'assunzione di stimolanti e si attende almeno 1,5 ore prima di assumere Etizolam. L'effetto degli stimolanti diminuisce durante quest'ora e quando si assume Etizolam ci si rilassa. Poich\u00e9 il cervello non produce pi\u00f9 dopamina, dopo l'assunzione di stimolanti si verificano spesso sensazioni di ansia o panico. Etizolam aiuta ad addormentarsi con calma e ad evitare l'ansia.<\/p>\n<h2>Chi sono gli utilizzatori di Etizolam?<\/h2>\n<p>L'Etizolam viene utilizzato in molti settori. Si pensi, ad esempio, a giornalisti, avvocati, commercialisti o DJ impegnati. Le persone con un'agenda fitta di impegni sono sottoposte a un forte stress quotidiano. Queste persone sono pi\u00f9 inclini ad assumere farmaci o simili per addormentarsi e ridurre l'ansia e lo stress.<\/p>\n<p>Esiste anche un gruppo molto ampio di consumatori di feste che fa uso di Etizolam. Questo gruppo comprende persone che fanno uso di cocaina, 3mmc (o 3cmc), speed o qualcosa di simile. Dopo una lunga festa o un'intima giornata all'aperto, c'\u00e8 sempre una sensazione di terrore alla festa. Per alleviare l'ansia e il nervosismo, prendono una sedia elettrica in modo da rilassarsi e dormire bene.<\/p>\n<h2>Durata dell'effetto<\/h2>\n<p>Il farmaco entra in azione nell'organismo dopo circa 30-60 minuti. L'etizolam rimane nel sangue per un periodo di 6-8 ore. Per ulteriori informazioni si prega di contattare <a href=\"https:\/\/rc-chemlab.net\/it\/kontakt\/\">Contattateci<\/a> con noi.<\/p>","protected":false},"excerpt":{"rendered":"<p>Etizolam kaufen Flunitrazolam ist eine Weiterentwicklung von Etizolam. Etizolam hat weniger bekannte Wirkungen als Oxazepam oder Diazepam. Die Substanz ist<\/p>","protected":false},"featured_media":10276,"comment_status":"open","ping_status":"closed","template":"","meta":{"_seopress_robots_primary_cat":"none","_seopress_titles_title":"Etizolam kaufen %%sep%% %%sitetitle%%","_seopress_titles_desc":"Etizolam kaufen - Flunitrazolam ist eine Weiterentwicklung von Etizolam. Etizolam hat weniger bekannte Wirkungen als Oxazepam oder Diazepam.","_seopress_robots_index":""},"product_brand":[],"product_cat":[140],"product_tag":[],"class_list":{"0":"post-168","1":"product","2":"type-product","3":"status-publish","4":"has-post-thumbnail","6":"product_cat-forschungschemikalien","8":"first","9":"instock","10":"featured","11":"taxable","12":"shipping-taxable","13":"purchasable","14":"product-type-variable"},"_links":{"self":[{"href":"https:\/\/rc-chemlab.net\/it\/wp-json\/wp\/v2\/product\/168","targetHints":{"allow":["GET"]}}],"collection":[{"href":"https:\/\/rc-chemlab.net\/it\/wp-json\/wp\/v2\/product"}],"about":[{"href":"https:\/\/rc-chemlab.net\/it\/wp-json\/wp\/v2\/types\/product"}],"replies":[{"embeddable":true,"href":"https:\/\/rc-chemlab.net\/it\/wp-json\/wp\/v2\/comments?post=168"}],"version-history":[{"count":2,"href":"https:\/\/rc-chemlab.net\/it\/wp-json\/wp\/v2\/product\/168\/revisions"}],"predecessor-version":[{"id":10277,"href":"https:\/\/rc-chemlab.net\/it\/wp-json\/wp\/v2\/product\/168\/revisions\/10277"}],"wp:featuredmedia":[{"embeddable":true,"href":"https:\/\/rc-chemlab.net\/it\/wp-json\/wp\/v2\/media\/10276"}],"wp:attachment":[{"href":"https:\/\/rc-chemlab.net\/it\/wp-json\/wp\/v2\/media?parent=168"}],"wp:term":[{"taxonomy":"product_brand","embeddable":true,"href":"https:\/\/rc-chemlab.net\/it\/wp-json\/wp\/v2\/product_brand?post=168"},{"taxonomy":"product_cat","embeddable":true,"href":"https:\/\/rc-chemlab.net\/it\/wp-json\/wp\/v2\/product_cat?post=168"},{"taxonomy":"product_tag","embeddable":true,"href":"https:\/\/rc-chemlab.net\/it\/wp-json\/wp\/v2\/product_tag?post=168"}],"curies":[{"name":"wp","href":"https:\/\/api.w.org\/{rel}","templated":true}]}}