{"id":166,"date":"2020-03-16T09:14:43","date_gmt":"2020-03-16T09:14:43","guid":{"rendered":"https:\/\/demo.creativethemes.com\/blocksy\/modern-shop\/?post_type=product&#038;p=166"},"modified":"2024-04-15T00:17:02","modified_gmt":"2024-04-15T00:17:02","slug":"al-lad-blotter-kaufen","status":"publish","type":"product","link":"https:\/\/rc-chemlab.net\/it\/product\/al-lad-blotter-kaufen\/","title":{"rendered":"AL-LAD 150MCG"},"content":{"rendered":"<h1>Acquistare AL LAD Blotter<\/h1>\n<p>La dietilammide dell'acido 6-alil-6-nor-lisergico, meglio nota come AL-LAD, \u00e8 una sostanza semisintetica proveniente dalla <a href=\"https:\/\/psychonautwiki.org\/wiki\/Lysergamides\">Classe delle lisergamidi<\/a>. L'AL-LAD \u00e8 stato sintetizzato per la prima volta nel 1984. Vendiamo questa sostanza elaborata in blotter da 2x 150mcg ciascuno. I blotter sono timbri su cui la sostanza \u00e8 stata essiccata. Questo prodotto \u00e8 solo per scopi di ricerca e non \u00e8 espressamente destinato al consumo. Pertanto, \u00e8 necessario tenerlo fuori dalla portata dei bambini e degli animali domestici e leggere le istruzioni di sicurezza sul nostro sito web prima dell'uso. <a href=\"\/it\/\">Sito web<\/a>.<\/p>\n<p><strong>Attenzione!<\/strong> Non vendiamo a persone di et\u00e0 inferiore ai 21 anni. Il prodotto AL-LAD Blotters (2x150mcg) pu\u00f2 essere dannoso per la salute e non \u00e8 adatto al consumo. La mancata osservanza delle nostre precauzioni di sicurezza pu\u00f2 comportare gravi rischi per la salute. Pertanto, si prega di osservare le nostre istruzioni di sicurezza.<\/p>","protected":false},"excerpt":{"rendered":"<p>AL LAD Blotter kaufen 6-Allyl-6-nor-Lysergs\u00e4urediethylamid, besser bekannt als AL-LAD, ist eine halbsynthetische Substanz aus der Klasse der Lysergamide. AL-LAD wurde<\/p>","protected":false},"featured_media":10292,"comment_status":"open","ping_status":"closed","template":"","meta":{"_seopress_robots_primary_cat":"none","_seopress_titles_title":"AL LAD Blotter kaufen %%sep%% %%sitetitle%%","_seopress_titles_desc":"6-Allyl-6-nor-Lysergs\u00e4urediethylamid, besser bekannt als AL-LAD, ist eine halbsynthetische Substanz aus der Klasse der Lysergamide.","_seopress_robots_index":""},"product_brand":[],"product_cat":[140],"product_tag":[],"class_list":{"0":"post-166","1":"product","2":"type-product","3":"status-publish","4":"has-post-thumbnail","6":"product_cat-forschungschemikalien","8":"first","9":"instock","10":"taxable","11":"shipping-taxable","12":"purchasable","13":"product-type-variable"},"_links":{"self":[{"href":"https:\/\/rc-chemlab.net\/it\/wp-json\/wp\/v2\/product\/166","targetHints":{"allow":["GET"]}}],"collection":[{"href":"https:\/\/rc-chemlab.net\/it\/wp-json\/wp\/v2\/product"}],"about":[{"href":"https:\/\/rc-chemlab.net\/it\/wp-json\/wp\/v2\/types\/product"}],"replies":[{"embeddable":true,"href":"https:\/\/rc-chemlab.net\/it\/wp-json\/wp\/v2\/comments?post=166"}],"version-history":[{"count":2,"href":"https:\/\/rc-chemlab.net\/it\/wp-json\/wp\/v2\/product\/166\/revisions"}],"predecessor-version":[{"id":10293,"href":"https:\/\/rc-chemlab.net\/it\/wp-json\/wp\/v2\/product\/166\/revisions\/10293"}],"wp:featuredmedia":[{"embeddable":true,"href":"https:\/\/rc-chemlab.net\/it\/wp-json\/wp\/v2\/media\/10292"}],"wp:attachment":[{"href":"https:\/\/rc-chemlab.net\/it\/wp-json\/wp\/v2\/media?parent=166"}],"wp:term":[{"taxonomy":"product_brand","embeddable":true,"href":"https:\/\/rc-chemlab.net\/it\/wp-json\/wp\/v2\/product_brand?post=166"},{"taxonomy":"product_cat","embeddable":true,"href":"https:\/\/rc-chemlab.net\/it\/wp-json\/wp\/v2\/product_cat?post=166"},{"taxonomy":"product_tag","embeddable":true,"href":"https:\/\/rc-chemlab.net\/it\/wp-json\/wp\/v2\/product_tag?post=166"}],"curies":[{"name":"wp","href":"https:\/\/api.w.org\/{rel}","templated":true}]}}