{"id":164,"date":"2020-03-16T09:11:32","date_gmt":"2020-03-16T09:11:32","guid":{"rendered":"https:\/\/demo.creativethemes.com\/blocksy\/modern-shop\/?post_type=product&#038;p=164"},"modified":"2024-04-15T00:12:18","modified_gmt":"2024-04-15T00:12:18","slug":"flualprazolam-kaufen","status":"publish","type":"product","link":"https:\/\/rc-chemlab.net\/it\/product\/flualprazolam-kaufen\/","title":{"rendered":"Flualprazolam"},"content":{"rendered":"<h1>Comprare Flualprazolam<\/h1>\n<p>Il flualprazolam \u00e8 un nuovo <a href=\"https:\/\/checkit.wien\/warnung-synthetisches-opioid-in-benzodiazepin\/\">benzodiazepina sintetica<\/a>. Il flualprazolam \u00e8 noto per i suoi forti effetti sedativi, euforizzanti e di rilassamento muscolare.<\/p>\n<h2>Dosaggio del Flualprazolam<\/h2>\n<p>Non esiste una dose raccomandata, poich\u00e9 il flualprazolam non \u00e8 destinato al consumo umano, ma viene venduto solo per scopi di ricerca scientifica.<\/p>\n<h2>Effetti del flualprazolam:<\/h2>\n<p>Gli effetti clinici della maggior parte delle nuove droghe di design, come il flualprazolam, possono essere descritti come allucinogeni, stimolanti o simili agli oppioidi. Una combinazione di questi effetti \u00e8 spesso ottenuta sostituendo le catene laterali con le droghe di design. Rapporti di esperienze corrispondenti sul flualprazolam possono essere trovati in abbondanza nei forum pertinenti e tramite i motori di ricerca.<\/p>\n<h2>Effetti collaterali del flualprazolam<\/h2>\n<p>Come per altre designer drugs, il consumo di flualprazolam pu\u00f2 portare a gravi effetti collaterali; la sostanza non \u00e8 stata n\u00e9 testata clinicamente n\u00e9 autorizzata come prodotto di consumo! Il flualprazolam non \u00e8 quindi raccomandato per il consumo umano, ma solo per la ricerca e la sperimentazione scientifica!<\/p>\n<h2>Conservazione e durata di conservazione del flualprazolam<\/h2>\n<p>Conservare sempre il flualprazolam a una temperatura inferiore a 30 gradi Celsius e nella confezione originale. Proteggere dalla luce solare diretta e dall'umidit\u00e0. La durata di conservazione del principio attivo \u00e8 di almeno 1 anno se conservato correttamente. Si prega di <a href=\"https:\/\/rc-chemlab.net\/it\/kontakt\/\">Contattateci<\/a> per ulteriori informazioni.<\/p>","protected":false},"excerpt":{"rendered":"<p>Flualprazolam Kaufen Flualprazolam ist ein neues synthetisches Benzodiazepin. Flualprazolam ist bekannt f\u00fcr seine stark sedierende, euphorisierende und muskelentspannende Wirkung. Dosierung<\/p>","protected":false},"featured_media":10289,"comment_status":"open","ping_status":"closed","template":"","meta":{"_seopress_robots_primary_cat":"none","_seopress_titles_title":"Flualprazolam Kaufen %%sep%% %%sitetitle%%","_seopress_titles_desc":"Flualprazolam ist ein neues synthetisches Benzodiazepin. Flualprazolam ist bekannt f\u00fcr seine stark sedierende, euphorisierende und muskelentspannende Wirkung.","_seopress_robots_index":""},"product_brand":[],"product_cat":[140],"product_tag":[],"class_list":{"0":"post-164","1":"product","2":"type-product","3":"status-publish","4":"has-post-thumbnail","6":"product_cat-forschungschemikalien","8":"first","9":"instock","10":"taxable","11":"shipping-taxable","12":"purchasable","13":"product-type-variable"},"_links":{"self":[{"href":"https:\/\/rc-chemlab.net\/it\/wp-json\/wp\/v2\/product\/164","targetHints":{"allow":["GET"]}}],"collection":[{"href":"https:\/\/rc-chemlab.net\/it\/wp-json\/wp\/v2\/product"}],"about":[{"href":"https:\/\/rc-chemlab.net\/it\/wp-json\/wp\/v2\/types\/product"}],"replies":[{"embeddable":true,"href":"https:\/\/rc-chemlab.net\/it\/wp-json\/wp\/v2\/comments?post=164"}],"version-history":[{"count":3,"href":"https:\/\/rc-chemlab.net\/it\/wp-json\/wp\/v2\/product\/164\/revisions"}],"predecessor-version":[{"id":10290,"href":"https:\/\/rc-chemlab.net\/it\/wp-json\/wp\/v2\/product\/164\/revisions\/10290"}],"wp:featuredmedia":[{"embeddable":true,"href":"https:\/\/rc-chemlab.net\/it\/wp-json\/wp\/v2\/media\/10289"}],"wp:attachment":[{"href":"https:\/\/rc-chemlab.net\/it\/wp-json\/wp\/v2\/media?parent=164"}],"wp:term":[{"taxonomy":"product_brand","embeddable":true,"href":"https:\/\/rc-chemlab.net\/it\/wp-json\/wp\/v2\/product_brand?post=164"},{"taxonomy":"product_cat","embeddable":true,"href":"https:\/\/rc-chemlab.net\/it\/wp-json\/wp\/v2\/product_cat?post=164"},{"taxonomy":"product_tag","embeddable":true,"href":"https:\/\/rc-chemlab.net\/it\/wp-json\/wp\/v2\/product_tag?post=164"}],"curies":[{"name":"wp","href":"https:\/\/api.w.org\/{rel}","templated":true}]}}