{"id":162,"date":"2020-03-16T09:08:51","date_gmt":"2020-03-16T09:08:51","guid":{"rendered":"https:\/\/demo.creativethemes.com\/blocksy\/modern-shop\/?post_type=product&#038;p=162"},"modified":"2024-06-15T13:25:32","modified_gmt":"2024-06-15T13:25:32","slug":"4f-adb-kaufen","status":"publish","type":"product","link":"https:\/\/rc-chemlab.net\/it\/product\/4f-adb-kaufen\/","title":{"rendered":"4F-ADB"},"content":{"rendered":"<h1>Acquistare 4F-ADB<\/h1>\n<h2>Che cos'\u00e8 la polvere 4F-ADB?<\/h2>\n<p>Il 4F-ADB \u00e8 un cannabinoide sintetico a base di indazolo. Ha un forte effetto sui recettori dei cannabinoidi. \u00c8 molto simile ad altri cannabinoidi sintetici come il 5F-ADB. Per sperimentare questo cannabinoide sono sufficienti piccole dosi.<\/p>\n<p>Ci\u00f2 \u00e8 dovuto alla forza di questa sostanza chimica. Seguire attentamente le norme di sicurezza per evitare di sperimentare.<\/p>\n<h2>Acquistare 4F-ADB<\/h2>\n<p>Il 4F-ADB di altissima qualit\u00e0 \u00e8 venduto da Rc-Chemlab. Il 4F-ADB che offriamo \u00e8 disponibile in polvere. Per acquistare il 4F-ADB da noi, \u00e8 necessario avere almeno 18 anni.<\/p>\n<p>Il prodotto non \u00e8 destinato all'uomo o agli animali. \u00c8 stato sviluppato solo per scopi sperimentali. Inoltre, l'acquisto deve essere effettuato nel pieno rispetto delle leggi nazionali del vostro Paese.<\/p>\n<h2>Lo stato giuridico di 4F-ADB<\/h2>\n<p>Il 4F-ADB \u00e8 attualmente sconosciuto in molti Paesi e quindi legale in molti luoghi. Tuttavia, potrebbe essere considerato un analogo del 5F-ADB, il che potrebbe renderlo illegale in paesi con leggi severe in materia, come gli Stati Uniti. Per ulteriori informazioni, contattare<a href=\"https:\/\/rc-chemlab.net\/it\/kontakt\/\"> Contatto con noi<\/a> su.<\/p>","protected":false},"excerpt":{"rendered":"<p>4F-ADB kaufen Was ist 4F-ADB Pulver? 4F-ADB ist ein synthetisches Indazol-basiertes Cannabinoid. Es wirkt sich stark auf die Cannabinoidrezeptoren aus.<\/p>","protected":false},"featured_media":10269,"comment_status":"open","ping_status":"closed","template":"","meta":{"_seopress_robots_primary_cat":"none","_seopress_titles_title":"4F-ADB kaufen %%sep%% %%sitetitle%%","_seopress_titles_desc":"4F-ADB kaufen - 4F-ADB ist ein synthetisches Indazol-basiertes Cannabinoid. Es wirkt sich stark auf die Cannabinoidrezeptoren aus.","_seopress_robots_index":""},"product_brand":[],"product_cat":[140],"product_tag":[],"class_list":{"0":"post-162","1":"product","2":"type-product","3":"status-publish","4":"has-post-thumbnail","6":"product_cat-forschungschemikalien","8":"first","9":"instock","10":"featured","11":"taxable","12":"shipping-taxable","13":"purchasable","14":"product-type-variable"},"_links":{"self":[{"href":"https:\/\/rc-chemlab.net\/it\/wp-json\/wp\/v2\/product\/162","targetHints":{"allow":["GET"]}}],"collection":[{"href":"https:\/\/rc-chemlab.net\/it\/wp-json\/wp\/v2\/product"}],"about":[{"href":"https:\/\/rc-chemlab.net\/it\/wp-json\/wp\/v2\/types\/product"}],"replies":[{"embeddable":true,"href":"https:\/\/rc-chemlab.net\/it\/wp-json\/wp\/v2\/comments?post=162"}],"version-history":[{"count":2,"href":"https:\/\/rc-chemlab.net\/it\/wp-json\/wp\/v2\/product\/162\/revisions"}],"predecessor-version":[{"id":10270,"href":"https:\/\/rc-chemlab.net\/it\/wp-json\/wp\/v2\/product\/162\/revisions\/10270"}],"wp:featuredmedia":[{"embeddable":true,"href":"https:\/\/rc-chemlab.net\/it\/wp-json\/wp\/v2\/media\/10269"}],"wp:attachment":[{"href":"https:\/\/rc-chemlab.net\/it\/wp-json\/wp\/v2\/media?parent=162"}],"wp:term":[{"taxonomy":"product_brand","embeddable":true,"href":"https:\/\/rc-chemlab.net\/it\/wp-json\/wp\/v2\/product_brand?post=162"},{"taxonomy":"product_cat","embeddable":true,"href":"https:\/\/rc-chemlab.net\/it\/wp-json\/wp\/v2\/product_cat?post=162"},{"taxonomy":"product_tag","embeddable":true,"href":"https:\/\/rc-chemlab.net\/it\/wp-json\/wp\/v2\/product_tag?post=162"}],"curies":[{"name":"wp","href":"https:\/\/api.w.org\/{rel}","templated":true}]}}