{"id":159,"date":"2020-03-16T09:03:45","date_gmt":"2020-03-16T09:03:45","guid":{"rendered":"https:\/\/demo.creativethemes.com\/blocksy\/modern-shop\/?post_type=product&#038;p=159"},"modified":"2024-09-17T01:32:26","modified_gmt":"2024-09-17T01:32:26","slug":"3-fpm-kaufen","status":"publish","type":"product","link":"https:\/\/rc-chemlab.net\/it\/product\/3-fpm-kaufen\/","title":{"rendered":"3-FPM"},"content":{"rendered":"<h1>Acquisto 3-FPM<\/h1>\n<h2>Che cos'\u00e8 il 3-FPM?<\/h2>\n<p>3FPM \u00e8 l'abbreviazione di <a href=\"https:\/\/psychonautwiki.org\/wiki\/3-fpm\">3-Fluorofenmetrazina<\/a>. Il 3-FPM \u00e8 uno stimolante chimico per scopi di ricerca. Il 3-FPM \u00e8 una classe chimica di fenilmorfoline. I risultati sperimentali con il 3-FPM sono generalmente molto simili e quasi identici a quelli dell'anfetamina.<\/p>\n<p>Gli esperimenti con il 3-FPM portano generalmente a un aumento della concentrazione e della motivazione, all'accelerazione del pensiero e all'euforia. Tuttavia, questi risultati sono spesso descritti come meno intensi di quelli dell'anfetamina o di altri stimolanti. A seguito di dosi ridotte di 3-FPM, due risultati erano meno presenti: nervosismo e insonnia.<\/p>\n<h2>Dove si pu\u00f2 acquistare il 3-FPM?<\/h2>\n<p>Qui a Chemical Planet offriamo un eccellente 3-FPM. Il nostro 3-FPM \u00e8 disponibile in granuli e in polvere. Abbiamo la soluzione per qualsiasi condizione chimica.<br \/>\nIl 3-FPM che vendiamo \u00e8 destinato esclusivamente a scopi di ricerca. Non \u00e8 destinato all'uso interno. Inoltre, per acquistare il 3-FPM da noi \u00e8 necessario avere almeno 18 anni e rispettare pienamente la legislazione nazionale.<\/p>\n<h2>Stato giuridico 3-FPM<\/h2>\n<p>\u00c8 illegale acquistare, vendere o possedere il 3-FPM in Israele, Svizzera e Stati Uniti. Nel Regno Unito \u00e8 considerato l'equivalente della fenmetrazina che, se usata per il consumo umano, \u00e8 una droga di serie II.<\/p>\n<p>Conservare sempre in un luogo fresco e asciutto per garantire la massima durata di conservazione. Questo prodotto \u00e8 destinato esclusivamente a scopi forensi e di ricerca. Pertanto NON \u00e8 destinato al consumo umano o a test in vivo di qualsiasi tipo su animali o organismi viventi. Per ulteriori informazioni, contattare <a href=\"https:\/\/rc-chemlab.net\/it\/kontakt\/\">Contatto con noi<\/a> su.<\/p>","protected":false},"excerpt":{"rendered":"<p>3-FPM-Kaufen Was ist 3-FPM? 3FPM ist die Abk\u00fcrzung f\u00fcr 3-Fluorophenmetrazin. 3-FPM ist ein chemisches Stimulans f\u00fcr Forschungszwecke. 3-FPM ist eine<\/p>","protected":false},"featured_media":10264,"comment_status":"open","ping_status":"closed","template":"","meta":{"_seopress_robots_primary_cat":"none","_seopress_titles_title":"3-FPM-Kaufen %%sep%% %%sitetitle%%","_seopress_titles_desc":"3-FPM-Kaufen - 3FPM ist die Abk\u00fcrzung f\u00fcr 3-Fluorophenmetrazin. 3-FPM ist ein chemisches Stimulans f\u00fcr Forschungszwecke.","_seopress_robots_index":""},"product_brand":[],"product_cat":[140],"product_tag":[],"class_list":{"0":"post-159","1":"product","2":"type-product","3":"status-publish","4":"has-post-thumbnail","6":"product_cat-forschungschemikalien","8":"first","9":"instock","10":"featured","11":"taxable","12":"shipping-taxable","13":"purchasable","14":"product-type-variable"},"_links":{"self":[{"href":"https:\/\/rc-chemlab.net\/it\/wp-json\/wp\/v2\/product\/159","targetHints":{"allow":["GET"]}}],"collection":[{"href":"https:\/\/rc-chemlab.net\/it\/wp-json\/wp\/v2\/product"}],"about":[{"href":"https:\/\/rc-chemlab.net\/it\/wp-json\/wp\/v2\/types\/product"}],"replies":[{"embeddable":true,"href":"https:\/\/rc-chemlab.net\/it\/wp-json\/wp\/v2\/comments?post=159"}],"version-history":[{"count":4,"href":"https:\/\/rc-chemlab.net\/it\/wp-json\/wp\/v2\/product\/159\/revisions"}],"predecessor-version":[{"id":10266,"href":"https:\/\/rc-chemlab.net\/it\/wp-json\/wp\/v2\/product\/159\/revisions\/10266"}],"wp:featuredmedia":[{"embeddable":true,"href":"https:\/\/rc-chemlab.net\/it\/wp-json\/wp\/v2\/media\/10264"}],"wp:attachment":[{"href":"https:\/\/rc-chemlab.net\/it\/wp-json\/wp\/v2\/media?parent=159"}],"wp:term":[{"taxonomy":"product_brand","embeddable":true,"href":"https:\/\/rc-chemlab.net\/it\/wp-json\/wp\/v2\/product_brand?post=159"},{"taxonomy":"product_cat","embeddable":true,"href":"https:\/\/rc-chemlab.net\/it\/wp-json\/wp\/v2\/product_cat?post=159"},{"taxonomy":"product_tag","embeddable":true,"href":"https:\/\/rc-chemlab.net\/it\/wp-json\/wp\/v2\/product_tag?post=159"}],"curies":[{"name":"wp","href":"https:\/\/api.w.org\/{rel}","templated":true}]}}