{"id":157,"date":"2020-03-16T09:02:10","date_gmt":"2020-03-16T09:02:10","guid":{"rendered":"https:\/\/demo.creativethemes.com\/blocksy\/modern-shop\/?post_type=product&#038;p=157"},"modified":"2024-11-16T20:01:58","modified_gmt":"2024-11-16T20:01:58","slug":"3-fma-kaufen","status":"publish","type":"product","link":"https:\/\/rc-chemlab.net\/it\/product\/3-fma-kaufen\/","title":{"rendered":"3-FMA"},"content":{"rendered":"<h1>3-FMA Kaufen<\/h1>\n<h2><strong><span data-contrast=\"auto\">Was ist 3-FMA?<\/span><\/strong><\/h2>\n<p>3-FMA ist eine Forschungschemikalie der substituierten Amphetamine-Klasse. Die chemischen Strukturen von 3-FMA und 4-FMA \u00e4hneln stark denen von 2-FMA, 3-FA, 4-FMA und 4-FA. 3-FMA ist die Abk\u00fcrzung f\u00fcr 3-Fluoromethamphetamin. Es gibt noch nicht viele Berichte \u00fcber die Ergebnisse der Experimente mit dieser Forschungschemikalie, da sie sehr neu ist.<\/p>\n<p>Daher sollten Sie beim Experimentieren damit Sicherheitsma\u00dfnahmen beachten. Allerdings haben fr\u00fchere Berichte gezeigt, dass 3-FMA Stimulation, taktische Verbesserung, kognitive Euphorie, Zeitverzerrung, beschleunigte Denkprozesse, Wachsamkeit, Motivationssteigerung und Analyseverst\u00e4rkung liefert. Wenn Sie mit 3-FMA experimentieren, sollten Sie auf jeden Fall eine Schutzbrille tragen.<\/p>\n<h2><strong><span data-contrast=\"auto\">Wo kann man 3-FMA kaufen?<\/span><\/strong><\/h2>\n<p>Wir verkaufen hier bei Chemical Planet mit den besten 3-FMA-Qualit\u00e4ten. Unser 3-FMA wird normalerweise in Form von Pulver geliefert. Jedoch gibt es manchmal auch alternative Formate zur Verf\u00fcgung. Wenn Sie also 3-FMA in einer anderen Form kaufen m\u00f6chten, k\u00f6nnen Sie uns gerne kontaktieren.<\/p>\n<p>Um 3-FMA von uns zu kaufen, m\u00fcssen Sie mindestens 18 Jahre alt sein und sich vollst\u00e4ndig an die Gesetze Ihres Landes halten. Als Zahlungsmittel akzeptieren wir sowohl Bitcoin als auch alle \u00fcblichen Kreditkarten. Es ist in vielen Staaten m\u00f6glich, den Versand am selben Tag durchzuf\u00fchren.<\/p>\n<h2><strong><span data-contrast=\"auto\">3-FMA Legalit\u00e4t<\/span><\/strong><\/h2>\n<p>In den USA ist 3-FMA h\u00f6chstwahrscheinlich illegal, da es sich um ein Analogon von Amphetamin handelt. In Gro\u00dfbritannien gilt 3-FMA als Medikament der Klasse A. In Kanada ist 3-FMA eine Droge der Liste 1. In China gilt 3-FMA als geregelte Substanz. In Neuseeland ist 3-FMA ein Amphetamin-Analogon und illegal. In Deutschland ist es ein geregelter Stoff. F\u00fcr weitere Informationen nehmen Sie bitte <a href=\"https:\/\/rc-chemlab.net\/it\/kontakt\/\">Contattateci<\/a> con noi.<\/p>","protected":false},"excerpt":{"rendered":"<p>3-FMA Kaufen Was ist 3-FMA? 3-FMA ist eine Forschungschemikalie der substituierten Amphetamine-Klasse. Die chemischen Strukturen von 3-FMA und 4-FMA \u00e4hneln<\/p>","protected":false},"featured_media":10260,"comment_status":"open","ping_status":"closed","template":"","meta":{"_seopress_robots_primary_cat":"none","_seopress_titles_title":"3-FMA kaufen %%sep%% %%sitetitle%%","_seopress_titles_desc":"3-FMA kaufen - 3-FMA ist eine Forschungschemikalie der substituierten Amphetamine-Klasse.","_seopress_robots_index":""},"product_brand":[],"product_cat":[140],"product_tag":[],"class_list":{"0":"post-157","1":"product","2":"type-product","3":"status-publish","4":"has-post-thumbnail","6":"product_cat-forschungschemikalien","8":"first","9":"instock","10":"featured","11":"taxable","12":"shipping-taxable","13":"purchasable","14":"product-type-variable"},"_links":{"self":[{"href":"https:\/\/rc-chemlab.net\/it\/wp-json\/wp\/v2\/product\/157","targetHints":{"allow":["GET"]}}],"collection":[{"href":"https:\/\/rc-chemlab.net\/it\/wp-json\/wp\/v2\/product"}],"about":[{"href":"https:\/\/rc-chemlab.net\/it\/wp-json\/wp\/v2\/types\/product"}],"replies":[{"embeddable":true,"href":"https:\/\/rc-chemlab.net\/it\/wp-json\/wp\/v2\/comments?post=157"}],"version-history":[{"count":3,"href":"https:\/\/rc-chemlab.net\/it\/wp-json\/wp\/v2\/product\/157\/revisions"}],"predecessor-version":[{"id":10261,"href":"https:\/\/rc-chemlab.net\/it\/wp-json\/wp\/v2\/product\/157\/revisions\/10261"}],"wp:featuredmedia":[{"embeddable":true,"href":"https:\/\/rc-chemlab.net\/it\/wp-json\/wp\/v2\/media\/10260"}],"wp:attachment":[{"href":"https:\/\/rc-chemlab.net\/it\/wp-json\/wp\/v2\/media?parent=157"}],"wp:term":[{"taxonomy":"product_brand","embeddable":true,"href":"https:\/\/rc-chemlab.net\/it\/wp-json\/wp\/v2\/product_brand?post=157"},{"taxonomy":"product_cat","embeddable":true,"href":"https:\/\/rc-chemlab.net\/it\/wp-json\/wp\/v2\/product_cat?post=157"},{"taxonomy":"product_tag","embeddable":true,"href":"https:\/\/rc-chemlab.net\/it\/wp-json\/wp\/v2\/product_tag?post=157"}],"curies":[{"name":"wp","href":"https:\/\/api.w.org\/{rel}","templated":true}]}}