{"id":155,"date":"2020-03-16T09:00:48","date_gmt":"2020-03-16T09:00:48","guid":{"rendered":"https:\/\/demo.creativethemes.com\/blocksy\/modern-shop\/?post_type=product&#038;p=155"},"modified":"2024-04-11T16:43:03","modified_gmt":"2024-04-11T16:43:03","slug":"2-mmc-kaufen","status":"publish","type":"product","link":"https:\/\/rc-chemlab.net\/it\/product\/2-mmc-kaufen\/","title":{"rendered":"2-MMC"},"content":{"rendered":"<h1>Acquistare 2-MMC<\/h1>\n<h2><strong>Che cos'\u00e8 il 2-MMC?<\/strong><\/h2>\n<p>Il 2-MMC \u00e8 una sostanza chimica di ricerca che, come l'MDPHP, <a href=\"https:\/\/rc-chemlab.net\/it\/product\/3-cmc-kaufen-deutschland\/\">3-CMC<\/a> e il 5-MMPA (mefedrene) \u00e8 classificato come catinone.<\/p>\n<p>La droga \u00e8 stata segnalata per la prima volta in Svezia nel 2014 e da allora \u00e8 comparsa in altri Paesi europei. La droga ha diversi effetti molto simili a quelli del mefedrone. La 2-MMC ha il potenziale per essere un ingrediente molto importante per la produzione di <a href=\"https:\/\/en.wikipedia.org\/wiki\/4-Methylcathinone#:~:text=4%2DMethylcathinone%20(also%20known%20as,mephedrone%20(4%2Dmethylmethcathinone).\">4-Metil-MC<\/a> essere.<\/p>\n<p>Gli effetti tossicologici della sostanza chimica non sono ancora stati studiati a fondo, per questo motivo dovrebbe essere utilizzata solo a scopo di ricerca.<\/p>\n<h2><strong>Esclusione di responsabilit\u00e0<\/strong><\/h2>\n<p>Vendiamo il 2-MMC solo per scopi di ricerca. Questo prodotto non deve essere utilizzato su persone o animali. Consigliamo inoltre vivamente ai nostri clienti di adottare misure di protezione adeguate durante la manipolazione di questa sostanza chimica, come l'uso di maschere, guanti e altri dispositivi di protezione.<\/p>\n<h2><strong>2-MMC \u00e8 legale?<\/strong><\/h2>\n<p>Per quanto riguarda la legalit\u00e0, consigliamo vivamente ai nostri clienti di verificare con le autorit\u00e0 competenti la legalit\u00e0 di 2-MMC nel loro paese di residenza o di consegna. Abbiamo imposto restrizioni severe per evitare complicazioni legali ai nostri clienti. Tuttavia, a causa dell'evoluzione della legislazione in diverse regioni, non ci assumiamo alcuna responsabilit\u00e0 per le eventuali conseguenze legali che potrebbero insorgere. In definitiva, \u00e8 responsabilit\u00e0 esclusiva dei nostri clienti assicurarsi di non violare alcuna legge al momento dell'acquisto di questo prodotto chimico.<\/p>\n<h2><strong>Dove posso acquistare 2-MMC?<\/strong><\/h2>\n<p>Noi di Chemical Planet siamo orgogliosi di essere uno dei migliori fornitori di prodotti chimici per la ricerca di alta qualit\u00e0 nell'UE. Il 2-MMC \u00e8 disponibile in forma cristallina ed \u00e8 venduto solo per uso di ricerca. Non \u00e8 venduto per l'uso su esseri umani o animali. Solo le persone di et\u00e0 superiore ai 18 anni possono acquistare questo prodotto da noi. Per ulteriori informazioni <a href=\"https:\/\/rc-chemlab.net\/it\/kontakt\/\">si prega di contattare<\/a> per favore <a href=\"https:\/\/rc-chemlab.net\/it\/kontakt\/\">a noi<\/a>.<\/p>","protected":false},"excerpt":{"rendered":"<p>2-MMC Kaufen Was ist 2-MMC? 2-MMC ist eine Forschungschemikalie, die wie MDPHP, 3-CMC und 5-MMPA (Mephedren) als Cathinon kategorisiert wird.<\/p>","protected":false},"featured_media":10254,"comment_status":"open","ping_status":"closed","template":"","meta":{"_seopress_robots_primary_cat":"none","_seopress_titles_title":"2-MMC Kaufen %%sep%% %%sitetitle%%","_seopress_titles_desc":"2-MMC ist eine Forschungschemikalie, die wie MDPHP, 3-CMC und 5-MMPA (Mephedren) als Cathinon kategorisiert wird.","_seopress_robots_index":""},"product_brand":[],"product_cat":[140],"product_tag":[],"class_list":{"0":"post-155","1":"product","2":"type-product","3":"status-publish","4":"has-post-thumbnail","6":"product_cat-forschungschemikalien","8":"first","9":"instock","10":"featured","11":"taxable","12":"shipping-taxable","13":"purchasable","14":"product-type-variable"},"_links":{"self":[{"href":"https:\/\/rc-chemlab.net\/it\/wp-json\/wp\/v2\/product\/155","targetHints":{"allow":["GET"]}}],"collection":[{"href":"https:\/\/rc-chemlab.net\/it\/wp-json\/wp\/v2\/product"}],"about":[{"href":"https:\/\/rc-chemlab.net\/it\/wp-json\/wp\/v2\/types\/product"}],"replies":[{"embeddable":true,"href":"https:\/\/rc-chemlab.net\/it\/wp-json\/wp\/v2\/comments?post=155"}],"version-history":[{"count":2,"href":"https:\/\/rc-chemlab.net\/it\/wp-json\/wp\/v2\/product\/155\/revisions"}],"predecessor-version":[{"id":10256,"href":"https:\/\/rc-chemlab.net\/it\/wp-json\/wp\/v2\/product\/155\/revisions\/10256"}],"wp:featuredmedia":[{"embeddable":true,"href":"https:\/\/rc-chemlab.net\/it\/wp-json\/wp\/v2\/media\/10254"}],"wp:attachment":[{"href":"https:\/\/rc-chemlab.net\/it\/wp-json\/wp\/v2\/media?parent=155"}],"wp:term":[{"taxonomy":"product_brand","embeddable":true,"href":"https:\/\/rc-chemlab.net\/it\/wp-json\/wp\/v2\/product_brand?post=155"},{"taxonomy":"product_cat","embeddable":true,"href":"https:\/\/rc-chemlab.net\/it\/wp-json\/wp\/v2\/product_cat?post=155"},{"taxonomy":"product_tag","embeddable":true,"href":"https:\/\/rc-chemlab.net\/it\/wp-json\/wp\/v2\/product_tag?post=155"}],"curies":[{"name":"wp","href":"https:\/\/api.w.org\/{rel}","templated":true}]}}