{"id":1340,"date":"2023-06-07T03:47:53","date_gmt":"2023-06-07T03:47:53","guid":{"rendered":"https:\/\/rc-chemlab.net\/?post_type=product&#038;p=1340"},"modified":"2024-04-16T01:49:53","modified_gmt":"2024-04-16T01:49:53","slug":"a-pihp","status":"publish","type":"product","link":"https:\/\/rc-chemlab.net\/it\/product\/a-pihp\/","title":{"rendered":"A PiHP"},"content":{"rendered":"<h1>A PiHP<\/h1>\n<p>\u03b1-PHiP, comunemente indicato anche come <a href=\"https:\/\/en.wikipedia.org\/wiki\/%CE%91-PHiP\">Alfa-PHiP<\/a> \u00e8 un composto della classe dei catinoni e un isomero strutturale del composto progenitore pirovalerone, ampiamente prescritto negli ultimi decenni per il trattamento di letargia, sonnolenza e stanchezza cronica.<\/p>\n<p>\u00c8 anche molto simile agli altri composti pi\u00f9 noti, l'A-PHP e l'MDPV, sostanze che producono una sensazione di euforia quando vengono ingerite.<\/p>\n<p>Sebbene \u03b1-PHiP abbia una struttura simile a composti che sono stati testati e approvati per il consumo umano, \u03b1-PHiP \u00e8 solo per scopi di ricerca e non \u00e8 destinato al consumo umano.<\/p>\n<h2>Propriet\u00e0 chimiche di \u03b1-PHiP<\/h2>\n<ul>\n<li>Formula chimica: C23H27N3O2<\/li>\n<li>Nome completo: 4-Metil-1-fenil-2- (pirrolidin-1-il) pentan-1-one<\/li>\n<li>Peso molecolare: g \/ mol<\/li>\n<li>Purezza:&gt; 98%<\/li>\n<\/ul>\n<p>Come gi\u00e0 detto, l'A PiHP \u00e8 un composto della classe dei catinoni e condivide le propriet\u00e0 chimiche con il pi\u00f9 studiato pirovalerone, con l'unica differenza di un gruppo metilico spostato dalla posizione 4 dell'anello aromatico alla posizione 4 della catena acilica. Come per il pirovalerone, l'\u03b1-PHiP pu\u00f2 produrre euforia, aumento dell'energia e miglioramento della concentrazione quando viene ingerito, anche se non sono stati condotti studi che lo confermino.<\/p>\n<p>Come tutti i catinoni psicoattivi, si presume che l'\u03b1-PHiP aumenti il rilascio di dopamina e inibisca la ricaptazione di adrenalina, noradrenalina e serotonina nel sistema nervoso centrale.<\/p>\n<p>Vale la pena notare che tutti i catinoni si basano sui composti psicoattivi della pianta del khat (Catha edulis), le cui foglie producono un effetto stimolante in chi le mastica. Il khat viene consumato in questo modo in molti paesi africani da centinaia di anni. Tutte le sostanze chimiche della famiglia dei catinoni provengono da questa pianta.<\/p>\n<blockquote><p><strong>NOTA:\u00a0<\/strong>\u00a0A differenza del khat o del pirovalerone, l'\u03b1-PHiP non ha una storia di uso umano e pu\u00f2 essere utilizzata solo per scopi di ricerca e non per il consumo umano.<\/p><\/blockquote>\n<h2><strong>Dove acquistare?<\/strong><\/h2>\n<p>In\u00a0<span data-contrast=\"none\">la nostra attivit\u00e0 chimica<\/span>\u00a0una fonte affidabile di N1, offriamo \u03b1-PHiP di alta qualit\u00e0 in qualit\u00e0 di laboratorio sotto forma di sale in polvere.\u00a0<span data-contrast=\"none\">La nostra attivit\u00e0 chimica<\/span>\u00a0\u00e8 la prima scelta per chi vuole acquistare prodotti chimici per la ricerca. Si ricorda che per acquistare \u03b1-PHiP \u00e8 necessario avere almeno 18 anni.\u00a0<span data-contrast=\"none\">la nostra attivit\u00e0 chimica<\/span> da acquistare . Tutti i prodotti chimici per la ricerca venduti sono destinati a test e sperimentazioni di laboratorio e non sono destinati al consumo umano. Per ulteriori informazioni si prega di contattare <a href=\"https:\/\/rc-chemlab.net\/it\/kontakt\/\">Contatto con noi<\/a> su.<\/p>","protected":false},"excerpt":{"rendered":"<p>A PiHP \u03b1-PHiP, auch allgemein als Alpha-PHiP bezeichnet, ist eine Verbindung der Cathinon-Klasse und ein Strukturisomer der Ausgangsverbindung Pyrovaleron, die<\/p>","protected":false},"featured_media":10330,"comment_status":"open","ping_status":"closed","template":"","meta":{"_seopress_robots_primary_cat":"none","_seopress_titles_title":"A PiHP %%sep%% %%sitetitle%%","_seopress_titles_desc":"\u03b1-PHiP, auch allgemein als Alpha-PHiP bezeichnet, ist eine Verbindung der Cathinon-Klasse - \u03b1-PHiP, auch allgemein als Alpha-PHiP bezeichnet, ist eine Verbindung der Cathinon-Klasse","_seopress_robots_index":""},"product_brand":[],"product_cat":[140],"product_tag":[],"class_list":{"0":"post-1340","1":"product","2":"type-product","3":"status-publish","4":"has-post-thumbnail","6":"product_cat-forschungschemikalien","8":"first","9":"instock","10":"taxable","11":"shipping-taxable","12":"purchasable","13":"product-type-variable"},"_links":{"self":[{"href":"https:\/\/rc-chemlab.net\/it\/wp-json\/wp\/v2\/product\/1340","targetHints":{"allow":["GET"]}}],"collection":[{"href":"https:\/\/rc-chemlab.net\/it\/wp-json\/wp\/v2\/product"}],"about":[{"href":"https:\/\/rc-chemlab.net\/it\/wp-json\/wp\/v2\/types\/product"}],"replies":[{"embeddable":true,"href":"https:\/\/rc-chemlab.net\/it\/wp-json\/wp\/v2\/comments?post=1340"}],"version-history":[{"count":1,"href":"https:\/\/rc-chemlab.net\/it\/wp-json\/wp\/v2\/product\/1340\/revisions"}],"predecessor-version":[{"id":10331,"href":"https:\/\/rc-chemlab.net\/it\/wp-json\/wp\/v2\/product\/1340\/revisions\/10331"}],"wp:featuredmedia":[{"embeddable":true,"href":"https:\/\/rc-chemlab.net\/it\/wp-json\/wp\/v2\/media\/10330"}],"wp:attachment":[{"href":"https:\/\/rc-chemlab.net\/it\/wp-json\/wp\/v2\/media?parent=1340"}],"wp:term":[{"taxonomy":"product_brand","embeddable":true,"href":"https:\/\/rc-chemlab.net\/it\/wp-json\/wp\/v2\/product_brand?post=1340"},{"taxonomy":"product_cat","embeddable":true,"href":"https:\/\/rc-chemlab.net\/it\/wp-json\/wp\/v2\/product_cat?post=1340"},{"taxonomy":"product_tag","embeddable":true,"href":"https:\/\/rc-chemlab.net\/it\/wp-json\/wp\/v2\/product_tag?post=1340"}],"curies":[{"name":"wp","href":"https:\/\/api.w.org\/{rel}","templated":true}]}}