{"id":1332,"date":"2023-06-05T23:53:41","date_gmt":"2023-06-05T23:53:41","guid":{"rendered":"https:\/\/rc-chemlab.net\/?post_type=product&#038;p=1332"},"modified":"2024-04-16T01:38:04","modified_gmt":"2024-04-16T01:38:04","slug":"4-fma-kaufen","status":"publish","type":"product","link":"https:\/\/rc-chemlab.net\/it\/product\/4-fma-kaufen\/","title":{"rendered":"4-FMA"},"content":{"rendered":"<h1>4-FMA kaufen<\/h1>\n<p>Sie m\u00f6chten 4-FMA kaufen? Alle Produkte von Rc-<a href=\"\/it\/\">Chemlab<\/a> sind laborgepr\u00fcft und von h\u00f6chster Qualit\u00e4t. Die Bestellungen werden diskret verpackt und innerhalb von 24 Stunden versandt. Au\u00dferdem k\u00f6nnen Sie sicher und schnell per Krypto bezahlen!Bestellungen werden diskret verpackt und innerhalb von 24 Stunden versandt.<\/p>\n<h2>Was ist 4-FMA?<\/h2>\n<p>4-FMA ist eine Klasse von Chemikalien, die eng mit Amphetamin verwandt ist. Es handelt sich um eine Fluorverbindung, d. h. dem Molek\u00fcl wurde ein Fluoratom hinzugef\u00fcgt, um seine Eigenschaften zu ver\u00e4ndern. 4-FMA besteht aus einer Phenylgruppe, die an ein Amphetaminmolek\u00fcl gebunden ist. <a href=\"https:\/\/xtcdrogenhaus.com\/Produkt-Kategorie\/amphetamine-kaufen\/\">Amphetamin<\/a> ist eine Substanz, die das Gehirn und das Nervensystem beeinflusst. Es erh\u00f6ht die Freisetzung bestimmter Gehirnchemikalien wie Dopamin und Noradrenalin, was zu einem Gef\u00fchl der Euphorie, erh\u00f6hter Wachsamkeit und Energie f\u00fchren kann.<\/p>\n<h2>Wo kann ich 4-FMA kaufen?<\/h2>\n<p>Bei Chemlab k\u00f6nnen Sie alle Forschungschemikalien kaufen, und hier k\u00f6nnen Sie auch 4-FMA in bester Qualit\u00e4t erwerben. Diese Substanz wird in Pulverform geliefert und ist nur f\u00fcr den Gebrauch im Labor bestimmt, wobei Sie immer angemessene Sicherheitsma\u00dfnahmen treffen m\u00fcssen. Hinweis: 4-FMA ist, wie andere Forschungschemikalien auch, nur f\u00fcr Forschungszwecke bestimmt und darf auf keinen Fall von Menschen, Tieren oder anderen Lebewesen verzehrt werden. Wir verkaufen keine Forschungschemikalien an Personen unter 18 Jahren. F\u00fcr weitere Informationen nehmen Sie bitte <a href=\"https:\/\/rc-chemlab.net\/it\/kontakt\/\">Contatto con noi<\/a> su.<\/p>","protected":false},"excerpt":{"rendered":"<p>4-FMA kaufen Sie m\u00f6chten 4-FMA kaufen? Alle Produkte von Rc-Chemlab sind laborgepr\u00fcft und von h\u00f6chster Qualit\u00e4t. Die Bestellungen werden diskret<\/p>","protected":false},"featured_media":10327,"comment_status":"open","ping_status":"closed","template":"","meta":{"_seopress_robots_primary_cat":"none","_seopress_titles_title":"4-FMA kaufen %%sep%% %%sitetitle%%","_seopress_titles_desc":"4-FMA kaufen - Sie m\u00f6chten 4-FMA kaufen? Alle Produkte von Rc-Chemlab sind laborgepr\u00fcft und von h\u00f6chster Qualit\u00e4t.","_seopress_robots_index":""},"product_brand":[],"product_cat":[140],"product_tag":[],"class_list":{"0":"post-1332","1":"product","2":"type-product","3":"status-publish","4":"has-post-thumbnail","6":"product_cat-forschungschemikalien","8":"first","9":"instock","10":"taxable","11":"shipping-taxable","12":"purchasable","13":"product-type-variable"},"_links":{"self":[{"href":"https:\/\/rc-chemlab.net\/it\/wp-json\/wp\/v2\/product\/1332","targetHints":{"allow":["GET"]}}],"collection":[{"href":"https:\/\/rc-chemlab.net\/it\/wp-json\/wp\/v2\/product"}],"about":[{"href":"https:\/\/rc-chemlab.net\/it\/wp-json\/wp\/v2\/types\/product"}],"replies":[{"embeddable":true,"href":"https:\/\/rc-chemlab.net\/it\/wp-json\/wp\/v2\/comments?post=1332"}],"version-history":[{"count":2,"href":"https:\/\/rc-chemlab.net\/it\/wp-json\/wp\/v2\/product\/1332\/revisions"}],"predecessor-version":[{"id":10328,"href":"https:\/\/rc-chemlab.net\/it\/wp-json\/wp\/v2\/product\/1332\/revisions\/10328"}],"wp:featuredmedia":[{"embeddable":true,"href":"https:\/\/rc-chemlab.net\/it\/wp-json\/wp\/v2\/media\/10327"}],"wp:attachment":[{"href":"https:\/\/rc-chemlab.net\/it\/wp-json\/wp\/v2\/media?parent=1332"}],"wp:term":[{"taxonomy":"product_brand","embeddable":true,"href":"https:\/\/rc-chemlab.net\/it\/wp-json\/wp\/v2\/product_brand?post=1332"},{"taxonomy":"product_cat","embeddable":true,"href":"https:\/\/rc-chemlab.net\/it\/wp-json\/wp\/v2\/product_cat?post=1332"},{"taxonomy":"product_tag","embeddable":true,"href":"https:\/\/rc-chemlab.net\/it\/wp-json\/wp\/v2\/product_tag?post=1332"}],"curies":[{"name":"wp","href":"https:\/\/api.w.org\/{rel}","templated":true}]}}