{"id":1324,"date":"2023-06-05T23:21:14","date_gmt":"2023-06-05T23:21:14","guid":{"rendered":"https:\/\/rc-chemlab.net\/?post_type=product&#038;p=1324"},"modified":"2024-04-16T01:30:39","modified_gmt":"2024-04-16T01:30:39","slug":"6-apb-kaufen","status":"publish","type":"product","link":"https:\/\/rc-chemlab.net\/it\/product\/6-apb-kaufen\/","title":{"rendered":"6-APB"},"content":{"rendered":"<h1>Acquistare 6-APB<\/h1>\n<p>Volete acquistare 6-APB? Chemlab \u00e8 l'indirizzo giusto per voi. Tutti i prodotti sono testati in laboratorio e sono puri almeno 95%. Inoltre, spediamo tutti i prodotti chimici per la ricerca dai Paesi Bassi, in modo che arrivino nel vostro laboratorio entro 24 ore dal pagamento!<\/p>\n<h2>Che cos'\u00e8 il 6-APB?<\/h2>\n<p>Il 6-APB, noto anche come Benzo Fury, \u00e8 una sostanza chimica di ricerca che rientra nella classe dei benzofurani. \u00c8 una sostanza molto popolare e ben accolta da molti ricercatori chimici. In termini di struttura chimica, il 6-APB \u00e8 simile a sostanze come <a href=\"https:\/\/xtcdrogenhaus.com\/Produkt-Kategorie\/ecstasys-kaufen\/\">MDMA<\/a> e XTC, anche gli effetti del 6-APB sono simili a quelli di queste sostanze. Gli studi con il 6-APB durano diverse ore in pi\u00f9 rispetto a quelli con l'MDMA. A basse dosi si ha un maggiore controllo e gli effetti sono pi\u00f9 blandi rispetto all'XTC. Con il 6-APB ci si pu\u00f2 aspettare una prova euforica ed energizzante. Tuttavia, questa sostanza chimica per la ricerca pu\u00f2 anche fornire un risultato trippy. Questo non \u00e8 il caso di una dose inferiore.<\/p>\n<h2>Esperienza 6-APB<\/h2>\n<p>Volete saperne di pi\u00f9 sul 6-APB e sugli effetti di questa sostanza chimica di ricerca? Potete trovare informazioni su questa sostanza su siti web come Psychonaut Wiki e Wikipedia.<\/p>\n<h2>Acquistare 6-APB online<\/h2>\n<p>Su Nachtapotheker.nl potete contare su Benzofury di alta qualit\u00e0, testato anche in laboratorio. Questo ci permette di garantire una purezza di almeno 95%. Nachtapotheker.nl vende polvere di 6-APB in quantit\u00e0 di 0,25, 0,5, 1, 2 e 5 grammi. Tutti i prodotti chimici per la ricerca vengono spediti dai Paesi Bassi e saranno nel vostro laboratorio entro 24 ore dal ricevimento del pagamento. Nota bene: il 6-APB, come le altre sostanze chimiche per la ricerca, \u00e8 destinato esclusivamente all'uso per la ricerca e non deve mai essere consumato da persone, animali o altri esseri viventi. Conservare in un luogo asciutto e fresco per garantire la massima durata di conservazione. Non vendiamo prodotti chimici per la ricerca a persone di et\u00e0 inferiore ai 18 anni. Per ulteriori informazioni, contattare <a href=\"https:\/\/rc-chemlab.net\/it\/kontakt\/\">Contatto con noi<\/a> su.<\/p>","protected":false},"excerpt":{"rendered":"<p>6-APB kaufen M\u00f6chten Sie 6-APB kaufen? Dann sind Sie bei Chemlab an der richtigen Adresse. Alle Produkte sind laborgepr\u00fcft und<\/p>","protected":false},"featured_media":10323,"comment_status":"open","ping_status":"closed","template":"","meta":{"_seopress_robots_primary_cat":"none","_seopress_titles_title":"6-APB kaufen %%sep%% %%sitetitle%%","_seopress_titles_desc":"6-APB kaufen - M\u00f6chten Sie 6-APB kaufen? Dann sind Sie bei Chemlab an der richtigen Adresse.","_seopress_robots_index":""},"product_brand":[],"product_cat":[140],"product_tag":[],"class_list":{"0":"post-1324","1":"product","2":"type-product","3":"status-publish","4":"has-post-thumbnail","6":"product_cat-forschungschemikalien","8":"first","9":"instock","10":"taxable","11":"shipping-taxable","12":"purchasable","13":"product-type-variable"},"_links":{"self":[{"href":"https:\/\/rc-chemlab.net\/it\/wp-json\/wp\/v2\/product\/1324","targetHints":{"allow":["GET"]}}],"collection":[{"href":"https:\/\/rc-chemlab.net\/it\/wp-json\/wp\/v2\/product"}],"about":[{"href":"https:\/\/rc-chemlab.net\/it\/wp-json\/wp\/v2\/types\/product"}],"replies":[{"embeddable":true,"href":"https:\/\/rc-chemlab.net\/it\/wp-json\/wp\/v2\/comments?post=1324"}],"version-history":[{"count":1,"href":"https:\/\/rc-chemlab.net\/it\/wp-json\/wp\/v2\/product\/1324\/revisions"}],"predecessor-version":[{"id":10324,"href":"https:\/\/rc-chemlab.net\/it\/wp-json\/wp\/v2\/product\/1324\/revisions\/10324"}],"wp:featuredmedia":[{"embeddable":true,"href":"https:\/\/rc-chemlab.net\/it\/wp-json\/wp\/v2\/media\/10323"}],"wp:attachment":[{"href":"https:\/\/rc-chemlab.net\/it\/wp-json\/wp\/v2\/media?parent=1324"}],"wp:term":[{"taxonomy":"product_brand","embeddable":true,"href":"https:\/\/rc-chemlab.net\/it\/wp-json\/wp\/v2\/product_brand?post=1324"},{"taxonomy":"product_cat","embeddable":true,"href":"https:\/\/rc-chemlab.net\/it\/wp-json\/wp\/v2\/product_cat?post=1324"},{"taxonomy":"product_tag","embeddable":true,"href":"https:\/\/rc-chemlab.net\/it\/wp-json\/wp\/v2\/product_tag?post=1324"}],"curies":[{"name":"wp","href":"https:\/\/api.w.org\/{rel}","templated":true}]}}