{"id":1314,"date":"2023-06-05T21:47:41","date_gmt":"2023-06-05T21:47:41","guid":{"rendered":"https:\/\/rc-chemlab.net\/?post_type=product&#038;p=1314"},"modified":"2024-11-16T11:35:43","modified_gmt":"2024-11-16T11:35:43","slug":"n-ethyl-hexedrone","status":"publish","type":"product","link":"https:\/\/rc-chemlab.net\/it\/product\/n-ethyl-hexedrone\/","title":{"rendered":"N-etil-esedrone"},"content":{"rendered":"<h1>N Etiloesedrone<\/h1>\n<p>N-etilesone (<a href=\"https:\/\/de.wikibrief.org\/wiki\/N-Ethylhexedrone\">a-Etilaminocaprofenone<\/a>NEH o Hexen) \u00e8 una sostanza chimica stimolante appartenente alla classe dei catinoni ed \u00e8 disponibile sul mercato dei prodotti chimici per la ricerca dalla met\u00e0 degli anni 2010. Si dice che agisca aumentando i livelli di dopamina e noradrenalina. Secondo alcuni rapporti aneddotici, i partecipanti hanno mostrato effetti di stimolazione, aumento della concentrazione, euforia e disinibizione.<\/p>\n<p>HEX-EN, Ethyl-Hexedrone, Ethyl-Hex \u00e8 un nuovo prodotto chimico di ricerca sviluppato dopo il divieto in Cina del 1\u00b0 ottobre 2015. Questo prodotto ha un valore di ricerca tre volte superiore a quello del noto Hexedrone. Ha propriet\u00e0 ed effetti simili a quelli del Pentedrone e del 4-CMC, <a href=\"https:\/\/rc-chemlab.net\/it\/product\/3-cmc-kaufen-deutschland\/\">3-CMC<\/a>.<\/p>\n<p>I prodotti acquistati da EUsynth.org sono destinati esclusivamente a scopi di ricerca di laboratorio e non sono destinati al consumo umano. Chi acquista lo fa a proprio rischio e pericolo ed \u00e8 responsabile della conformit\u00e0 alle leggi della propria giurisdizione. EUsynth.org non \u00e8 responsabile della legalit\u00e0 dei prodotti nei paesi dei clienti. Per ulteriori informazioni, contattare <a href=\"https:\/\/rc-chemlab.net\/it\/kontakt\/\">Contatto con noi<\/a> su.<\/p>","protected":false},"excerpt":{"rendered":"<p>N Ethyl Hexedrone N-Ethylhexedron (a-Ethylaminocaprophenon, NEH oder Hexen) ist eine stimulierende Chemikalie aus der Klasse der Cathinone und ist seit<\/p>","protected":false},"featured_media":10321,"comment_status":"open","ping_status":"closed","template":"","meta":{"_seopress_robots_primary_cat":"none","_seopress_titles_title":"N Ethyl Hexedrone %%sep%% %%sitetitle%%","_seopress_titles_desc":"N Ethyl Hexedrone - HEX-EN, Ethyl-Hexedron, Ethyl-Hex ist eine neue Forschungschemikalie, die nach dem Verbot in China vom 1.10.2015 entwickelt wurde.","_seopress_robots_index":""},"product_brand":[],"product_cat":[140],"product_tag":[],"class_list":{"0":"post-1314","1":"product","2":"type-product","3":"status-publish","4":"has-post-thumbnail","6":"product_cat-forschungschemikalien","8":"first","9":"instock","10":"taxable","11":"shipping-taxable","12":"purchasable","13":"product-type-variable"},"_links":{"self":[{"href":"https:\/\/rc-chemlab.net\/it\/wp-json\/wp\/v2\/product\/1314","targetHints":{"allow":["GET"]}}],"collection":[{"href":"https:\/\/rc-chemlab.net\/it\/wp-json\/wp\/v2\/product"}],"about":[{"href":"https:\/\/rc-chemlab.net\/it\/wp-json\/wp\/v2\/types\/product"}],"replies":[{"embeddable":true,"href":"https:\/\/rc-chemlab.net\/it\/wp-json\/wp\/v2\/comments?post=1314"}],"version-history":[{"count":2,"href":"https:\/\/rc-chemlab.net\/it\/wp-json\/wp\/v2\/product\/1314\/revisions"}],"predecessor-version":[{"id":10322,"href":"https:\/\/rc-chemlab.net\/it\/wp-json\/wp\/v2\/product\/1314\/revisions\/10322"}],"wp:featuredmedia":[{"embeddable":true,"href":"https:\/\/rc-chemlab.net\/it\/wp-json\/wp\/v2\/media\/10321"}],"wp:attachment":[{"href":"https:\/\/rc-chemlab.net\/it\/wp-json\/wp\/v2\/media?parent=1314"}],"wp:term":[{"taxonomy":"product_brand","embeddable":true,"href":"https:\/\/rc-chemlab.net\/it\/wp-json\/wp\/v2\/product_brand?post=1314"},{"taxonomy":"product_cat","embeddable":true,"href":"https:\/\/rc-chemlab.net\/it\/wp-json\/wp\/v2\/product_cat?post=1314"},{"taxonomy":"product_tag","embeddable":true,"href":"https:\/\/rc-chemlab.net\/it\/wp-json\/wp\/v2\/product_tag?post=1314"}],"curies":[{"name":"wp","href":"https:\/\/api.w.org\/{rel}","templated":true}]}}