{"id":1306,"date":"2023-06-05T16:43:27","date_gmt":"2023-06-05T16:43:27","guid":{"rendered":"https:\/\/rc-chemlab.net\/?post_type=product&#038;p=1306"},"modified":"2024-04-16T01:15:51","modified_gmt":"2024-04-16T01:15:51","slug":"n-ethyl-pentedrone","status":"publish","type":"product","link":"https:\/\/rc-chemlab.net\/it\/product\/n-ethyl-pentedrone\/","title":{"rendered":"N-Etil-Pentedrone"},"content":{"rendered":"<h1>N Etile pentedrone<\/h1>\n<p>L'N-etil-(nor)-pentedrone (noto anche come N-etilpentedrone o pi\u00f9 comunemente come NEP) \u00e8 un nuovo stimolante sintetico che appartiene alla classe dei catinoni sostituiti. L'N-etil-(nor)-pentedrone si \u00e8 fatto conoscere per la prima volta sul mercato dei prodotti chimici di ricerca nel 2016. <a href=\"https:\/\/en.wikipedia.org\/wiki\/N-Ethylpentedrone\">N-etil-(nor)-pentedrone<\/a> \u00e8 strettamente legato al Pentedron.<\/p>\n<p>Il da <a href=\"\/it\/\">Chemlab<\/a> I prodotti acquistati sono destinati esclusivamente alla ricerca di laboratorio e non sono destinati al consumo umano. Se acquistate un prodotto, lo fate a vostro rischio e pericolo e siete responsabili della conformit\u00e0 alle leggi vigenti nel vostro paese. Chemlab non \u00e8 responsabile della legalit\u00e0 dei prodotti nei Paesi dei clienti. Per ulteriori informazioni, contattare <a href=\"https:\/\/rc-chemlab.net\/it\/kontakt\/\">Contatto con noi<\/a> su.<\/p>","protected":false},"excerpt":{"rendered":"<p>N Ethyl Pentedrone N-Ethyl-(nor)-pentedron (auch bekannt als N-Ethylpentedron oder allgemeiner als NEP) ist ein neuartiges synthetisches Stimulans, das zur Klasse<\/p>","protected":false},"featured_media":10319,"comment_status":"open","ping_status":"closed","template":"","meta":{"_seopress_robots_primary_cat":"none","_seopress_titles_title":"N Ethyl Pentedrone %%sep%% %%sitetitle%%","_seopress_titles_desc":"N Ethyl Pentedrone - N-Ethyl-(nor)-pentedron (auch bekannt als N-Ethylpentedron oder allgemeiner als NEP) ist ein neuartiges synthetisches Stimulans","_seopress_robots_index":""},"product_brand":[],"product_cat":[140],"product_tag":[],"class_list":{"0":"post-1306","1":"product","2":"type-product","3":"status-publish","4":"has-post-thumbnail","6":"product_cat-forschungschemikalien","8":"first","9":"instock","10":"taxable","11":"shipping-taxable","12":"purchasable","13":"product-type-variable"},"_links":{"self":[{"href":"https:\/\/rc-chemlab.net\/it\/wp-json\/wp\/v2\/product\/1306","targetHints":{"allow":["GET"]}}],"collection":[{"href":"https:\/\/rc-chemlab.net\/it\/wp-json\/wp\/v2\/product"}],"about":[{"href":"https:\/\/rc-chemlab.net\/it\/wp-json\/wp\/v2\/types\/product"}],"replies":[{"embeddable":true,"href":"https:\/\/rc-chemlab.net\/it\/wp-json\/wp\/v2\/comments?post=1306"}],"version-history":[{"count":1,"href":"https:\/\/rc-chemlab.net\/it\/wp-json\/wp\/v2\/product\/1306\/revisions"}],"predecessor-version":[{"id":10320,"href":"https:\/\/rc-chemlab.net\/it\/wp-json\/wp\/v2\/product\/1306\/revisions\/10320"}],"wp:featuredmedia":[{"embeddable":true,"href":"https:\/\/rc-chemlab.net\/it\/wp-json\/wp\/v2\/media\/10319"}],"wp:attachment":[{"href":"https:\/\/rc-chemlab.net\/it\/wp-json\/wp\/v2\/media?parent=1306"}],"wp:term":[{"taxonomy":"product_brand","embeddable":true,"href":"https:\/\/rc-chemlab.net\/it\/wp-json\/wp\/v2\/product_brand?post=1306"},{"taxonomy":"product_cat","embeddable":true,"href":"https:\/\/rc-chemlab.net\/it\/wp-json\/wp\/v2\/product_cat?post=1306"},{"taxonomy":"product_tag","embeddable":true,"href":"https:\/\/rc-chemlab.net\/it\/wp-json\/wp\/v2\/product_tag?post=1306"}],"curies":[{"name":"wp","href":"https:\/\/api.w.org\/{rel}","templated":true}]}}