{"id":1298,"date":"2023-06-05T13:38:44","date_gmt":"2023-06-05T13:38:44","guid":{"rendered":"https:\/\/rc-chemlab.net\/?post_type=product&#038;p=1298"},"modified":"2024-04-15T00:49:43","modified_gmt":"2024-04-15T00:49:43","slug":"mdphp-hcl","status":"publish","type":"product","link":"https:\/\/rc-chemlab.net\/it\/product\/mdphp-hcl\/","title":{"rendered":"MDPHP HCL"},"content":{"rendered":"<h1>MDPHP HCL<\/h1>\n<p>Vuoi comprare MDPHP HCL in polvere al prezzo pi\u00f9 basso? Potete rivolgervi a Chemlab per ottenere le migliori droghe di design. MDPHP HCL \u00e8 l'acronimo di <a href=\"https:\/\/en.wikipedia.org\/wiki\/3%27,4%27-Methylenedioxy-%CE%B1-pyrrolidinobutiophenone\">3 ', 4'-metilendiossi-\u03b1-pirrolidinoesiofenone<\/a>. L'MDPHP HCL \u00e8 uno stimolante della classe dei catinoni sostituiti ed \u00e8 una designer drug dal 2018. Non pagate mai pi\u00f9 troppo per droghe di marca pulite. Sempre in stock e consegnata entro 1 - 2 giorni lavorativi. Pagamento sicuro con Giropay, Bitcoin o carta di credito.<\/p>\n<h2>Acquistare farmaci di marca in modo sicuro<\/h2>\n<p>Poich\u00e9 acquistiamo direttamente dal produttore, possiamo sempre garantire il prezzo pi\u00f9 basso. Pagate in modo sicuro con Giropay, Bitcoin o carta di credito nel nostro webshop.<br \/>\nSempre tutto in stock! Il nostro sito web utilizza la crittografia SSL. La crittografia SSL garantisce che i dati vengano inviati in forma criptata e non siano mai accessibili a terzi.<\/p>\n<h2>MDPHP HCL di alta qualit\u00e0<\/h2>\n<p>Vendiamo droghe di marca di altissima qualit\u00e0 provenienti dal Benelux. Poich\u00e9 operiamo nel settore delle droghe sintetiche da 7 anni, siamo in grado di fornirvi sempre prodotti di alta qualit\u00e0. Tutti i nostri prodotti sono testati in laboratorio e quindi sicuri per la ricerca.<\/p>\n<p>Fate attenzione quando acquistate farmaci di marca su Internet! Ci sono molti negozi online che vendono droghe di marca false o scadenti. Se acquistate le vostre droghe firmate da <a href=\"\/it\/\">Chemlab<\/a> potete ricevere il vostro ordine a casa in modo sicuro e discreto nel pi\u00f9 breve tempo possibile!<\/p>\n<h2>MDPHP HCL testato in laboratorio<\/h2>\n<p>Se siete alla ricerca di droghe di design, volete naturalmente essere sicuri che i prodotti siano di alta qualit\u00e0. Tutte le nostre droghe di design sono di alta qualit\u00e0 e sono sempre testate in laboratorio. Con noi sarete molto soddisfatti di avere prodotti di alta qualit\u00e0 al miglior prezzo. Per ulteriori informazioni si prega di contattare <a href=\"https:\/\/rc-chemlab.net\/it\/kontakt\/\">Contatto con noi<\/a> su.<\/p>","protected":false},"excerpt":{"rendered":"<p>MDPHP HCL M\u00f6chten Sie MDPHP HCL Pulver zum niedrigsten Preis kaufen? Sie k\u00f6nnen zu Chemlab gehen, um die besten Designerdrogen<\/p>","protected":false},"featured_media":10316,"comment_status":"open","ping_status":"closed","template":"","meta":{"_seopress_robots_primary_cat":"none","_seopress_titles_title":"MDPHP HCL %%sep%% %%sitetitle%%","_seopress_titles_desc":"MDPHP HCL - M\u00f6chten Sie MDPHP HCL Pulver zum niedrigsten Preis kaufen? Sie k\u00f6nnen zu Chemlab gehen, um die besten Designerdrogen zu erhalten.","_seopress_robots_index":""},"product_brand":[],"product_cat":[140],"product_tag":[],"class_list":{"0":"post-1298","1":"product","2":"type-product","3":"status-publish","4":"has-post-thumbnail","6":"product_cat-forschungschemikalien","8":"first","9":"instock","10":"taxable","11":"shipping-taxable","12":"purchasable","13":"product-type-variable"},"_links":{"self":[{"href":"https:\/\/rc-chemlab.net\/it\/wp-json\/wp\/v2\/product\/1298","targetHints":{"allow":["GET"]}}],"collection":[{"href":"https:\/\/rc-chemlab.net\/it\/wp-json\/wp\/v2\/product"}],"about":[{"href":"https:\/\/rc-chemlab.net\/it\/wp-json\/wp\/v2\/types\/product"}],"replies":[{"embeddable":true,"href":"https:\/\/rc-chemlab.net\/it\/wp-json\/wp\/v2\/comments?post=1298"}],"version-history":[{"count":1,"href":"https:\/\/rc-chemlab.net\/it\/wp-json\/wp\/v2\/product\/1298\/revisions"}],"predecessor-version":[{"id":10317,"href":"https:\/\/rc-chemlab.net\/it\/wp-json\/wp\/v2\/product\/1298\/revisions\/10317"}],"wp:featuredmedia":[{"embeddable":true,"href":"https:\/\/rc-chemlab.net\/it\/wp-json\/wp\/v2\/media\/10316"}],"wp:attachment":[{"href":"https:\/\/rc-chemlab.net\/it\/wp-json\/wp\/v2\/media?parent=1298"}],"wp:term":[{"taxonomy":"product_brand","embeddable":true,"href":"https:\/\/rc-chemlab.net\/it\/wp-json\/wp\/v2\/product_brand?post=1298"},{"taxonomy":"product_cat","embeddable":true,"href":"https:\/\/rc-chemlab.net\/it\/wp-json\/wp\/v2\/product_cat?post=1298"},{"taxonomy":"product_tag","embeddable":true,"href":"https:\/\/rc-chemlab.net\/it\/wp-json\/wp\/v2\/product_tag?post=1298"}],"curies":[{"name":"wp","href":"https:\/\/api.w.org\/{rel}","templated":true}]}}