{"id":1290,"date":"2023-06-05T13:06:20","date_gmt":"2023-06-05T13:06:20","guid":{"rendered":"https:\/\/rc-chemlab.net\/?post_type=product&#038;p=1290"},"modified":"2024-10-10T12:55:17","modified_gmt":"2024-10-10T12:55:17","slug":"5-cl-adb-a","status":"publish","type":"product","link":"https:\/\/rc-chemlab.net\/it\/product\/5-cl-adb-a\/","title":{"rendered":"5-CL-ADB-A"},"content":{"rendered":"<h1>5-CL-ADB-A Comprare<\/h1>\n<p>5-CL-ADB-A in polvere - acquistare 5-cl-adb-a online, 5-cl-adb-a in vendita online nel Regno Unito.<\/p>\n<p><a href=\"\/it\/\">Chemlab<\/a> \u00e8 un venditore affidabile dei prodotti elencati. Grazie alla sua vasta esperienza in materia di forniture e commercio, si \u00e8 creata un nome rinomato sul mercato offrendo 5-CL-ADB-A e altri prodotti di alta qualit\u00e0. L'azienda ha una presenza paneuropea e serve un'ampia base di clienti in tutto il paese, dando priorit\u00e0 alla centralit\u00e0 del cliente. Acquistate 5-CL-ADB-A online con prodotti che garantiscono la qualit\u00e0 in grandi quantit\u00e0 da LC. Offre un negozio online di chimica di ricerca dove \u00e8 possibile acquistare facilmente 5-cl-adb-a della massima qualit\u00e0. Quando ordinate 5-cl-adb-a online, riceverete in regalo una polvere di cristallo bianca o arancione.<\/p>\n<h2>Cosa si sa di 5-cl-adb-a?<\/h2>\n<p>Non esistono studi scientifici ufficiali che confrontino i 5-cl-adb-a tra loro. Tuttavia, uno studio del 2018 pubblicato sulla rivista Forensic Toxicology ha messo a confronto la potenza e i meccanismi d'azione di diversi <a href=\"https:\/\/www.emcdda.europa.eu\/topics\/pods\/synthetic-cannabinoids_de\">cannabinoidi sintetici<\/a> della classe delle carbossamidi. Queste multiparticelle, come la 5CL-ADB-A, hanno un carbonio asimmetrico derivato da una moiety amidica costituita da derivati di aminoacidi. Il nostro team di assistenza clienti \u00e8 disponibile 24 ore su 24, 7 giorni su 7, per soddisfare tutte le vostre esigenze e risolvere il vostro problema nel pi\u00f9 breve tempo possibile. Ottenere 5-cl-adb-a in vendita. Controllate anche lo statuto della vostra societ\u00e0, poich\u00e9 ci sono molte implicazioni legali che probabilmente dovete conoscere prima di acquistarlo senza ricetta.<\/p>\n<h2>Perch\u00e9 scegliere 5-cl-adb-a?<\/h2>\n<p>Non esiste un modo sicuro per riconoscere l'abuso di droghe e sostanze chimiche. I segni e i sintomi dell'uso e dell'abuso di queste droghe variano molto, poich\u00e9 in alcuni casi si comportano come qualsiasi altra droga. In altri casi, invece, si comportano in modo indipendente da altre droghe. Un modo per riconoscere e sostenere la ricerca sull'abuso di sostanze chimiche \u00e8 quello di familiarizzare con i segni e i sintomi delle droghe a cui sono strettamente correlate, oltre che con le note droghe di design che vengono immesse sul mercato man mano che si rendono disponibili nuove informazioni. Acquistare 5-CL-ADB-A a buon mercato.<\/p>\n<p>5-CL-ADB-A \u00e8 un cannabinoide sintetico a base di indazolo. 5-cl-adb-a \u00e8 una droga di design disponibile online. 5-cl-adb-a, un analogo del derivato amilenico 5f-adb, sostituisce l'estere metilico con un amilene. Potete ottenere tutte le informazioni necessarie su questo nuovo cannabinoide, che sta gi\u00e0 crescendo in popolarit\u00e0, contattandoci oggi stesso tramite la nostra live chat. Ordinare 5-CL-ADB-A online I nostri numerosi clienti hanno sperimentato il piacere, l'euforia dei sensi, l'accelerazione delle prestazioni e il miglioramento sessuale dei loro sogni.<\/p>","protected":false},"excerpt":{"rendered":"<p>5-CL-ADB-A Kaufen 5-CL-ADB-A Pulver &#8211; 5-cl-adb-a online kaufen, 5-cl-adb-a zum Verkauf online in Deutschland. Chemlab ist ein vertrauensw\u00fcrdiger Verk\u00e4ufer der<\/p>","protected":false},"featured_media":10313,"comment_status":"open","ping_status":"closed","template":"","meta":{"_seopress_robots_primary_cat":"none","_seopress_titles_title":"5-CL-ADB-A Kaufen %%sep%% %%sitetitle%%","_seopress_titles_desc":"5-CL-ADB-A Kaufen -","_seopress_robots_index":""},"product_brand":[],"product_cat":[140],"product_tag":[],"class_list":{"0":"post-1290","1":"product","2":"type-product","3":"status-publish","4":"has-post-thumbnail","6":"product_cat-forschungschemikalien","8":"first","9":"instock","10":"taxable","11":"shipping-taxable","12":"purchasable","13":"product-type-variable"},"_links":{"self":[{"href":"https:\/\/rc-chemlab.net\/it\/wp-json\/wp\/v2\/product\/1290","targetHints":{"allow":["GET"]}}],"collection":[{"href":"https:\/\/rc-chemlab.net\/it\/wp-json\/wp\/v2\/product"}],"about":[{"href":"https:\/\/rc-chemlab.net\/it\/wp-json\/wp\/v2\/types\/product"}],"replies":[{"embeddable":true,"href":"https:\/\/rc-chemlab.net\/it\/wp-json\/wp\/v2\/comments?post=1290"}],"version-history":[{"count":1,"href":"https:\/\/rc-chemlab.net\/it\/wp-json\/wp\/v2\/product\/1290\/revisions"}],"predecessor-version":[{"id":10314,"href":"https:\/\/rc-chemlab.net\/it\/wp-json\/wp\/v2\/product\/1290\/revisions\/10314"}],"wp:featuredmedia":[{"embeddable":true,"href":"https:\/\/rc-chemlab.net\/it\/wp-json\/wp\/v2\/media\/10313"}],"wp:attachment":[{"href":"https:\/\/rc-chemlab.net\/it\/wp-json\/wp\/v2\/media?parent=1290"}],"wp:term":[{"taxonomy":"product_brand","embeddable":true,"href":"https:\/\/rc-chemlab.net\/it\/wp-json\/wp\/v2\/product_brand?post=1290"},{"taxonomy":"product_cat","embeddable":true,"href":"https:\/\/rc-chemlab.net\/it\/wp-json\/wp\/v2\/product_cat?post=1290"},{"taxonomy":"product_tag","embeddable":true,"href":"https:\/\/rc-chemlab.net\/it\/wp-json\/wp\/v2\/product_tag?post=1290"}],"curies":[{"name":"wp","href":"https:\/\/api.w.org\/{rel}","templated":true}]}}