{"id":1282,"date":"2023-06-05T11:47:29","date_gmt":"2023-06-05T11:47:29","guid":{"rendered":"https:\/\/rc-chemlab.net\/?post_type=product&#038;p=1282"},"modified":"2024-09-17T01:32:44","modified_gmt":"2024-09-17T01:32:44","slug":"5f-mdmb-2201-kaufen","status":"publish","type":"product","link":"https:\/\/rc-chemlab.net\/it\/product\/5f-mdmb-2201-kaufen\/","title":{"rendered":"5f MDMB 2201"},"content":{"rendered":"<h1><span class=\"___SText_mzmpq-ko_\" data-ui-name=\"Link.Text\">Acquistare 5F-MDMB-2201<\/span><\/h1>\n<p>5F-MDMB-2201 \u00e8 un prodotto nuovo di zecca. <a href=\"https:\/\/www.drugcom.de\/drogenlexikon\/buchstabe-s\/synthetische-cannabinoide\/\">cannabinoide sintetico<\/a>. Se state cercando l'ultimo cannabinoide disponibile sul mercato della ricerca, siete nel posto giusto. 5F-MDMB-2201 \u00e8 un potente agonista dei recettori dei cannabinoidi.<\/p>\n<p>Gli esperimenti di laboratorio danno in genere risultati di rilassamento, leggerezza fisica, umore elevato, riduzione dello stress, miglioramento dei colori, aumento della percezione musicale ed euforia. Se agite in fretta, potrete essere uno dei primi laboratori ad aggiungere questa straordinaria sostanza chimica alla vostra riserva.<\/p>\n<h3><b>Dove posso acquistare 5F-MDMB-2201?<\/b><\/h3>\n<p>Qui in\u00a0<span data-contrast=\"none\">la nostra attivit\u00e0 chimica<\/span>\u00a0vendiamo 5F-MDMB-2201 di altissima qualit\u00e0. In genere \u00e8 disponibile in polvere. Tuttavia, spesso abbiamo a disposizione altre forme. Quindi, se desiderate una forma diversa, chiedeteci pure, probabilmente ne abbiamo una disponibile.<\/p>\n<p>Devi avere almeno 18 anni per acquistare 5F-MDMB-2201 da noi. \u00c8 inoltre necessario rispettare pienamente le leggi sulla chimica di ricerca del proprio Paese. Il nostro 5f-MDMB-2201 \u00e8 solo per uso di ricerca. Non \u00e8 destinato al consumo umano o animale.<\/p>\n<h3><b>5F-MDMB-2201 Legalit\u00e0<\/b><\/h3>\n<p>Poich\u00e9 il 5F-MDMB-2201 \u00e8 cos\u00ec nuovo, nella maggior parte dei Paesi non \u00e8 previsto e quindi \u00e8 legale nella maggior parte dei luoghi. Tuttavia, nei Paesi con forti leggi analogiche, come gli Stati Uniti, potrebbe esserlo. Per ulteriori informazioni, contattare <a href=\"https:\/\/rc-chemlab.net\/it\/kontakt\/\">Contatto con noi<\/a> su.<\/p>","protected":false},"excerpt":{"rendered":"<p>5F-MDMB-2201 kaufen 5F-MDMB-2201 ist ein brandneues synthetisches Cannabinoid.\u00a0Wenn Sie nach dem zuletzt auf dem Forschungsmarkt erh\u00e4ltlichen Cannabinoid gesucht haben, sind<\/p>","protected":false},"featured_media":10311,"comment_status":"open","ping_status":"closed","template":"","meta":{"_seopress_robots_primary_cat":"none","_seopress_titles_title":"5F-MDMB-2201 kaufen %%sep%% %%sitetitle%%","_seopress_titles_desc":"5F-MDMB-2201 kaufen - 5F-MDMB-2201 ist ein brandneues synthetisches Cannabinoid.\u00a0Wenn Sie nach dem zuletzt auf dem Forschungsmarkt erh\u00e4ltlichen Cannabinoid","_seopress_robots_index":""},"product_brand":[],"product_cat":[140],"product_tag":[],"class_list":{"0":"post-1282","1":"product","2":"type-product","3":"status-publish","4":"has-post-thumbnail","6":"product_cat-forschungschemikalien","8":"first","9":"instock","10":"taxable","11":"shipping-taxable","12":"purchasable","13":"product-type-variable"},"_links":{"self":[{"href":"https:\/\/rc-chemlab.net\/it\/wp-json\/wp\/v2\/product\/1282","targetHints":{"allow":["GET"]}}],"collection":[{"href":"https:\/\/rc-chemlab.net\/it\/wp-json\/wp\/v2\/product"}],"about":[{"href":"https:\/\/rc-chemlab.net\/it\/wp-json\/wp\/v2\/types\/product"}],"replies":[{"embeddable":true,"href":"https:\/\/rc-chemlab.net\/it\/wp-json\/wp\/v2\/comments?post=1282"}],"version-history":[{"count":1,"href":"https:\/\/rc-chemlab.net\/it\/wp-json\/wp\/v2\/product\/1282\/revisions"}],"predecessor-version":[{"id":10312,"href":"https:\/\/rc-chemlab.net\/it\/wp-json\/wp\/v2\/product\/1282\/revisions\/10312"}],"wp:featuredmedia":[{"embeddable":true,"href":"https:\/\/rc-chemlab.net\/it\/wp-json\/wp\/v2\/media\/10311"}],"wp:attachment":[{"href":"https:\/\/rc-chemlab.net\/it\/wp-json\/wp\/v2\/media?parent=1282"}],"wp:term":[{"taxonomy":"product_brand","embeddable":true,"href":"https:\/\/rc-chemlab.net\/it\/wp-json\/wp\/v2\/product_brand?post=1282"},{"taxonomy":"product_cat","embeddable":true,"href":"https:\/\/rc-chemlab.net\/it\/wp-json\/wp\/v2\/product_cat?post=1282"},{"taxonomy":"product_tag","embeddable":true,"href":"https:\/\/rc-chemlab.net\/it\/wp-json\/wp\/v2\/product_tag?post=1282"}],"curies":[{"name":"wp","href":"https:\/\/api.w.org\/{rel}","templated":true}]}}