{"id":1266,"date":"2023-06-04T09:38:16","date_gmt":"2023-06-04T09:38:16","guid":{"rendered":"https:\/\/rc-chemlab.net\/?post_type=product&#038;p=1266"},"modified":"2024-04-15T00:30:36","modified_gmt":"2024-04-15T00:30:36","slug":"jwh-210-kaufen","status":"publish","type":"product","link":"https:\/\/rc-chemlab.net\/it\/product\/jwh-210-kaufen\/","title":{"rendered":"JWH 210"},"content":{"rendered":"<h1>Acquista JWH 210<\/h1>\n<p>JWH 210 \u00e8 un potente alchilindolo cannabimetico che si lega ai recettori cannabinoidi centrali e periferici con valori Ki rispettivamente di 0,46 e 0,69 nM.<\/p>\n<p>Per la conservazione a lungo termine, si consiglia di conservare JWH 210 a -20\u00b0C come fornito. Dovrebbe essere stabile per almeno due anni. JWH 210 \u00e8 fornito come solido cristallino. \u00c8 possibile preparare una soluzione madre sciogliendo JWH 210 in un solvente a scelta. JWH 210 \u00e8 solubile in solventi organici quali etanolo, DMSO e <a href=\"https:\/\/de.wikipedia.org\/wiki\/Dimethylformamid\">Dimetilformammide<\/a> solubili, che devono essere lavati con un gas inerte.<\/p>\n<p>La solubilit\u00e0 di JWH 210 in questi solventi \u00e8 rispettivamente di circa 0,5, 20 e 50 mg\/ml. JWH 210 \u00e8 solo leggermente solubile in soluzioni acquose. Pertanto, prima di effettuare esperimenti biologici, \u00e8 necessario diluire ulteriormente la soluzione di solvente organico in tamponi acquosi o in soluzione salina isotonica.<\/p>\n<p>Assicurarsi che la quantit\u00e0 residua di solvente organico sia insignificante, poich\u00e9 i solventi organici a basse concentrazioni possono avere effetti fisiologici. Si consiglia di conservare la soluzione acquosa per non pi\u00f9 di un giorno.<\/p>\n<p>Questo prodotto \u00e8 venduto solo per uso di ricerca e non deve essere usato per nessun altro scopo, incluso ma non limitato a scopi diagnostici in vivo, in alimenti, farmaci, dispositivi medici e\/o cosmetici per esseri umani e\/o animali.<\/p>\n<p>Prima di ordinare, assicuratevi di essere adeguatamente attrezzati per la ricerca con le sostanze chimiche e che il vostro posto di lavoro sia ben ventilato.<\/p>\n<p>Per ordinare questo prodotto \u00e8 necessario avere almeno 21 anni.<\/p>\n<p>\u00c8 vostra responsabilit\u00e0 conoscere e rispettare le leggi del vostro paese\/provincia\/regione\/stato\/citt\u00e0. Non siamo responsabili di eventuali azioni o conseguenze derivanti dalla vostra decisione di ordinare. Si prega di contattare <a href=\"https:\/\/rc-chemlab.net\/it\/kontakt\/\">noi<\/a> per ulteriori informazioni.<\/p>","protected":false},"excerpt":{"rendered":"<p>JWH 210 kaufen JWH 210 ist ein starkes cannabimimetisches Alkylindol, das an zentrale Cannabinoid- und periphere Cannabinoidrezeptoren mit Ki-Werten von<\/p>","protected":false},"featured_media":10304,"comment_status":"open","ping_status":"closed","template":"","meta":{"_seopress_robots_primary_cat":"none","_seopress_titles_title":"JWH 210 kaufen %%sep%% %%sitetitle%%","_seopress_titles_desc":"JWH 210 kaufen - JWH 210 ist ein potentes cannabimimetisches Alkylindol, das die zentralen Cannabinoid- und peripheren Cannabinoid-Rezeptoren","_seopress_robots_index":""},"product_brand":[],"product_cat":[140],"product_tag":[],"class_list":{"0":"post-1266","1":"product","2":"type-product","3":"status-publish","4":"has-post-thumbnail","6":"product_cat-forschungschemikalien","8":"first","9":"instock","10":"taxable","11":"shipping-taxable","12":"purchasable","13":"product-type-variable"},"_links":{"self":[{"href":"https:\/\/rc-chemlab.net\/it\/wp-json\/wp\/v2\/product\/1266","targetHints":{"allow":["GET"]}}],"collection":[{"href":"https:\/\/rc-chemlab.net\/it\/wp-json\/wp\/v2\/product"}],"about":[{"href":"https:\/\/rc-chemlab.net\/it\/wp-json\/wp\/v2\/types\/product"}],"replies":[{"embeddable":true,"href":"https:\/\/rc-chemlab.net\/it\/wp-json\/wp\/v2\/comments?post=1266"}],"version-history":[{"count":2,"href":"https:\/\/rc-chemlab.net\/it\/wp-json\/wp\/v2\/product\/1266\/revisions"}],"predecessor-version":[{"id":10306,"href":"https:\/\/rc-chemlab.net\/it\/wp-json\/wp\/v2\/product\/1266\/revisions\/10306"}],"wp:featuredmedia":[{"embeddable":true,"href":"https:\/\/rc-chemlab.net\/it\/wp-json\/wp\/v2\/media\/10304"}],"wp:attachment":[{"href":"https:\/\/rc-chemlab.net\/it\/wp-json\/wp\/v2\/media?parent=1266"}],"wp:term":[{"taxonomy":"product_brand","embeddable":true,"href":"https:\/\/rc-chemlab.net\/it\/wp-json\/wp\/v2\/product_brand?post=1266"},{"taxonomy":"product_cat","embeddable":true,"href":"https:\/\/rc-chemlab.net\/it\/wp-json\/wp\/v2\/product_cat?post=1266"},{"taxonomy":"product_tag","embeddable":true,"href":"https:\/\/rc-chemlab.net\/it\/wp-json\/wp\/v2\/product_tag?post=1266"}],"curies":[{"name":"wp","href":"https:\/\/api.w.org\/{rel}","templated":true}]}}