{"id":1258,"date":"2023-06-04T05:23:28","date_gmt":"2023-06-04T05:23:28","guid":{"rendered":"https:\/\/rc-chemlab.net\/?post_type=product&#038;p=1258"},"modified":"2024-04-15T00:26:28","modified_gmt":"2024-04-15T00:26:28","slug":"diclazepam-kaufen","status":"publish","type":"product","link":"https:\/\/rc-chemlab.net\/it\/product\/diclazepam-kaufen\/","title":{"rendered":"Diclazepam in polvere"},"content":{"rendered":"<h1>Comprare Diclazepam<\/h1>\n<h2>Che cos'\u00e8 il diclazepam?<\/h2>\n<p>Il diclazepam \u00e8 noto anche come clordiazepam. Questa sostanza chimica di ricerca rientra nella classe delle benzodiazepine. Il diclazepam \u00e8 stato sintetizzato per la prima volta negli anni Sessanta. Molti ricercatori stanno sperimentando con questa sostanza chimica per trovare il <a href=\"https:\/\/www.drugcom.de\/drogenlexikon\/buchstabe-b\/benzodiazepine\/\">Benzodiazepine<\/a> risultati tipici. Gli esperimenti con il diclazepam provocano solitamente rilassamento muscolare, sedazione, disinibizione, soppressione dell'ansia, ritardo del pensiero, soppressione dell'analisi, potenziamento dei sogni e sonnolenza residua. I ricercatori devono essere consapevoli della sonnolenza prima di sperimentare con il diclazepam nei loro laboratori.<\/p>\n<h2>Come si pu\u00f2 acquistare il Diclazepam?<\/h2>\n<p>Qui a Chemical Planet offriamo diclazepam di alta qualit\u00e0. Il nostro diclazepam viene solitamente fornito in polvere. Tuttavia, se si preferisce una forma diversa, \u00e8 possibile contattarci per vedere quando \u00e8 disponibile.<\/p>\n<p>Se si desidera acquistare Chemical Planet Diclazepam, \u00e8 necessario avere almeno 18 anni. \u00c8 inoltre necessario rispettare pienamente le leggi del proprio Paese. Il nostro Diclazepam non \u00e8 destinato all'uso interno negli animali o nell'uomo. \u00c8 destinato esclusivamente a scopi di ricerca.<\/p>\n<h2>Legalit\u00e0 del diclazepam<\/h2>\n<p>Il Diclazepam \u00e8 illegale in Germania. Nel Regno Unito \u00e8 un farmaco di classe C. \u00c8 legale negli Stati Uniti. In Canada \u00e8 una sostanza di cui alla Tabella IV.<\/p>\n<p>Conservare sempre in un luogo fresco e asciutto per garantire la massima durata di conservazione. Questo prodotto \u00e8 destinato esclusivamente all'uso forense e scientifico. Pertanto, NON \u00e8 destinato al consumo umano o a test in vivo di qualsiasi tipo su animali o organismi viventi. Si prega di contattare <a href=\"https:\/\/rc-chemlab.net\/it\/kontakt\/\">noi<\/a> per ulteriori informazioni.<\/p>","protected":false},"excerpt":{"rendered":"<p>Diclazepam kaufen Was ist Diclazepam? Diclazepam ist auch als Chlordiazepam bekannt. Diese Forschungschemikalie f\u00e4llt unter die Klasse der Benzodiazepine. Diclazepam<\/p>","protected":false},"featured_media":10302,"comment_status":"open","ping_status":"closed","template":"","meta":{"_seopress_robots_primary_cat":"none","_seopress_titles_title":"Diclazepam Kaufen %%sep%% %%sitetitle%%","_seopress_titles_desc":"Diclazepam Kaufen - Diclazepam ist auch als Chlordiazepam bekannt. Diese Forschungschemikalie f\u00e4llt unter die Klasse der Benzodiazepine.","_seopress_robots_index":""},"product_brand":[],"product_cat":[140],"product_tag":[],"class_list":{"0":"post-1258","1":"product","2":"type-product","3":"status-publish","4":"has-post-thumbnail","6":"product_cat-forschungschemikalien","8":"first","9":"instock","10":"taxable","11":"shipping-taxable","12":"purchasable","13":"product-type-variable"},"_links":{"self":[{"href":"https:\/\/rc-chemlab.net\/it\/wp-json\/wp\/v2\/product\/1258","targetHints":{"allow":["GET"]}}],"collection":[{"href":"https:\/\/rc-chemlab.net\/it\/wp-json\/wp\/v2\/product"}],"about":[{"href":"https:\/\/rc-chemlab.net\/it\/wp-json\/wp\/v2\/types\/product"}],"replies":[{"embeddable":true,"href":"https:\/\/rc-chemlab.net\/it\/wp-json\/wp\/v2\/comments?post=1258"}],"version-history":[{"count":2,"href":"https:\/\/rc-chemlab.net\/it\/wp-json\/wp\/v2\/product\/1258\/revisions"}],"predecessor-version":[{"id":10301,"href":"https:\/\/rc-chemlab.net\/it\/wp-json\/wp\/v2\/product\/1258\/revisions\/10301"}],"wp:featuredmedia":[{"embeddable":true,"href":"https:\/\/rc-chemlab.net\/it\/wp-json\/wp\/v2\/media\/10302"}],"wp:attachment":[{"href":"https:\/\/rc-chemlab.net\/it\/wp-json\/wp\/v2\/media?parent=1258"}],"wp:term":[{"taxonomy":"product_brand","embeddable":true,"href":"https:\/\/rc-chemlab.net\/it\/wp-json\/wp\/v2\/product_brand?post=1258"},{"taxonomy":"product_cat","embeddable":true,"href":"https:\/\/rc-chemlab.net\/it\/wp-json\/wp\/v2\/product_cat?post=1258"},{"taxonomy":"product_tag","embeddable":true,"href":"https:\/\/rc-chemlab.net\/it\/wp-json\/wp\/v2\/product_tag?post=1258"}],"curies":[{"name":"wp","href":"https:\/\/api.w.org\/{rel}","templated":true}]}}