{"id":9597,"date":"2023-06-21T22:20:25","date_gmt":"2023-06-21T22:20:25","guid":{"rendered":"https:\/\/rc-chemlab.net\/?page_id=9597"},"modified":"2023-06-21T22:20:25","modified_gmt":"2023-06-21T22:20:25","slug":"zahlung-und-lieferung","status":"publish","type":"page","link":"https:\/\/rc-chemlab.net\/it\/zahlung-und-lieferung\/","title":{"rendered":"Pagamento e consegna"},"content":{"rendered":"<h2>consegna<\/h2>\n<p>Tutti i nostri prodotti vengono spediti in sacchetti inodore\/buste semplici\/scatole. Il pacco viene sigillato due volte con sacchetti inodore e poi sigillato con nastro adesivo per garantire che non venga rilevato alcun odore. Sebbene gli ordini vengano spediti il giorno stesso se ricevuti entro le ore 17.00, potrebbero verificarsi dei ritardi in quanto il processo di consegna dipende dal fornitore del servizio ed \u00e8 fuori dal nostro controllo. Se un articolo non arriva come previsto, <a href=\"https:\/\/rc-chemlab.net\/it\/kontakt\/\">inviateci un'e-mail<\/a> e noi indagheremo e seguiremo la spedizione per voi.<\/p>\n<blockquote><p><strong>Esclusione di responsabilit\u00e0<\/strong><\/p>\n<p>Sebbene 99% dei nostri ordini vengano consegnati, esiste una piccola possibilit\u00e0 che vengano smarriti o rubati durante la spedizione. Se questo \u00e8 il caso e non avete ricevuto il prodotto entro 14 giorni, contattateci e cercheremo di risolvere il problema.<\/p><\/blockquote>\n<h2>Pagamento<\/h2>\n<p>A causa della natura del prodotto, al momento non siamo in grado di elaborare pagamenti con carta di debito o di credito. Attualmente i pagamenti possono essere effettuati con criptovalute o tramite bonifico bancario SEPA.<\/p>\n<p>Per pagare con le criptovalute, \u00e8 necessario creare un portafoglio Bitcoin ed effettuare un trasferimento all'indirizzo del nostro portafoglio, che verr\u00e0 visualizzato al momento del pagamento. Questo metodo \u00e8 manuale e l'ordine verr\u00e0 elaborato non appena avremo verificato la transazione. <a href=\"https:\/\/btcdirect.eu\/de-at\">Acquistare Bitcoin online<\/a>.<\/p>","protected":false},"excerpt":{"rendered":"<p>Lieferung Alle unsere Produkte werden in geruchsneutralen Beuteln\/einfachen Umschl\u00e4gen\/Kartons verschickt. Das Paket wird zweimal mit strapazierf\u00e4higen, geruchsfreien Beuteln versiegelt und<\/p>","protected":false},"author":1,"featured_media":0,"parent":0,"menu_order":0,"comment_status":"closed","ping_status":"closed","template":"","meta":{"_seopress_robots_primary_cat":"","_seopress_titles_title":"","_seopress_titles_desc":"","_seopress_robots_index":"","footnotes":""},"class_list":["post-9597","page","type-page","status-publish","hentry"],"_links":{"self":[{"href":"https:\/\/rc-chemlab.net\/it\/wp-json\/wp\/v2\/pages\/9597","targetHints":{"allow":["GET"]}}],"collection":[{"href":"https:\/\/rc-chemlab.net\/it\/wp-json\/wp\/v2\/pages"}],"about":[{"href":"https:\/\/rc-chemlab.net\/it\/wp-json\/wp\/v2\/types\/page"}],"author":[{"embeddable":true,"href":"https:\/\/rc-chemlab.net\/it\/wp-json\/wp\/v2\/users\/1"}],"replies":[{"embeddable":true,"href":"https:\/\/rc-chemlab.net\/it\/wp-json\/wp\/v2\/comments?post=9597"}],"version-history":[{"count":1,"href":"https:\/\/rc-chemlab.net\/it\/wp-json\/wp\/v2\/pages\/9597\/revisions"}],"predecessor-version":[{"id":9599,"href":"https:\/\/rc-chemlab.net\/it\/wp-json\/wp\/v2\/pages\/9597\/revisions\/9599"}],"wp:attachment":[{"href":"https:\/\/rc-chemlab.net\/it\/wp-json\/wp\/v2\/media?parent=9597"}],"curies":[{"name":"wp","href":"https:\/\/api.w.org\/{rel}","templated":true}]}}