{"id":9829,"date":"2023-08-26T00:15:45","date_gmt":"2023-08-26T00:15:45","guid":{"rendered":"https:\/\/rc-chemlab.net\/?post_type=product&#038;p=9829"},"modified":"2024-04-15T00:06:53","modified_gmt":"2024-04-15T00:06:53","slug":"5f-adb-kaufen","status":"publish","type":"product","link":"https:\/\/rc-chemlab.net\/fr\/product\/5f-adb-kaufen\/","title":{"rendered":"5F ADB"},"content":{"rendered":"<h1>5f-adb acheter<\/h1>\n<p>Commandez 5f-adb en ligne. (\u00e9galement connu sous le nom de 5F-MDMB-PINACA ou 5F-ADB-PINACA) est un cannabino\u00efde de la famille des indazol-3-carboxamides fabriqu\u00e9 techniquement et utilis\u00e9 comme fixateur de travail dans les produits \u00e0 base de cannabis. Il a \u00e9galement \u00e9t\u00e9 vendu en ligne en tant que pr\u00e9paration originale. C'est un agoniste efficace des r\u00e9cepteurs CB1, mais on ne sait pas s'il est apte \u00e0 atteindre cet objectif. En novembre 2014, il a \u00e9t\u00e9 distingu\u00e9 pour la premi\u00e8re fois par des exemples posthumes pr\u00e9lev\u00e9s sur une personne qui avait donn\u00e9 un coup de pied dans le seau apr\u00e8s avoir utilis\u00e9 un objet contenant cette substance. Les r\u00e9sultats des tests ont confirm\u00e9 que l'article avait \u00e9t\u00e9 utilis\u00e9 sur un total de dix personnes au Japon entre septembre 2014 et d\u00e9cembre 2014 pour des surdoses de drogue inexpliqu\u00e9es...<\/p>\n<p>En fonction des faibles concentrations d\u00e9tect\u00e9es dans les tests tissulaires, on pense qu'il est incroyablement puissant et semble \u00eatre beaucoup plus toxique que les drogues cannabino\u00efdes produites pr\u00e9c\u00e9demment et vendues r\u00e9cemment.<\/p>\n<p>En 2018, il s'agissait du produit cannabino\u00efde le plus utilis\u00e9 et le plus remarqu\u00e9 dans les crises de la Drug Enforcement Administration. En 2018, le 5F-ADB a \u00e9galement \u00e9t\u00e9 reconnu dans des produits \u00e0 base de cannabidiol (CBD) fabriqu\u00e9s par un producteur am\u00e9ricain.<\/p>\n<h2>Que sont les cannabino\u00efdes ?<\/h2>\n<p>Le mot \"cannabino\u00efde\" fait r\u00e9f\u00e9rence \u00e0 toute substance produite artificiellement qui se lie aux r\u00e9cepteurs cannabino\u00efdes du corps et de l'esprit et qui a le m\u00eame effet que celui transmis par la plante Cannabis Sativa. Les trois types de cannabino\u00efdes que les gens utilisent sont relaxants, utiles et d\u00e9velopp\u00e9s.<\/p>\n<p>Selon l'\u00e9tude, la plante de cannabis contient entre 80 et 100 cannabino\u00efdes et environ 300 substances non cannabino\u00efdes. Le delta-9-t\u00e9trahydrocannabinol ou THC et le cannabidiol ou CBD sont les deux principaux cannabino\u00efdes. Le delta-9-t\u00e9trahydrocannabinol (THC), le renfor\u00e7ateur qui est \u00e0 risque pour les effets psychoactifs du cannabis, est la pens\u00e9e plus commune aux deux.<\/p>\n<p>La principale diff\u00e9rence entre les deux cannabino\u00efdes est que le THC a de puissants effets psychoactifs, ce qui signifie qu'il fait \"planer\" une personne, tandis que le CBD contr\u00f4le ou pr\u00e9serve les effets psychoactifs du THC. On pense que le CBD r\u00e9duit certains des autres effets n\u00e9gatifs que les gens connaissent du THC, comme l'agitation.<\/p>\n<h2>Effets n\u00e9gatifs<\/h2>\n<p>La nocivit\u00e9 et les effets \u00e0 long terme de l'utilisation r\u00e9cr\u00e9ative du 5F-AKB48 sur le bien-\u00eatre ne semblent pas \u00eatre concentr\u00e9s dans un contexte logique, et il n'existe aucune mesure sp\u00e9cifique de la substance toxique. Le fait que le 5F-AKB48 n'ait presque pas d'exp\u00e9rience d'utilisation humaine motive cela. Les preuves fournies par les personnes qui ont essay\u00e9 le 5F-AKB48 au sein du r\u00e9seau sugg\u00e8rent qu'il n'y a pas d'effets n\u00e9gatifs sur le bien-\u00eatre (cependant, rien ne peut \u00eatre totalement assur\u00e9). Des \u00e9tudes al\u00e9atoires ont montr\u00e9 qu'un surdosage \u00e0 des doses beaucoup plus faibles que les doses \u00e0 risque provoque des troubles physiques tels que des palpitations, des vertiges et une s\u00e9dation, ce qui conduit typiquement le patient \u00e0 supporter beaucoup de tension ou \u00e0 s'endormir.<\/p>\n<p>\u00c9tant donn\u00e9 que ces substances augmentent clairement l'\u00e9tat actuel du cerveau et des \u00e9motions, il a souvent \u00e9t\u00e9 sugg\u00e9r\u00e9 que les personnes ayant d\u00e9j\u00e0 connu de graves troubles de l'humeur ne devraient pas les prendre. Comme pour le THC, l'utilisation prolong\u00e9e de cannabino\u00efdes manufactur\u00e9s tels que le 5F-AKB48 peut \u00e9largir l'apparence \u00e0 des comportements dysfonctionnels et \u00e0 la psychose, en particulier chez les personnes fragiles pr\u00e9sentant des facteurs de risque de maladie mentale (tels que des ant\u00e9c\u00e9dents ou des ant\u00e9c\u00e9dents familiaux de schizophr\u00e9nie).<\/p>\n<p>Il est indispensable de prendre des mesures appropri\u00e9es pendant le dosage afin de maintenir une distance strat\u00e9gique par rapport \u00e0 une rencontre n\u00e9gative, car les cannabino\u00efdes sont dynamiques \u00e0 l'\u00e9chelle du milligramme (avec une portion typique de moins de 5 mg).<\/p>\n<p>Il est fortement recommand\u00e9 d'effectuer des tests de douleur lors de l'utilisation de ce m\u00e9dicament.<\/p>\n<h2>5F-ADB - R\u00e9silience et potentiel de d\u00e9pendance<\/h2>\n<p>Comme pour d'autres cannabino\u00efdes manipul\u00e9s, la prise \u00e0 long terme de 5F-AKB48 est une addiction tol\u00e9rable avec un potentiel d'abus \u00e9lev\u00e9, qui peut conduire \u00e0 une d\u00e9pendance psychologique chez certains patients. Si une personne arr\u00eate brusquement, les d\u00e9sirs et les effets du retrait peuvent se produire jusqu'\u00e0 ce que le bondage soit apparu.<\/p>\n<p>En cas d'utilisation prolong\u00e9e et transform\u00e9e, le 5F-AKB48 devient r\u00e9sistant \u00e0 des chocs importants. Les clients observent donc des portions de plus en plus grandes afin d'obtenir des r\u00e9sultats similaires. \u00c0 partir de l\u00e0, il faut environ 3 \u00e0 7 jours pour r\u00e9duire la r\u00e9sistance de moiti\u00e9 et 1 \u00e0 14 jours pour revenir \u00e0 la normale (sans utilisation suppl\u00e9mentaire). Le 5F-AKB48 conf\u00e8re une r\u00e9silience crois\u00e9e \u00e0 tous les cannabino\u00efdes, ce qui signifie qu'apr\u00e8s l'utilisation du 5F-AKB48, tous les cannabino\u00efdes ont une efficacit\u00e9 r\u00e9duite.<\/p>\n<p>Cliquez ici pour en savoir plus sur nos articles.<\/p>","protected":false},"excerpt":{"rendered":"<p>5f-adb kaufen Bestellen Sie 5f-adb online. (auch bekannt als 5F-MDMB-PINACA oder 5F-ADB-PINACA) ist ein technisch hergestelltes Cannabinoid der Indazol-3-carboxamid-Familie, das<\/p>","protected":false},"featured_media":10285,"comment_status":"open","ping_status":"closed","template":"","meta":{"_seopress_robots_primary_cat":"none","_seopress_titles_title":"5f-adb kaufen %%sep%% %%sitetitle%%","_seopress_titles_desc":"5f-adb kaufen - Bestellen Sie 5f-adb online. (auch bekannt als 5F-MDMB-PINACA oder 5F-ADB-PINACA) ist ein technisch hergestelltes","_seopress_robots_index":""},"product_brand":[],"product_cat":[140],"product_tag":[],"class_list":{"0":"post-9829","1":"product","2":"type-product","3":"status-publish","4":"has-post-thumbnail","6":"product_cat-forschungschemikalien","8":"first","9":"instock","10":"taxable","11":"shipping-taxable","12":"purchasable","13":"product-type-variable"},"_links":{"self":[{"href":"https:\/\/rc-chemlab.net\/fr\/wp-json\/wp\/v2\/product\/9829","targetHints":{"allow":["GET"]}}],"collection":[{"href":"https:\/\/rc-chemlab.net\/fr\/wp-json\/wp\/v2\/product"}],"about":[{"href":"https:\/\/rc-chemlab.net\/fr\/wp-json\/wp\/v2\/types\/product"}],"replies":[{"embeddable":true,"href":"https:\/\/rc-chemlab.net\/fr\/wp-json\/wp\/v2\/comments?post=9829"}],"version-history":[{"count":3,"href":"https:\/\/rc-chemlab.net\/fr\/wp-json\/wp\/v2\/product\/9829\/revisions"}],"predecessor-version":[{"id":10286,"href":"https:\/\/rc-chemlab.net\/fr\/wp-json\/wp\/v2\/product\/9829\/revisions\/10286"}],"wp:featuredmedia":[{"embeddable":true,"href":"https:\/\/rc-chemlab.net\/fr\/wp-json\/wp\/v2\/media\/10285"}],"wp:attachment":[{"href":"https:\/\/rc-chemlab.net\/fr\/wp-json\/wp\/v2\/media?parent=9829"}],"wp:term":[{"taxonomy":"product_brand","embeddable":true,"href":"https:\/\/rc-chemlab.net\/fr\/wp-json\/wp\/v2\/product_brand?post=9829"},{"taxonomy":"product_cat","embeddable":true,"href":"https:\/\/rc-chemlab.net\/fr\/wp-json\/wp\/v2\/product_cat?post=9829"},{"taxonomy":"product_tag","embeddable":true,"href":"https:\/\/rc-chemlab.net\/fr\/wp-json\/wp\/v2\/product_tag?post=9829"}],"curies":[{"name":"wp","href":"https:\/\/api.w.org\/{rel}","templated":true}]}}