{"id":9587,"date":"2023-06-11T15:10:31","date_gmt":"2023-06-11T15:10:31","guid":{"rendered":"https:\/\/rc-chemlab.net\/?post_type=product&#038;p=9587"},"modified":"2024-04-16T02:28:24","modified_gmt":"2024-04-16T02:28:24","slug":"1cp-lsd-kaufen","status":"publish","type":"product","link":"https:\/\/rc-chemlab.net\/fr\/product\/1cp-lsd-kaufen\/","title":{"rendered":"1cP-LSD 100MCG"},"content":{"rendered":"<h1><span class=\"___SText_mzmpq-ko_\" data-ui-name=\"Link.Text\">Acheter 1cP LSD<\/span><\/h1>\n<h2>Propri\u00e9t\u00e9s du 1cP-LSD<\/h2>\n<p>Synonyme : <a href=\"https:\/\/en.wikipedia.org\/wiki\/N1-Methyl-lysergic_acid_diethylamide\">N1-(cyclopropylm\u00e9thanoyl)-di\u00e9thylamide de l'acide lysergique<\/a><br \/>\nNum\u00e9ro CAS : sans objet<br \/>\nla formule : C24H29N3O2 - HCL<br \/>\nMasse mol\u00e9culaire : 391,515 g\/mol<br \/>\nPuret\u00e9 : ?98%<\/p>\n<h2>Mentions de danger<\/h2>\n<p>Le 1cP-LSD peut provoquer une irritation des voies respiratoires<br \/>\nLe 1cP-LSD peut provoquer une irritation des yeux<br \/>\nLe rejet de RC dans l'environnement est interdit.<\/p>\n<p>1cP-LSD EN CAS DE CONTACT AVEC LES YEUX : Rincer soigneusement les yeux \u00e0 l'eau pendant cinq minutes. Retirer les lentilles de contact si possible.<\/p>\n<p>1cP-LSD EN CAS DE CONTACT AVEC LA PEAU : Laver la peau \u00e0 l'eau et au savon.<\/p>\n<p>APR\u00c8S INHALATION DE 1cP-LSD : Transporter la personne concern\u00e9e \u00e0 l'air frais et la maintenir dans une position qui facilite la respiration.<\/p>\n<p>CES PRODUITS SONT UNIQUEMENT DESTIN\u00c9S \u00c0 LA RECHERCHE ET NON \u00c0 LA CONSOMMATION HUMAINE ! Pour plus d'informations, veuillez contacter <a href=\"https:\/\/rc-chemlab.net\/fr\/kontakt\/\">Nous contacter<\/a> sur.<\/p>","protected":false},"excerpt":{"rendered":"<p>1cP LSD kaufen 1cP-LSD Eigenschaften Synonym: N1-(Cyclopropylmethanoyl)-Lysergs\u00e4urediethylamid CAS-Nummer: entf\u00e4llt Formel: C24H29N3O2 &#8211; HCL Molekulare Masse: 391,515 g\/mol Reinheit: ?98% Gefahrenhinweise<\/p>","protected":false},"featured_media":10376,"comment_status":"open","ping_status":"closed","template":"","meta":{"_seopress_robots_primary_cat":"none","_seopress_titles_title":"1cP LSD kaufen %%sep%% %%sitetitle%%","_seopress_titles_desc":"1cP LSD kaufen - 1cP-LSD BEI KONTAKT MIT DEN AUGEN: Die Augen f\u00fcnf Minuten lang sorgf\u00e4ltig mit Wasser aussp\u00fclen. Kontaktlinsen nach M\u00f6glichkeit herausnehmen.","_seopress_robots_index":""},"product_brand":[],"product_cat":[141],"product_tag":[],"class_list":{"0":"post-9587","1":"product","2":"type-product","3":"status-publish","4":"has-post-thumbnail","6":"product_cat-blotter-kaufen","8":"first","9":"instock","10":"taxable","11":"shipping-taxable","12":"purchasable","13":"product-type-variable"},"_links":{"self":[{"href":"https:\/\/rc-chemlab.net\/fr\/wp-json\/wp\/v2\/product\/9587","targetHints":{"allow":["GET"]}}],"collection":[{"href":"https:\/\/rc-chemlab.net\/fr\/wp-json\/wp\/v2\/product"}],"about":[{"href":"https:\/\/rc-chemlab.net\/fr\/wp-json\/wp\/v2\/types\/product"}],"replies":[{"embeddable":true,"href":"https:\/\/rc-chemlab.net\/fr\/wp-json\/wp\/v2\/comments?post=9587"}],"version-history":[{"count":1,"href":"https:\/\/rc-chemlab.net\/fr\/wp-json\/wp\/v2\/product\/9587\/revisions"}],"predecessor-version":[{"id":9593,"href":"https:\/\/rc-chemlab.net\/fr\/wp-json\/wp\/v2\/product\/9587\/revisions\/9593"}],"wp:featuredmedia":[{"embeddable":true,"href":"https:\/\/rc-chemlab.net\/fr\/wp-json\/wp\/v2\/media\/10376"}],"wp:attachment":[{"href":"https:\/\/rc-chemlab.net\/fr\/wp-json\/wp\/v2\/media?parent=9587"}],"wp:term":[{"taxonomy":"product_brand","embeddable":true,"href":"https:\/\/rc-chemlab.net\/fr\/wp-json\/wp\/v2\/product_brand?post=9587"},{"taxonomy":"product_cat","embeddable":true,"href":"https:\/\/rc-chemlab.net\/fr\/wp-json\/wp\/v2\/product_cat?post=9587"},{"taxonomy":"product_tag","embeddable":true,"href":"https:\/\/rc-chemlab.net\/fr\/wp-json\/wp\/v2\/product_tag?post=9587"}],"curies":[{"name":"wp","href":"https:\/\/api.w.org\/{rel}","templated":true}]}}