{"id":68,"date":"2020-03-13T10:27:32","date_gmt":"2020-03-13T10:27:32","guid":{"rendered":"https:\/\/demo.creativethemes.com\/blocksy\/modern-shop\/?post_type=product&#038;p=68"},"modified":"2024-04-11T16:32:23","modified_gmt":"2024-04-11T16:32:23","slug":"2-methyl-ap-237-hcl","status":"publish","type":"product","link":"https:\/\/rc-chemlab.net\/fr\/product\/2-methyl-ap-237-hcl\/","title":{"rendered":"2-M\u00c9THYL-AP-237-HCL"},"content":{"rendered":"<h1>2-M\u00c9THYL-AP-237-HCL<\/h1>\n<p>Waar kan ik 2-METHYL-AP-237-HCL goedkoop kopen? Chemlab zoekt de beste innovatieve medicijnen. 2methyl-ap-237.hcl ist die Abk\u00fcrzung f\u00fcr <a href=\"https:\/\/en.wikipedia.org\/wiki\/2-Fluoromethamphetamine\">2-fluormethamfetamine<\/a>.<\/p>\n<p>Seit 2014 dient het product als designerdroge. Bezahle nie mehr zu viel f\u00fcr Designerdrogen. We kunnen altijd de beste prijs garanderen, weil we rechtstreeks bij de fabrikanten inkopen.<\/p>\n<p>Hochwertiger 2-METHYL-AP-237-HCL. Wees vorsichtig, wenn u Designerdrogen online kauft; Es gibt zahlreiche Online-Shops, die falsche oder schlechte Designerdrogen verkaufen.<\/p>\n<p>Je weet zeker dat de producten die je in Chemlab koopt van de hoogste kwaliteit zijn. Jede bestellte Designer-Droge, die Sie bei Chemlab Team kaufen, wird sicher und diskret bei Ihnen zu Hause geliefert!<\/p>\n<p>2-METHYL-AP-237-HCL, getestet im Labor<br \/>\nJe wilt er zeker van zijn dat de producten van hoge kwaliteit zijn als je op zoek bent nach designerdrogen. Alle unsere kreativen Medikamente sind in einer Vielzahl von Farben und Gr\u00f6\u00dfen erh\u00e4ltlich. Alle von uns entwickelten Arzneimittel sind von h\u00f6chster Qualit\u00e4t und werden st\u00e4ndig im Labor getestet.<\/p>\n<p>Discreet designer drugs bestellen: Designer drugs sind jetzt legal online zu kaufen!<\/p>\n<p>Het is van cruciaal belang om de juiste bron te gebruiken wanneer u designerdrogen kauft. Infolgedessen gibt es zahlreiche Websites, die nicht zuverl\u00e4ssig sind und gef\u00e4hrliche Waren versenden k\u00f6nnen.<\/p>\n<p>Daher empfehlen wir, dass Sie Ihre innovativen Medikamente beim Chemlab-Team bestellen.<\/p>\n<p>Chemlab heeft een groot klantenbestand en is al lange tijd marktleider in de verkoop van innovatieve designerdrugs. Neem f\u00fcr weitere Informationen Kontakt mit uns auf.<\/p>","protected":false},"excerpt":{"rendered":"<p>2-METHYL-AP-237-HCL Waar kan ik 2-METHYL-AP-237-HCL goedkoop kopen? Chemlab zoekt de beste innovatieve medicijnen. 2methyl-ap-237.hcl ist die Abk\u00fcrzung f\u00fcr 2-fluormethamfetamine. Seit<\/p>","protected":false},"featured_media":10249,"comment_status":"open","ping_status":"closed","template":"","meta":{"_seopress_robots_primary_cat":"none","_seopress_titles_title":"2-METHYL-AP-237-HCL %%sep%% %%sitetitle%%","_seopress_titles_desc":"Waar kan ik 2-METHYL-AP-237-HCL goedkoop kopen? Chemlab zoekt de beste innovatieve medicijnen. 2methyl-ap-237.hcl ist die Abk\u00fcrzung f\u00fcr 2-fluormethamfetamine.","_seopress_robots_index":""},"product_brand":[],"product_cat":[140],"product_tag":[],"class_list":{"0":"post-68","1":"product","2":"type-product","3":"status-publish","4":"has-post-thumbnail","6":"product_cat-forschungschemikalien","8":"first","9":"instock","10":"featured","11":"taxable","12":"shipping-taxable","13":"purchasable","14":"product-type-variable"},"_links":{"self":[{"href":"https:\/\/rc-chemlab.net\/fr\/wp-json\/wp\/v2\/product\/68","targetHints":{"allow":["GET"]}}],"collection":[{"href":"https:\/\/rc-chemlab.net\/fr\/wp-json\/wp\/v2\/product"}],"about":[{"href":"https:\/\/rc-chemlab.net\/fr\/wp-json\/wp\/v2\/types\/product"}],"replies":[{"embeddable":true,"href":"https:\/\/rc-chemlab.net\/fr\/wp-json\/wp\/v2\/comments?post=68"}],"version-history":[{"count":3,"href":"https:\/\/rc-chemlab.net\/fr\/wp-json\/wp\/v2\/product\/68\/revisions"}],"predecessor-version":[{"id":10251,"href":"https:\/\/rc-chemlab.net\/fr\/wp-json\/wp\/v2\/product\/68\/revisions\/10251"}],"wp:featuredmedia":[{"embeddable":true,"href":"https:\/\/rc-chemlab.net\/fr\/wp-json\/wp\/v2\/media\/10249"}],"wp:attachment":[{"href":"https:\/\/rc-chemlab.net\/fr\/wp-json\/wp\/v2\/media?parent=68"}],"wp:term":[{"taxonomy":"product_brand","embeddable":true,"href":"https:\/\/rc-chemlab.net\/fr\/wp-json\/wp\/v2\/product_brand?post=68"},{"taxonomy":"product_cat","embeddable":true,"href":"https:\/\/rc-chemlab.net\/fr\/wp-json\/wp\/v2\/product_cat?post=68"},{"taxonomy":"product_tag","embeddable":true,"href":"https:\/\/rc-chemlab.net\/fr\/wp-json\/wp\/v2\/product_tag?post=68"}],"curies":[{"name":"wp","href":"https:\/\/api.w.org\/{rel}","templated":true}]}}