{"id":66,"date":"2020-03-13T10:24:27","date_gmt":"2020-03-13T10:24:27","guid":{"rendered":"https:\/\/demo.creativethemes.com\/blocksy\/modern-shop\/?post_type=product&#038;p=66"},"modified":"2024-12-21T15:40:24","modified_gmt":"2024-12-21T15:40:24","slug":"3-cmc-kaufen","status":"publish","type":"product","link":"https:\/\/rc-chemlab.net\/fr\/product\/3-cmc-kaufen\/","title":{"rendered":"3 CMC"},"content":{"rendered":"<h1>Acheter 3-CMC<\/h1>\n<p>La mol\u00e9cule 3-MMC, \u00e9galement connue sous le nom de 3-m\u00e9thylm\u00e9thcathinone, appartient \u00e0 la classe des cathinones substitu\u00e9es. Les cathinones sont un sous-groupe des amph\u00e9tamines qui ont la structure de noyau d'amph\u00e9tamine d'un cycle ph\u00e9nyle li\u00e9 \u00e0 un groupe amino (NH2) par une cha\u00eene \u00e9thyle, et une substitution m\u00e9thyle suppl\u00e9mentaire sur R\u03b1.<\/p>\n<p>La 3MMC et les autres cathinones se distinguent par leur substitution c\u00e9tonique sur le carbone b\u00eata du squelette de l'amph\u00e9tamine, ce sont donc des \u03b2-c\u00e9to-amph\u00e9tamines. La 3MMC a deux substitutions m\u00e9thyles sur son squelette cathinone : une sur R3 du cycle ph\u00e9nyle et une autre sur le groupe azot\u00e9 RN. La 3MMC est similaire \u00e0 la m\u00e9ph\u00e9drone ; elle a la m\u00eame structure, sauf que le groupe m\u00e9thyle est plac\u00e9 sur R3 au lieu de R4.<\/p>\n<h2>3-CMC acheter Allemagne<\/h2>\n<p>La 3-MMC est vendue uniquement \u00e0 des fins de recherche et ne doit pas \u00eatre utilis\u00e9e \u00e0 d'autres fins telles que le diagnostic in vivo, dans les aliments, les m\u00e9dicaments, les dispositifs m\u00e9dicaux et\/ou les cosm\u00e9tiques destin\u00e9s aux humains ou aux animaux.<\/p>\n<p>Avant de passer commande, assurez-vous que vous \u00eates correctement \u00e9quip\u00e9 pour manipuler des produits chimiques de recherche et que votre lieu de travail est bien ventil\u00e9. Pour commander ce produit, vous devez \u00eatre \u00e2g\u00e9 d'au moins 18 ans.<\/p>\n<p>3-MMC est l\u00e9gal dans notre pays d'origine. Il est de votre responsabilit\u00e9 de comprendre et de respecter les lois en vigueur dans votre \u00e9tat, votre comt\u00e9, votre r\u00e9gion, votre \u00c9tat ou votre ville. Nous d\u00e9clinons toute responsabilit\u00e9 pour toute action ou cons\u00e9quence d\u00e9coulant de votre commande.<\/p>","protected":false},"excerpt":{"rendered":"<p>3-CMC kaufen Der Molek\u00fcl 3-MMC, auch bekannt als 3-Methylmethcathinon, geh\u00f6rt zur Klasse der substituierten Cathinone. Cathinone sind eine Untergruppe der<\/p>","protected":false},"featured_media":10257,"comment_status":"open","ping_status":"closed","template":"","meta":{"_seopress_robots_primary_cat":"none","_seopress_titles_title":"3 CMC Kaufen %%sep%% %%sitetitle%%","_seopress_titles_desc":"Der Molek\u00fcl 3-MMC, auch bekannt als 3-Methylmethcathinon, geh\u00f6rt zur Klasse der substituierten Cathinone.","_seopress_robots_index":""},"product_brand":[],"product_cat":[140],"product_tag":[],"class_list":{"0":"post-66","1":"product","2":"type-product","3":"status-publish","4":"has-post-thumbnail","6":"product_cat-forschungschemikalien","8":"first","9":"instock","10":"featured","11":"taxable","12":"shipping-taxable","13":"purchasable","14":"product-type-variable"},"_links":{"self":[{"href":"https:\/\/rc-chemlab.net\/fr\/wp-json\/wp\/v2\/product\/66","targetHints":{"allow":["GET"]}}],"collection":[{"href":"https:\/\/rc-chemlab.net\/fr\/wp-json\/wp\/v2\/product"}],"about":[{"href":"https:\/\/rc-chemlab.net\/fr\/wp-json\/wp\/v2\/types\/product"}],"replies":[{"embeddable":true,"href":"https:\/\/rc-chemlab.net\/fr\/wp-json\/wp\/v2\/comments?post=66"}],"version-history":[{"count":2,"href":"https:\/\/rc-chemlab.net\/fr\/wp-json\/wp\/v2\/product\/66\/revisions"}],"predecessor-version":[{"id":10258,"href":"https:\/\/rc-chemlab.net\/fr\/wp-json\/wp\/v2\/product\/66\/revisions\/10258"}],"wp:featuredmedia":[{"embeddable":true,"href":"https:\/\/rc-chemlab.net\/fr\/wp-json\/wp\/v2\/media\/10257"}],"wp:attachment":[{"href":"https:\/\/rc-chemlab.net\/fr\/wp-json\/wp\/v2\/media?parent=66"}],"wp:term":[{"taxonomy":"product_brand","embeddable":true,"href":"https:\/\/rc-chemlab.net\/fr\/wp-json\/wp\/v2\/product_brand?post=66"},{"taxonomy":"product_cat","embeddable":true,"href":"https:\/\/rc-chemlab.net\/fr\/wp-json\/wp\/v2\/product_cat?post=66"},{"taxonomy":"product_tag","embeddable":true,"href":"https:\/\/rc-chemlab.net\/fr\/wp-json\/wp\/v2\/product_tag?post=66"}],"curies":[{"name":"wp","href":"https:\/\/api.w.org\/{rel}","templated":true}]}}