{"id":64,"date":"2020-03-13T10:16:57","date_gmt":"2020-03-13T10:16:57","guid":{"rendered":"https:\/\/demo.creativethemes.com\/blocksy\/modern-shop\/?post_type=product&#038;p=64"},"modified":"2024-04-11T16:18:31","modified_gmt":"2024-04-11T16:18:31","slug":"2-fma-kaufen","status":"publish","type":"product","link":"https:\/\/rc-chemlab.net\/fr\/product\/2-fma-kaufen\/","title":{"rendered":"2-FMA"},"content":{"rendered":"<h1>2-FMA acheter<\/h1>\n<p>2-FMA, \u00e9galement <a href=\"https:\/\/en.wikipedia.org\/wiki\/2-Fluoromethamphetamine\">2-Fluorom\u00e9thamph\u00e9tamine<\/a> est un stimulant rare de la famille des m\u00e9thamph\u00e9tamines, qui est tr\u00e8s recherch\u00e9 par beaucoup et constitue une recherche tr\u00e8s int\u00e9ressante.<\/p>\n<p>Des \u00e9tudes montrent que le produit chimique de recherche 2-FMA agit \u00e0 la fois comme un lib\u00e9rateur de dopamine et de noradr\u00e9naline, bien qu'il n'ait pas \u00e9t\u00e9 officiellement \u00e9tudi\u00e9 au m\u00eame niveau que les amph\u00e9tamines traditionnelles. Cela montre qu'il augmente efficacement les niveaux de noradr\u00e9naline et de dopamine en se liant aux prot\u00e9ines de transport et en les bloquant partiellement, ce qui les \u00e9limine normalement de la fente synaptique. Par cons\u00e9quent, la dopamine et la noradr\u00e9naline peuvent s'accumuler, ce qui donne des r\u00e9sultats stimulants et euphoriques dans les \u00e9tudes chimiques.<\/p>\n<h2>Comment utiliser le 2-FMA ?<\/h2>\n<p>Achetez du 2-FMA en ligne dans la meilleure forme de poudre. Achetez du 2-FDCK en 50 grammes, 100 grammes, 150 grammes, 200 grammes et 250 grammes. Pour maximiser la dur\u00e9e de conservation de la poudre de 2-FDCK, conservez-la dans un endroit sec et frais. Il est pr\u00e9f\u00e9rable de la stocker dans un endroit sec et frais. Lorsque vous manipulez des produits chimiques de recherche en laboratoire, prenez les pr\u00e9cautions qui s'imposent, notamment en essuyant les surfaces et en portant des gants, un masque et des v\u00eatements de protection.<\/p>\n<h2>D\u00e9finition de 2-FMA<\/h2>\n<p>Le nom officiel du 2-FMA est la 2-fluorom\u00e9thamph\u00e9tamine, une substance rare de la classe des amph\u00e9tamines. Elle est apparent\u00e9e au 2-FA, au 3-FA et au 4-FMA et pr\u00e9sente des similitudes structurelles avec la m\u00e9thamph\u00e9tamine. Outre d'autres amph\u00e9tamines fluor\u00e9es comme le 2-FA et le 4-FA, le 2-FEA appara\u00eet \u00e9galement. Le 2-FMA est aujourd'hui de plus en plus populaire sur le march\u00e9 des produits chimiques de recherche, bien qu'il n'ait pas \u00e9t\u00e9 formellement \u00e9tudi\u00e9 au m\u00eame niveau que les amph\u00e9tamines traditionnelles depuis longtemps.<\/p>\n<h2>Informations de fond sur la chimie 2-FMA<\/h2>\n<p>La 2-fluorom\u00e9thamph\u00e9tamine est une mol\u00e9cule de la classe des amph\u00e9tamines qui est produite synth\u00e9tiquement. Les mol\u00e9cules de la classe des amph\u00e9tamines contiennent un groupe m\u00e9thyle li\u00e9 \u00e0 l'endamine RN du noyau de l'amph\u00e9tamine, ce qu'elles partagent avec la m\u00e9thamph\u00e9tamine. Le 2 FMA a un lien \u00e9troit avec la m\u00e9thamph\u00e9tamine et la 2-fluoroamph\u00e9tamine. On pense que le 2-FMA exerce ses propri\u00e9t\u00e9s stimulantes en agissant sur les r\u00e9cepteurs de la dopamine et de la noradr\u00e9naline. Il est fortement recommand\u00e9 d'appliquer des proc\u00e9dures de r\u00e9duction des risques lors de l'utilisation de cette substance, \u00e9tant donn\u00e9 que les r\u00e9sultats de la recherche sur le 2-FMA sont rares.<\/p>\n<h2>O\u00f9 acheter du 2-FMA ?<\/h2>\n<p>Sur le site de Chemlab, il est possible d'acheter du 2-FMA. Nous vendons le 2-FMA sous forme de poudre de qualit\u00e9 sup\u00e9rieure. Mais nous avons souvent d'autres formes de substances \u00e0 disposition. Contactez-nous pour savoir si nous avons en stock la forme de substance que vous pr\u00e9f\u00e9rez. Pour acheter du 2-FMA chez nous, vous devez \u00eatre \u00e2g\u00e9 d'au moins 18 ans.<\/p>","protected":false},"excerpt":{"rendered":"<p>2-FMA kaufen 2-FMA, auch 2-Fluormethamphetamin genannt, ist ein seltenes Stimulans der Methamphetamin-Familie, das von vielen sehr gesucht wird und eine<\/p>","protected":false},"featured_media":10244,"comment_status":"open","ping_status":"closed","template":"","meta":{"_seopress_robots_primary_cat":"none","_seopress_titles_title":"2-FMA kaufen %%sep%% %%sitetitle%%","_seopress_titles_desc":"2-FMA, auch 2-Fluormethamphetamin genannt, ist ein seltenes Stimulans der Methamphetamin-Familie, das von vielen sehr gesucht wird und eine sehr interessante Forschung ist.","_seopress_robots_index":""},"product_brand":[],"product_cat":[140],"product_tag":[],"class_list":{"0":"post-64","1":"product","2":"type-product","3":"status-publish","4":"has-post-thumbnail","6":"product_cat-forschungschemikalien","8":"first","9":"instock","10":"featured","11":"taxable","12":"shipping-taxable","13":"purchasable","14":"product-type-variable"},"_links":{"self":[{"href":"https:\/\/rc-chemlab.net\/fr\/wp-json\/wp\/v2\/product\/64","targetHints":{"allow":["GET"]}}],"collection":[{"href":"https:\/\/rc-chemlab.net\/fr\/wp-json\/wp\/v2\/product"}],"about":[{"href":"https:\/\/rc-chemlab.net\/fr\/wp-json\/wp\/v2\/types\/product"}],"replies":[{"embeddable":true,"href":"https:\/\/rc-chemlab.net\/fr\/wp-json\/wp\/v2\/comments?post=64"}],"version-history":[{"count":3,"href":"https:\/\/rc-chemlab.net\/fr\/wp-json\/wp\/v2\/product\/64\/revisions"}],"predecessor-version":[{"id":10245,"href":"https:\/\/rc-chemlab.net\/fr\/wp-json\/wp\/v2\/product\/64\/revisions\/10245"}],"wp:featuredmedia":[{"embeddable":true,"href":"https:\/\/rc-chemlab.net\/fr\/wp-json\/wp\/v2\/media\/10244"}],"wp:attachment":[{"href":"https:\/\/rc-chemlab.net\/fr\/wp-json\/wp\/v2\/media?parent=64"}],"wp:term":[{"taxonomy":"product_brand","embeddable":true,"href":"https:\/\/rc-chemlab.net\/fr\/wp-json\/wp\/v2\/product_brand?post=64"},{"taxonomy":"product_cat","embeddable":true,"href":"https:\/\/rc-chemlab.net\/fr\/wp-json\/wp\/v2\/product_cat?post=64"},{"taxonomy":"product_tag","embeddable":true,"href":"https:\/\/rc-chemlab.net\/fr\/wp-json\/wp\/v2\/product_tag?post=64"}],"curies":[{"name":"wp","href":"https:\/\/api.w.org\/{rel}","templated":true}]}}