{"id":57,"date":"2020-03-13T10:07:44","date_gmt":"2020-03-13T10:07:44","guid":{"rendered":"https:\/\/demo.creativethemes.com\/blocksy\/modern-shop\/?post_type=product&#038;p=57"},"modified":"2024-10-10T12:54:44","modified_gmt":"2024-10-10T12:54:44","slug":"2-fdck-kaufen-deutschland","status":"publish","type":"product","link":"https:\/\/rc-chemlab.net\/fr\/product\/2-fdck-kaufen-deutschland\/","title":{"rendered":"2-FDCK"},"content":{"rendered":"<h1><span class=\"___SText_v2vqb-ko_\" data-ui-name=\"Link.Text\">2-FDCK acheter Allemagne<\/span><\/h1>\n<p>Acheter 2-FDCK en Allemagne. Vous cherchez la meilleure offre de poudre de 2-FDCK ? Rc-Chemlab est le meilleur choix ! Notre 2-FDCK de qualit\u00e9 sup\u00e9rieure est toujours disponible et pr\u00eat \u00e0 \u00eatre exp\u00e9di\u00e9, ce qui vous permet d'obtenir rapidement les meilleures drogues de conception disponibles. De plus, avec nos options de paiement s\u00e9curis\u00e9es, vous pouvez \u00eatre s\u00fbr de recevoir votre produit au moment o\u00f9 vous en avez besoin. Achetez maintenant et \u00e9conomisez de l'argent !<\/p>\n<p>Nous travaillons depuis 7 ans dans le domaine des drogues de synth\u00e8se et nous pouvons toujours vous fournir des produits de premi\u00e8re qualit\u00e9. Tous nos produits sont s\u00fbrs \u00e0 des fins de recherche, car ils ont \u00e9t\u00e9 test\u00e9s en laboratoire.<\/p>\n<h3><span class=\"___SText_v2vqb-ko_\" data-ui-name=\"Link.Text\">2-FDCK acheter Allemagne<\/span><\/h3>\n<p>Il existe de nombreuses boutiques en ligne qui vendent des drogues de synth\u00e8se contrefaites ou de mauvaise qualit\u00e9, soyez donc prudent lorsque vous achetez des drogues de synth\u00e8se sur Internet. Vous pouvez \u00eatre s\u00fbr que les produits que vous achetez sont de premi\u00e8re qualit\u00e9 si vous vous adressez \u00e0 Chemlab. Commande discr\u00e8te de drogues pour designers.<\/p>\n<p>Bien entendu, il est important d'acheter des drogues de synth\u00e8se \u00e0 la bonne source. En raison du fait que de nombreux sites web ne sont pas fiables et envoient des produits potentiellement nocifs. C'est pourquoi nous vous recommandons de commander vos drogues de synth\u00e8se aupr\u00e8s de l'\u00e9quipe de Rc-Chemlab.<\/p>\n<p>Rc-Chemlab dispose d'une large client\u00e8le et est depuis des ann\u00e9es leader sur le march\u00e9 de la vente de drogues de conception de premi\u00e8re qualit\u00e9.<\/p>","protected":false},"excerpt":{"rendered":"<p>2-FDCK kaufen Deutschland 2-FDCK in Deutschland kaufen. Sie suchen nach dem besten 2-FDCK-Pulverangebot? Rc-Chemlab ist die beste Wahl! Unser hochwertiges<\/p>","protected":false},"featured_media":10240,"comment_status":"open","ping_status":"closed","template":"","meta":{"_seopress_robots_primary_cat":"none","_seopress_titles_title":"2-FDCK kaufen Deutschland %%sep%% %%sitetitle%%","_seopress_titles_desc":"2-FDCK in Deutschland kaufen. Sie suchen nach dem besten 2-FDCK-Pulverangebot? Rc-Chemlab ist die beste Wahl!","_seopress_robots_index":""},"product_brand":[],"product_cat":[140],"product_tag":[],"class_list":{"0":"post-57","1":"product","2":"type-product","3":"status-publish","4":"has-post-thumbnail","6":"product_cat-forschungschemikalien","8":"first","9":"instock","10":"featured","11":"taxable","12":"shipping-taxable","13":"purchasable","14":"product-type-variable"},"_links":{"self":[{"href":"https:\/\/rc-chemlab.net\/fr\/wp-json\/wp\/v2\/product\/57","targetHints":{"allow":["GET"]}}],"collection":[{"href":"https:\/\/rc-chemlab.net\/fr\/wp-json\/wp\/v2\/product"}],"about":[{"href":"https:\/\/rc-chemlab.net\/fr\/wp-json\/wp\/v2\/types\/product"}],"replies":[{"embeddable":true,"href":"https:\/\/rc-chemlab.net\/fr\/wp-json\/wp\/v2\/comments?post=57"}],"version-history":[{"count":3,"href":"https:\/\/rc-chemlab.net\/fr\/wp-json\/wp\/v2\/product\/57\/revisions"}],"predecessor-version":[{"id":1157,"href":"https:\/\/rc-chemlab.net\/fr\/wp-json\/wp\/v2\/product\/57\/revisions\/1157"}],"wp:featuredmedia":[{"embeddable":true,"href":"https:\/\/rc-chemlab.net\/fr\/wp-json\/wp\/v2\/media\/10240"}],"wp:attachment":[{"href":"https:\/\/rc-chemlab.net\/fr\/wp-json\/wp\/v2\/media?parent=57"}],"wp:term":[{"taxonomy":"product_brand","embeddable":true,"href":"https:\/\/rc-chemlab.net\/fr\/wp-json\/wp\/v2\/product_brand?post=57"},{"taxonomy":"product_cat","embeddable":true,"href":"https:\/\/rc-chemlab.net\/fr\/wp-json\/wp\/v2\/product_cat?post=57"},{"taxonomy":"product_tag","embeddable":true,"href":"https:\/\/rc-chemlab.net\/fr\/wp-json\/wp\/v2\/product_tag?post=57"}],"curies":[{"name":"wp","href":"https:\/\/api.w.org\/{rel}","templated":true}]}}