{"id":279,"date":"2020-03-18T15:35:09","date_gmt":"2020-03-18T15:35:09","guid":{"rendered":"https:\/\/demo.creativethemes.com\/blocksy\/modern-shop\/?post_type=product&#038;p=279"},"modified":"2024-04-12T20:55:47","modified_gmt":"2024-04-12T20:55:47","slug":"4f-mph-kaufen","status":"publish","type":"product","link":"https:\/\/rc-chemlab.net\/fr\/product\/4f-mph-kaufen\/","title":{"rendered":"4F-MPH"},"content":{"rendered":"<h1><span class=\"___SText_mzmpq-ko_\" data-ui-name=\"Link.Text\">Acheter 4F MPH<\/span><\/h1>\n<p>Vous voulez acheter 4F-MPH ? Alors vous \u00eates sur <a href=\"\/fr\/\">Rc-Chemlab<\/a> juste ce qu'il faut ! Tous les produits de Research Chemicals Nederland ont \u00e9t\u00e9 test\u00e9s en laboratoire et sont de la plus haute qualit\u00e9. Les commandes sont emball\u00e9es discr\u00e8tement et exp\u00e9di\u00e9es dans les 24 heures. En outre, vous avez la possibilit\u00e9 de payer en toute s\u00e9curit\u00e9 et rapidement par crypto-monnaie et par virement bancaire.<\/p>\n<h2>Qu'est-ce que le 4F-MPH ?<\/h2>\n<p>Le 4F-MPH est une substance stimulante qui appartient aux <a href=\"https:\/\/docplayer.org\/129150624-Institut-fuer-organische-katalyseforschung-an-der.html\">Classes d'\u00e9n\u00e9thylamine et de pip\u00e9ridine<\/a> des produits chimiques de recherche. La 4F-Ritaline, \u00e9galement connue sous le nom de 4F-MPH, est structurellement presque identique au m\u00e9thylph\u00e9nidate. La seule exception est un atome de fluor unique li\u00e9 \u00e0 la position quatre du noyau de la ph\u00e9n\u00e9thylamine. La similitude entre le m\u00e9thylph\u00e9nidate et le 4F-MPH est visible sur l'image du produit. Aux Pays-Bas, le m\u00e9thylph\u00e9nidate est prescrit entre autres contre le TDAH et la narcolepsie. Pour cette raison, le 4F-MPH est un substitut possible de la Ritaline.<\/p>\n<p>La 4F-Ritaline peut \u00eatre achet\u00e9e sans ordonnance, mais ses effets souhait\u00e9s sont tr\u00e8s similaires \u00e0 ceux de la Ritaline. Si l'on souhaite utiliser la substance une fois en laboratoire, cela permet d'\u00e9conomiser beaucoup de temps et d'efforts. Comme vous vous y attendez probablement, la 4F-Ritaline a des effets similaires \u00e0 ceux du m\u00e9thylph\u00e9nidate. Cependant, la 4F-MPH augmente la vigilance et la fatigue, mais pas l'\u00e9nergie. Malgr\u00e9 les similitudes entre les deux substances, la 4F-MPH ne devrait pas \u00eatre consomm\u00e9e. Vous souhaitez obtenir plus d'informations sur les effets du 4F-MPH ? Ensuite, vous devriez consulter Wikipedia ou Psychonaut Wiki.<\/p>\n<h2>O\u00f9 acheter 4F-MPH ?<\/h2>\n<p>RC-Chemlab est l'endroit id\u00e9al pour d\u00e9couvrir tous vos produits chimiques de recherche, y compris la 4F-MPH de la plus haute qualit\u00e9. Tous les produits chimiques de recherche sont exp\u00e9di\u00e9s par nos soins depuis les Pays-Bas, ce qui signifie que votre commande vous parviendra dans un d\u00e9lai de 1 \u00e0 2 jours ouvrables ! Les 4F-MPH sont disponibles sous forme de poudre, ce qui vous permet de choisir la forme qui convient le mieux \u00e0 votre exp\u00e9rience.<\/p>\n<h2>Acheter 4F-MPH \u00e0 bas prix<\/h2>\n<p>Vous voulez savoir si le Ritalin a l'effet souhait\u00e9 sur vous ? Alors commandez ici 4F-MPH et testez-le dans votre laboratoire. Veuillez noter : le 4F-MPH, comme d'autres produits chimiques de recherche, est uniquement destin\u00e9 \u00e0 la recherche et ne doit en aucun cas \u00eatre consomm\u00e9 par des personnes, des animaux ou d'autres \u00eatres vivants. Le 4F-MPH doit \u00eatre conserv\u00e9 dans un endroit sec et frais afin de garantir une dur\u00e9e de conservation maximale. Pour plus d'informations, veuillez prendre contact avec <a href=\"https:\/\/rc-chemlab.net\/fr\/kontakt\/\">Nous contacter<\/a> sur.<\/p>","protected":false},"excerpt":{"rendered":"<p>4F MPH kaufen Willst du 4F-MPH kaufen? Dann sind Sie bei Rc-Chemlab genau richtig! Alle Produkte von Research Chemicals Nederland<\/p>","protected":false},"featured_media":10272,"comment_status":"open","ping_status":"closed","template":"","meta":{"_seopress_robots_primary_cat":"none","_seopress_titles_title":"4F MPH kaufen %%sep%% %%sitetitle%%","_seopress_titles_desc":"Willst du 4F-MPH kaufen? Dann sind Sie bei Rc-Chemlab genau richtig! Alle Produkte von Research Chemicals Nederland wurden im Labor getestet und sind von h\u00f6chster Qualit\u00e4t.","_seopress_robots_index":""},"product_brand":[],"product_cat":[140],"product_tag":[],"class_list":{"0":"post-279","1":"product","2":"type-product","3":"status-publish","4":"has-post-thumbnail","6":"product_cat-forschungschemikalien","8":"first","9":"instock","10":"featured","11":"taxable","12":"shipping-taxable","13":"purchasable","14":"product-type-variable"},"_links":{"self":[{"href":"https:\/\/rc-chemlab.net\/fr\/wp-json\/wp\/v2\/product\/279","targetHints":{"allow":["GET"]}}],"collection":[{"href":"https:\/\/rc-chemlab.net\/fr\/wp-json\/wp\/v2\/product"}],"about":[{"href":"https:\/\/rc-chemlab.net\/fr\/wp-json\/wp\/v2\/types\/product"}],"replies":[{"embeddable":true,"href":"https:\/\/rc-chemlab.net\/fr\/wp-json\/wp\/v2\/comments?post=279"}],"version-history":[{"count":3,"href":"https:\/\/rc-chemlab.net\/fr\/wp-json\/wp\/v2\/product\/279\/revisions"}],"predecessor-version":[{"id":10273,"href":"https:\/\/rc-chemlab.net\/fr\/wp-json\/wp\/v2\/product\/279\/revisions\/10273"}],"wp:featuredmedia":[{"embeddable":true,"href":"https:\/\/rc-chemlab.net\/fr\/wp-json\/wp\/v2\/media\/10272"}],"wp:attachment":[{"href":"https:\/\/rc-chemlab.net\/fr\/wp-json\/wp\/v2\/media?parent=279"}],"wp:term":[{"taxonomy":"product_brand","embeddable":true,"href":"https:\/\/rc-chemlab.net\/fr\/wp-json\/wp\/v2\/product_brand?post=279"},{"taxonomy":"product_cat","embeddable":true,"href":"https:\/\/rc-chemlab.net\/fr\/wp-json\/wp\/v2\/product_cat?post=279"},{"taxonomy":"product_tag","embeddable":true,"href":"https:\/\/rc-chemlab.net\/fr\/wp-json\/wp\/v2\/product_tag?post=279"}],"curies":[{"name":"wp","href":"https:\/\/api.w.org\/{rel}","templated":true}]}}