{"id":170,"date":"2020-03-16T09:21:08","date_gmt":"2020-03-16T09:21:08","guid":{"rendered":"https:\/\/demo.creativethemes.com\/blocksy\/modern-shop\/?post_type=product&#038;p=170"},"modified":"2024-12-21T15:56:21","modified_gmt":"2024-12-21T15:56:21","slug":"clonazolam-kaufen","status":"publish","type":"product","link":"https:\/\/rc-chemlab.net\/fr\/product\/clonazolam-kaufen\/","title":{"rendered":"Poudre de clonazolam"},"content":{"rendered":"<h1>Acheter du clonazolam<\/h1>\n<p>La poudre de clonazolam appartient au groupe des <a href=\"https:\/\/www.gelbe-liste.de\/wirkstoffgruppen\/benzodiazepine\">Benzodiaz\u00e9pines<\/a> et est utilis\u00e9 dans de nombreuses situations \u00e0 des fins diverses chez l'homme. Il a \u00e9t\u00e9 synth\u00e9tis\u00e9 pour la premi\u00e8re fois en 1971 en tant que drogue de synth\u00e8se. Ces derni\u00e8res ann\u00e9es, ses propri\u00e9t\u00e9s uniques en ont fait l'une des drogues les plus utilis\u00e9es au monde. Aujourd'hui, il est utilis\u00e9 comme produit chimique de recherche et pour le traitement de diverses maladies.<\/p>\n<h2>Effets de la poudre de clonazolam<\/h2>\n<ul>\n<li>La poudre de clonazolam est \u00e9galement une drogue psychoactive appartenant \u00e0 la famille des benzodiaz\u00e9pines et agit de la m\u00eame mani\u00e8re que toutes ces prodrogues. Elle a un potentiel plus \u00e9lev\u00e9 que les autres prodrogues de la s\u00e9rie des benzodiaz\u00e9pines.<\/li>\n<li>Il agit \u00e9galement de la m\u00eame mani\u00e8re que tous les prom\u00e9dicaments, mais il agit plus rapidement que tous les prom\u00e9dicaments, non seulement de cette famille, mais aussi d'autres membres d'autres familles de prom\u00e9dicaments. Son action repose sur une influence directe sur le syst\u00e8me des neurotransmetteurs du cerveau humain.<\/li>\n<li>Une s\u00e9rie de substances chimiques sp\u00e9cifiques est ainsi stimul\u00e9e pour remplir la fonction en question. Il est \u00e9galement utilis\u00e9 pour d\u00e9tendre les muscles et assurer un bon sommeil.<\/li>\n<li>La poudre de clonazolam assure un sommeil correct pour le corps humain. Elle est utilis\u00e9e par presque tous les m\u00e9decins pour les patients qui souffrent d'insomnie. Les m\u00e9decins l'utilisent \u00e9galement lors d'interventions chirurgicales au cours desquelles ils souhaitent rendre le patient inconscient.<\/li>\n<li>Ce m\u00e9dicament aide \u00e9galement les m\u00e9decins \u00e0 tenir le patient \u00e0 l'\u00e9cart d'autres drogues. Il est \u00e9galement utilis\u00e9 pour \u00e9liminer l'alcool de l'ensemble du corps par diff\u00e9rents proc\u00e9d\u00e9s. Le clonazolam est un tr\u00e8s bon m\u00e9dicament, mais seulement s'il est utilis\u00e9 conform\u00e9ment aux besoins de l'organisme et comme prescrit.<\/li>\n<li>La poudre de clonazolam n'est pas bonne pour la sant\u00e9 humaine si elle est ing\u00e9r\u00e9e sur une longue p\u00e9riode. Elle peut causer de graves dommages \u00e0 la sant\u00e9 et affecter le syst\u00e8me neuronal du cerveau humain.<\/li>\n<\/ul>\n<p>Notre boutique en ligne propose du clonazolam \u00e0 des prix tr\u00e8s bas. Notre boutique propose \u00e9galement la livraison du produit dans des d\u00e9lais tr\u00e8s courts. Pour plus d'informations, contactez <a href=\"https:\/\/rc-chemlab.net\/fr\/kontakt\/\">nous<\/a>.<\/p>","protected":false},"excerpt":{"rendered":"<p>Clonazolam kaufen Clonazolam-Pulver geh\u00f6rt zur Gruppe der Benzodiazepine und wird in vielen Situationen f\u00fcr verschiedene Zwecke beim Menschen eingesetzt. Es<\/p>","protected":false},"featured_media":10296,"comment_status":"open","ping_status":"closed","template":"","meta":{"_seopress_robots_primary_cat":"none","_seopress_titles_title":"Clonazolam kaufen %%sep%% %%sitetitle%%","_seopress_titles_desc":"Clonazolam kaufen - Clonazolam-Pulver geh\u00f6rt zur Gruppe der Benzodiazepine und wird in vielen Situationen f\u00fcr verschiedene Zwecke beim Menschen eingesetzt.","_seopress_robots_index":""},"product_brand":[],"product_cat":[140],"product_tag":[],"class_list":{"0":"post-170","1":"product","2":"type-product","3":"status-publish","4":"has-post-thumbnail","6":"product_cat-forschungschemikalien","8":"first","9":"instock","10":"taxable","11":"shipping-taxable","12":"purchasable","13":"product-type-variable"},"_links":{"self":[{"href":"https:\/\/rc-chemlab.net\/fr\/wp-json\/wp\/v2\/product\/170","targetHints":{"allow":["GET"]}}],"collection":[{"href":"https:\/\/rc-chemlab.net\/fr\/wp-json\/wp\/v2\/product"}],"about":[{"href":"https:\/\/rc-chemlab.net\/fr\/wp-json\/wp\/v2\/types\/product"}],"replies":[{"embeddable":true,"href":"https:\/\/rc-chemlab.net\/fr\/wp-json\/wp\/v2\/comments?post=170"}],"version-history":[{"count":2,"href":"https:\/\/rc-chemlab.net\/fr\/wp-json\/wp\/v2\/product\/170\/revisions"}],"predecessor-version":[{"id":1244,"href":"https:\/\/rc-chemlab.net\/fr\/wp-json\/wp\/v2\/product\/170\/revisions\/1244"}],"wp:featuredmedia":[{"embeddable":true,"href":"https:\/\/rc-chemlab.net\/fr\/wp-json\/wp\/v2\/media\/10296"}],"wp:attachment":[{"href":"https:\/\/rc-chemlab.net\/fr\/wp-json\/wp\/v2\/media?parent=170"}],"wp:term":[{"taxonomy":"product_brand","embeddable":true,"href":"https:\/\/rc-chemlab.net\/fr\/wp-json\/wp\/v2\/product_brand?post=170"},{"taxonomy":"product_cat","embeddable":true,"href":"https:\/\/rc-chemlab.net\/fr\/wp-json\/wp\/v2\/product_cat?post=170"},{"taxonomy":"product_tag","embeddable":true,"href":"https:\/\/rc-chemlab.net\/fr\/wp-json\/wp\/v2\/product_tag?post=170"}],"curies":[{"name":"wp","href":"https:\/\/api.w.org\/{rel}","templated":true}]}}